{"id":678,"date":"2024-06-27T11:45:27","date_gmt":"2024-06-27T11:45:27","guid":{"rendered":"http:\/\/localhost\/wordpress\/?post_type=product&#038;p=678"},"modified":"2024-06-27T11:45:47","modified_gmt":"2024-06-27T11:45:47","slug":"quicseal-608-phu-gia-latex","status":"publish","type":"product","link":"http:\/\/www.chongthamtruongson.vn\/?product=quicseal-608-phu-gia-latex","title":{"rendered":"Quicseal 608 \u2013 Ph\u1ee5 gia Latex"},"content":{"rendered":"<p><strong>Chu\u1ea9n b\u1ecb m\u1eb7t b\u1eb1ng<\/strong><\/p>\n<ul>\n<li>B\u1ec1 m\u1eb7t ph\u1ea3i s\u1ea1ch v\u00e0 ch\u1eafc, kh\u00f4ng c\u00f3 b\u1ee5i v\u00e0 t\u1ea1p ch\u1ea5t. T\u1ea5t c\u1ea3 t\u1ea1p ch\u1ea5t, d\u1ea7u, m\u1ee1, s\u01a1n, s\u00e1p, ho\u1eb7c b\u1ea5t k\u1ec3 ch\u1ea5t n\u00e0o \u1ea3nh h\u01b0\u1edfng \u0111\u1ebfn \u0111\u1ed9 b\u00e1m dinh ph\u1ea3i lo\u1ea1i b\u1ecf.<\/li>\n<li>H\u1ee3p ch\u1ea5t th\u00e1o khu\u00f4n v\u00e0 \u0111\u00f3ng r\u1eafn n\u1ebfu kh\u00f4ng ph\u00f9 h\u1ee3p v\u1edbi b\u1ec1 m\u1eb7t ho\u00e0n thi\u1ec7n sau n\u00e0y th\u00ec ph\u1ea3i lo\u1ea1i b\u1ecf kh\u1ecfi b\u1ec1 m\u1eb7t b\u1eb1ng vi\u1ec7c s\u1eed d\u1ee5ng ch\u1ed5i th\u00e9p, \u0111\u1ee5c ho\u1eb7c d\u1ee5ng c\u1ee5 ph\u00f9 h\u1ee3p.<\/li>\n<li>L\u00e0m \u1ea9m b\u1ec1 m\u1eb7t nh\u01b0ng kh\u00f4ng \u0111\u1ecdng n\u01b0\u1edbc tr\u01b0\u1edbc khi c\u00e1n n\u1ec1n ho\u1eb7c t\u00f4 t\u01b0\u1eddng. cho nh\u1eefng b\u1ec1 m\u1eb7t b\u1ecdng r\u1ed7ng n\u1eb7ng v\u00e0 x\u1ed1p (nh\u01b0 l\u00e0 g\u1ea1ch nh\u1eb9 ho\u1eb7c t\u1ea5m \u0111\u00fac s\u1eb5n\u2026), x\u1eed l\u00fd b\u1ec1 m\u1eb7t v\u1edbi Quicseal 113 C tr\u01b0\u1edbc khi t\u00f4 tr\u00e1t.<\/li>\n<\/ul>\n<p><strong>Tr\u1ed9n Quicseal 608<\/strong><\/p>\n<p>Tr\u1ed9n\u00a0QUICSEAL 608 v\u00e0 \u0111\u1ed5 v\u00e0o th\u00f9ng s\u1ea1ch. Th\u00eam l\u01b0\u1ee3ng xi m\u0103ng c\u00e1t ph\u00f9 h\u1ee3p v\u00e0 tr\u1ed9n \u0111\u1ebfn khi h\u1ed7n h\u1ee3p \u0111\u1ed3ng nh\u1ea5t.<\/p>\n<p><strong>Thi c\u00f4ng Quicseal 608<\/strong><\/p>\n<p><em>V\u1eefa k\u1ebft d\u00ednh<\/em><\/p>\n<p>\u0110\u1ec3 c\u00e1n n\u1ec1n ho\u1eb7c tr\u00e1t t\u01b0\u1eddng tr\u00ean l\u1edbp m\u00e0ng ch\u1ed1ng th\u1ea5m, nh\u1eefng b\u1ec1 m\u1eb7t b\u00ea t\u00f4ng l\u00e1ng ho\u1eb7c b\u00ea t\u00f4ng \u0111\u00fac s\u1eb5n, l\u1edbp v\u1eefa k\u1ebft d\u00ednh n\u00ean \u0111\u01b0\u1ee3c s\u1eed d\u1ee5ng \u0111\u1ec3 t\u0103ng \u0111\u1ed9 b\u00e1m d\u00ednh v\u00e0o s\u00e0n ho\u1eb7c t\u01b0\u1eddng.<\/p>\n","protected":false},"excerpt":{"rendered":"<ul>\n<li>C\u1ea3i ti\u1ebfn kh\u1ea3 n\u0103ng ch\u1ed1ng n\u01b0\u1edbc v\u00e0 c\u1ea3i ti\u1ebfn ch\u1ea5t l\u01b0\u1ee3ng c\u1ee7a v\u1eefa \u0111\u1ec3 thi c\u00f4ng trong v\u00e0 ngo\u00e0i nh\u00e0;<\/li>\n<li>C\u1ea3i ti\u1ebfn c\u01b0\u1eddng \u0111\u1ed9 li\u00ean k\u1ebft v\u00e0 b\u00e1m d\u00ednh c\u1ee7a v\u1eefa;<\/li>\n<li>D\u00e1n g\u1ea1ch v\u00e0 \u0111\u00e1 t\u1ef1 nhi\u00ean v\u1edbi h\u1ec7 th\u1ed1ng ph\u00f9 h\u1ee3p;<\/li>\n<li>L\u1edbp k\u1ebft d\u00ednh cho v\u1eefa c\u00e1n n\u1ec1n, tr\u00e1t t\u01b0\u1eddng tr\u00ean b\u00ea t\u00f4ng, t\u1ea5m panel v\u00e0 m\u00e0ng ch\u1ed1ng th\u1ea5m;<\/li>\n<li>Ch\u1ea5t t\u1ea1o nh\u00e1m cho b\u00ea t\u00f4ng;<\/li>\n<li>K\u1ebft h\u1ee3p v\u1edbi v\u1eefa xi m\u0103ng c\u00e1t th\u00e0nh l\u1edbp ph\u1ee7 ho\u00e0n thi\u1ec7n.<\/li>\n<li>C\u1ea3i thi\u1ec7n c\u01b0\u1eddng \u0111\u1ed9 c\u1ee7a l\u1edbp tr\u00e1t m\u1ecfng;<\/li>\n<li>C\u1ea3i ti\u1ebfn c\u01b0\u1eddng \u0111\u1ed9 v\u00e0 t\u00ednh b\u1ec1n v\u1eefng c\u1ee7a v\u1eefa s\u1eeda ch\u1eefa.<\/li>\n<\/ul>\n","protected":false},"featured_media":679,"comment_status":"open","ping_status":"closed","template":"","meta":[],"product_cat":[70],"product_tag":[],"class_list":{"0":"post-678","1":"product","2":"type-product","3":"status-publish","4":"has-post-thumbnail","6":"product_cat-quicseal","8":"first","9":"instock","10":"shipping-taxable","11":"product-type-simple"},"_links":{"self":[{"href":"http:\/\/www.chongthamtruongson.vn\/index.php?rest_route=\/wp\/v2\/product\/678","targetHints":{"allow":["GET"]}}],"collection":[{"href":"http:\/\/www.chongthamtruongson.vn\/index.php?rest_route=\/wp\/v2\/product"}],"about":[{"href":"http:\/\/www.chongthamtruongson.vn\/index.php?rest_route=\/wp\/v2\/types\/product"}],"replies":[{"embeddable":true,"href":"http:\/\/www.chongthamtruongson.vn\/index.php?rest_route=%2Fwp%2Fv2%2Fcomments&post=678"}],"wp:featuredmedia":[{"embeddable":true,"href":"http:\/\/www.chongthamtruongson.vn\/index.php?rest_route=\/wp\/v2\/media\/679"}],"wp:attachment":[{"href":"http:\/\/www.chongthamtruongson.vn\/index.php?rest_route=%2Fwp%2Fv2%2Fmedia&parent=678"}],"wp:term":[{"taxonomy":"product_cat","embeddable":true,"href":"http:\/\/www.chongthamtruongson.vn\/index.php?rest_route=%2Fwp%2Fv2%2Fproduct_cat&post=678"},{"taxonomy":"product_tag","embeddable":true,"href":"http:\/\/www.chongthamtruongson.vn\/index.php?rest_route=%2Fwp%2Fv2%2Fproduct_tag&post=678"}],"curies":[{"name":"wp","href":"https:\/\/api.w.org\/{rel}","templated":true}]}}