{"id":675,"date":"2024-06-27T11:35:55","date_gmt":"2024-06-27T11:35:55","guid":{"rendered":"http:\/\/localhost\/wordpress\/?post_type=product&#038;p=675"},"modified":"2024-06-27T11:47:40","modified_gmt":"2024-06-27T11:47:40","slug":"quicseal-103","status":"publish","type":"product","link":"http:\/\/www.chongthamtruongson.vn\/?product=quicseal-103","title":{"rendered":"Quicseal 103"},"content":{"rendered":"<p><strong>\u1ee8ng d\u1ee5ng<\/strong><\/p>\n<p>D\u00f9ng ch\u1ed1ng th\u1ea5m cho:<\/p>\n<ul>\n<li>B\u00ea t\u00f4ng, kim lo\u1ea1i, g\u1ed7, m\u00e1i ng\u00f3i<\/li>\n<li>M\u00e1i d\u1ed1c v\u1edbi \u0111\u1ed9 d\u1ed1c \u0111\u1ee7 \u0111\u1ec3 n\u01b0\u1edbc d\u1ec5 d\u00e0ng ch\u1ea3y tho\u00e1t<\/li>\n<li>Che ph\u1ee7 c\u00e1c v\u1ebft r\u1ea1n v\u00e0 v\u1ebft n\u1ee9t c\u00f3 chi\u1ec1u r\u1ed9ng nh\u1ecf h\u01a1n 0,4 mm<\/li>\n<li>T\u01b0\u1eddng ngo\u00e0i (s\u1eeda ch\u1eefa th\u1ea5m)<\/li>\n<li>B\u1ea3o v\u1ec7 b\u00ea t\u00f4ng ch\u1ed1ng l\u1ea1i s\u1ef1 suy gi\u1ea3m t\u1eeb \u1ea3nh h\u01b0\u1edfng c\u1ee7a tia c\u1ef1c t\u00edm (UV)<\/li>\n<li>Khe l\u00fan s\u1eed d\u1ee5ng k\u1ebft h\u1ee3p v\u1edbi\u00a0<strong>Quicseal 209<\/strong><\/li>\n<\/ul>\n<p><strong>\u01afu \u0111i\u1ec3m<\/strong><\/p>\n<ul>\n<li>M\u1ed9t th\u00e0nh ph\u1ea7n, s\u1eb5n s\u00e0ng \u0111\u1ec3 s\u1eed d\u1ee5ng<\/li>\n<li>C\u00f3 th\u1ec3 thi c\u00f4ng b\u1eb1ng c\u1ecd, ru l\u00f4 ho\u1eb7c phun<\/li>\n<li>\u0110\u00e0n h\u1ed3i, c\u00f3 \u0111\u1eb7c t\u00ednh ph\u1ee5c h\u1ed3i tuy\u1ec7t v\u1eddi<\/li>\n<li>M\u00e0ng kh\u00f4ng m\u1ed1i n\u1ed1i<\/li>\n<li>C\u00f3 kh\u1ea3 n\u0103ng che ph\u1ee7 c\u00e1c v\u1ebft n\u1ee9t<\/li>\n<li>Th\u00edch h\u1ee3p cho c\u00e1c h\u1ea1ng m\u1ee5c ngo\u00e0i tr\u1eddi<\/li>\n<li>Kh\u1ea3 n\u0103ng che ph\u1ee7 t\u1ed1t, ch\u1eafn \u00e1nh s\u00e1ng<\/li>\n<\/ul>\n<p><strong>Chu\u1ea9n b\u1ecb b\u1ec1 m\u1eb7t thi c\u00f4ng<\/strong><\/p>\n<p>B\u1ec1 m\u1eb7t ph\u1ea3i \u0111\u01b0\u1ee3c v\u1ec7 sinh s\u1ea1ch v\u00e0 c\u1ee9ng ch\u1eafc, kh\u00f4ng b\u1ee5i v\u00e0 c\u00e1c ch\u1ea5t r\u01a1i r\u1edbt. V\u1eefa xi m\u0103ng, d\u1ea7u, m\u1ee1, ch\u1ea5t t\u00e1ch khu\u00f4n ho\u1eb7c b\u1ea5t k\u1ef3 ch\u1ea5t g\u00e2y \u00f4 nhi\u1ec5m ngo\u1ea1i lai m\u00e0 c\u00f3 th\u1ec3 c\u1ea3n tr\u1edf t\u00ednh b\u00e1m d\u00ednh ph\u1ea3i \u0111\u01b0\u1ee3c lo\u1ea1i b\u1ecf kh\u1ecfi b\u1ec1 m\u1eb7t b\u00ea t\u00f4ng b\u1eb1ng c\u00e1ch s\u1eed d\u1ee5ng b\u00e0n ch\u1ea3i s\u1eaft, b\u00e0n c\u00e0o s\u1eaft ho\u1eb7c c\u00e1c ph\u01b0\u01a1ng ti\u1ec7n kh\u00e1c. N\u01a1i r\u00eau, t\u1ea3o ho\u1eb7c n\u1ea5m m\u1ed1c c\u00f3 th\u1ec3 sinh ra, ti\u1ebfn h\u00e0nh x\u1eed l\u00fd b\u1eb1ng h\u00f3a ch\u1ea5t th\u00edch h\u1ee3p sau qu\u00e1 tr\u00ecnh l\u00e0m s\u1ea1ch ban \u0111\u1ea7u sau \u0111\u00f3 r\u1eeda s\u1ea1ch l\u1ea1i. L\u00e0m ph\u1eb3ng khu v\u1ef1c l\u1ed3i l\u00f5m v\u1edbi v\u1eefa kh\u00f4ng co ng\u00f3t Quicseal 510 ho\u1eb7c v\u1eefa s\u1eeda ch\u1eefa Quicseal th\u00edch h\u1ee3p.<\/p>\n<p>L\u1edbp ph\u1ee7 li\u00ean t\u1ee5c c\u1ee7a\u00a0<strong>Quicseal 103<\/strong>\u00a0l\u00e0 c\u1ea7n thi\u1ebft. V\u00ec v\u1eady, b\u1ec1 m\u1eb7t v\u1edbi b\u1ecdt kh\u00ed, r\u1ed7 kh\u00ed hay v\u1ebft n\u1ee9t l\u1edbn tr\u01b0\u1edbc ti\u00ean c\u1ea7n \u0111\u01b0\u1ee3c l\u1ea5p \u0111\u1ea7y v\u1edbi\u00a0<strong>Quicseal 516<\/strong>\u00a0Waterplug ho\u1eb7c\u00a0<strong>Quicseal 304<\/strong>\u00a0Epoxy Putty, (tham kh\u1ea3o t\u00e0i li\u1ec7u k\u1ef9 thu\u1eadt ri\u00eang bi\u1ec7t \u0111\u1ec3 bi\u1ebft th\u00eam chi ti\u1ebft).<\/p>\n<p>Khuy\u1ebfn c\u00e1o t\u1ea5t c\u1ea3 c\u00e1c g\u00f3c ph\u1ea3i \u0111\u01b0\u1ee3c bo g\u00f3c l\u01b0\u1ee3n v\u1edbi v\u1eefa xi m\u0103ng c\u00e1t \u0111\u1ec3 m\u00e0ng ch\u1ed1ng th\u1ea5m c\u00f3 th\u1ec3 qu\u00e9t l\u00ean v\u00e0 b\u00e1m d\u00ednh.<\/p>\n<p><strong><em>Tr\u00ean m\u00e1i nh\u00e0 b\u00ea t\u00f4ng c\u1ed1t th\u00e9p<\/em><\/strong><\/p>\n<p>Ph\u1ea3i \u0111\u1ea3m b\u1ea3o r\u1eb1ng n\u1ec1n kh\u00f4 ho\u00e0n to\u00e0n v\u00e0 c\u1ee9ng ch\u1eafc. N\u1ec1n m\u1edbi c\u00e1n ph\u1ea3i \u0111\u1ec3 kh\u00f4 28 ng\u00e0y \u0111\u1ec3 ph\u00e1t hi\u1ec7n \u0111\u01b0\u1ee3c c\u00e1c v\u1ebft n\u1ee9t co ng\u00f3t v\u00e0 n\u1ee9t do nhi\u1ec7t v\u00e0 \u0111\u01b0\u1ee3c x\u1eed l\u00fd tr\u01b0\u1edbc khi thi c\u00f4ng, n\u00ean c\u00f3 \u0111\u1ee7 \u0111\u1ed9 d\u1ed1c \u0111\u1ec3 n\u01b0\u1edbc ch\u1ea3y xu\u1ed1ng. Tr\u01b0\u1edbc khi thi c\u00f4ng v\u1edbi\u00a0<strong>Quicseal 103<\/strong>, qu\u00e9t l\u1edbp l\u00f3t v\u1edbi Quicseal 103 Primer. N\u01a1i c\u00f3 kh\u1ea3 n\u0103ng d\u1ecbch chuy\u1ec3n, d\u00e1n l\u01b0\u1edbi gia c\u1ed1 b\u00ean trong m\u00e0ng Quicseal. V\u1edbi khe l\u00fan, gia c\u1ed1\u00a0<strong>Quicseal 103\u00a0<\/strong>v\u1edbi\u00a0<strong>Quicseal 209<\/strong>\u00a0Expansion Strip.<\/p>\n<p><strong>L\u1edbp ph\u1ee7 hi\u1ec7n h\u1eefu<\/strong><\/p>\n<p>Tr\u01b0\u1eddng h\u1ee3p thi c\u00f4ng tr\u00ean l\u1edbp ph\u1ee7 hi\u1ec7n h\u1eefu, ph\u1ea3i \u0111\u1ea3m b\u1ea3o l\u1edbp ph\u1ee7 n\u00e0y c\u1ee9ng ch\u1eafc, ti\u1ebfn h\u00e0nh c\u00e1c th\u1eed nghi\u1ec7m \u0111\u1ec3 \u0111\u1ea3m b\u1ea3o t\u00ednh t\u01b0\u01a1ng th\u00edch v\u00e0 duy tr\u00ec \u0111\u1ed9 b\u00e1m d\u00ednh gi\u1eefa l\u1edbp d\u01b0\u1edbi v\u00e0 n\u1ec1n. \u0110\u1ec3 \u0111\u01b0\u1ee3c t\u01b0 v\u1ea5n th\u00eam, tham kh\u1ea3o \u00fd ki\u1ebfn \u0111\u1ea1i di\u1ec7n QUICSEAL t\u1ea1i ch\u1ed7.<\/p>\n<p><strong>Thi c\u00f4ng<\/strong><\/p>\n<p>Khu\u1ea5y tr\u01b0\u1edbc khi thi c\u00f4ng.<\/p>\n<p><strong><em>Tr\u00ean m\u00e1i nh\u00e0 b\u00ea t\u00f4ng c\u1ed1t th\u00e9p<\/em><\/strong><\/p>\n<p>S\u1ea3n ph\u1ea9m\u00a0c\u00f3 th\u1ec3 thi c\u00f4ng b\u1eb1ng ru l\u00f4, c\u1ecd ho\u1eb7c thi\u1ebft b\u1ecb phun. Thi c\u00f4ng l\u1edbp th\u1ee9 nh\u1ea5t\u00a0<em><strong>QUICSEAL 103<\/strong><\/em>\u00a0v\u00e0 trong khi m\u00e0ng c\u00f2n \u01b0\u1edbt, ngay l\u1eadp t\u1ee9c tr\u1ea3i l\u01b0\u1edbi gia c\u01b0\u1eddng. Thi c\u00f4ng l\u1edbp th\u1ee9 hai\u00a0<strong><em>QUICSEAL 103<\/em>\u00a0<\/strong>l\u00ean tr\u00ean l\u01b0\u1edbi gia c\u01b0\u1eddng v\u1edbi \u0111\u1ecbnh m\u1ee9c 0.55 kg\/m<sup>2<\/sup>\u00a0v\u00e0 l\u0103n l\u00ean tr\u00ean \u0111\u1ec3 \u0111\u1ea3m b\u1ea3o th\u1ea5m \u01b0\u1edbt t\u1ed1t gi\u1eefa l\u01b0\u1edbi v\u00e0\u00a0<em><strong>QUICSEAL 103<\/strong><\/em>. \u0110\u1ec3 l\u1edbp th\u1ee9 hai kh\u00f4 t\u1ed1i thi\u1ec3u 1-2 gi\u1edd tr\u01b0\u1edbc khi ti\u1ebfp t\u1ee5c l\u1edbp ph\u1ee7 ti\u1ebfp theo. Thi c\u00f4ng l\u1edbp th\u1ee9 ba\u00a0<em><strong>QUICSEAL 103<\/strong><\/em>\u00a0t\u1ea1i c\u00e1c g\u00f3c cho l\u1edbp cu\u1ed1i v\u00e0 \u0111\u1ec3 kh\u00f4.<\/p>\n<p><strong><em>Tr\u00ean b\u1ec1 m\u1eb7t t\u01b0\u1eddng<\/em><\/strong><\/p>\n<p>Thi c\u00f4ng 2 l\u1edbp Quicseal<strong>\u00a0<\/strong>103 t\u01b0\u01a1ng t\u1ef1 nh\u01b0 tr\u00ean, bao g\u1ed3m c\u1ea3 l\u01b0\u1edbi gia c\u01b0\u1eddng. V\u1edbi khe ch\u1edd l\u00fan, gia c\u1ed1 Quicseal<strong>\u00a0<\/strong>103<strong>\u00a0<\/strong>v\u1edbi QUICSEAL 209 Expansion Strip.<\/p>\n<p><strong>H\u1ea1n ch\u1ebf<\/strong><\/p>\n<p>Khuy\u1ebfn c\u00e1o kh\u00f4ng s\u1eed d\u1ee5ng<strong>\u00a0<\/strong>Quicseal 103\u00a0n\u01a1i \u0111\u1ecdng n\u01b0\u1edbc ho\u1eb7c\u00a0b\u1ecb ng\u1eadp trong n\u01b0\u1edbc li\u00ean t\u1ee5c. \u0110\u1ec3 \u0111\u01b0\u1ee3c t\u01b0 v\u1ea5n th\u00eam, tham v\u1ea5n \u00fd ki\u1ebfn \u0111\u1ea1i di\u1ec7n QUICSEAL t\u1ea1i ch\u1ed7.<\/p>\n<p><strong>\u0110\u00f3ng g\u00f3i\u00a0<\/strong><\/p>\n<p>K\u00edch c\u1ee1 \u0111\u00f3ng g\u00f3i: 5 kg\/th\u00f9ng v\u00e0 20 kg\/th\u00f9ng<\/p>\n<p>\u0110\u1ecbnh m\u1ee9c: 0.55 kg\/m<sup>2<\/sup>\/l\u1edbp<\/p>\n<p><strong>V\u1ec7 sinh<\/strong><\/p>\n<p>Do c\u01b0\u1eddng \u0111\u1ed9 b\u00e1m d\u00ednh cao c\u1ee7a s\u1ea3n ph\u1ea9m n\u00e0y ngay c\u1ea3 tr\u00ean kim lo\u1ea1i, n\u00ean r\u1eeda d\u1ee5ng c\u1ee5 b\u1eb1ng n\u01b0\u1edbc tr\u01b0\u1edbc khi s\u1ea3n ph\u1ea9m \u0111\u1eb7c l\u1ea1i. Sau khi \u0111\u1eb7c l\u1ea1i, ch\u1ec9 c\u00f3 c\u00e1ch duy nh\u1ea5t l\u00e0m s\u1ea1ch b\u1eb1ng ph\u01b0\u01a1ng ti\u1ec7n c\u01a1 kh\u00ed.<\/p>\n<p><strong>L\u01b0u kho<\/strong><\/p>\n<p>Th\u1eddi gian b\u1ea3o qu\u1ea3n\u00a0<strong>QUICSEAL 103<\/strong>\u00a0l\u00e0 12 th\u00e1ng khi ch\u01b0a m\u1edf n\u1eafp trong \u0111i\u1ec1u ki\u1ec7n tho\u00e1ng m\u00e1t v\u00e0 kh\u00f4 r\u00e1o.<\/p>\n<p><strong>L\u01b0u \u00fd quan tr\u1ecdng<\/strong><\/p>\n<p>C\u00e1c th\u00f4ng tin \u0111\u01b0a ra trong t\u00e0i li\u1ec7u n\u00e0y \u0111\u00e1ng tin c\u1eady v\u00e0 \u0111\u01b0\u1ee3c d\u1ef1a tr\u00ean d\u1eef li\u1ec7u k\u1ef9 thu\u1eadt c\u1ee7a QUICSEAL. Th\u00f4ng tin n\u00e0y ch\u1ec9 d\u00e0nh cho ng\u01b0\u1eddi c\u00f3 k\u1ef9 n\u0103ng k\u1ef9 thu\u1eadt v\u00e0 h\u1ecd t\u1ef1 l\u00e0m v\u00e0 t\u1ef1 ch\u1ecbu r\u1ee7i ro. Th\u00f4ng tin s\u1ea3n ph\u1ea9m trong t\u00e0i li\u1ec7u k\u1ef9 thu\u1eadt n\u00e0y ph\u00f9 h\u1ee3p v\u1edbi c\u00e1c khuy\u1ebfn ngh\u1ecb chi ti\u1ebft ti\u00eau chu\u1ea9n v\u00e0 th\u00f4ng s\u1ed1 k\u1ef9 thu\u1eadt cho vi\u1ec7c \u00e1p d\u1ee5ng s\u1ea3n ph\u1ea9m theo ng\u00e0y c\u00f4ng b\u1ed1 t\u00e0i li\u1ec7u. QUICSEAL kh\u00f4ng ch\u1ecbu tr\u00e1ch nhi\u1ec7m v\u1edbi v\u1edbi b\u1ea5t k\u1ef3 sai s\u00f3t n\u00e0o do tay ngh\u1ec1, k\u1ef9 thu\u1eadt, ki\u1ebfn tr\u00fac c\u1ee7a b\u1ea5t k\u1ef3 d\u1ef1 \u00e1n n\u00e0o. \u0110\u1ec3 \u0111\u1ea3m b\u1ea3o r\u1eb1ng b\u1ea1n \u0111ang s\u1eed d\u1ee5ng c\u00e1c th\u00f4ng tin m\u1edbi nh\u1ea5t v\u00e0 \u0111\u1ea7y \u0111\u1ee7 nh\u1ea5t h\u00e3y li\u00ean h\u1ec7 v\u1edbi Quicseal<\/p>\n","protected":false},"excerpt":{"rendered":"<p><strong>Quicseal 103<\/strong>\u00a0l\u00e0 m\u00e0ng\u00a0ch\u1ed1ng th\u1ea5m acrylic g\u1ed1c n\u01b0\u1edbc m\u1ed9t th\u00e0nh ph\u1ea7n, s\u1eb5n s\u00e0ng \u0111\u1ec3 s\u1eed d\u1ee5ng, thi c\u00f4ng d\u1ea1ng l\u1ecfng.\u00a0<strong>Quicseal 103<\/strong>\u00a0g\u1ed3m nh\u1ef1a polyme d\u1ebbo chuy\u00ean d\u1ee5ng, ch\u1ea5t \u0111\u1ed9n v\u00e0 c\u00e1c ch\u1ea5t ph\u1ee5 gia \u0111\u1ec3 cung c\u1ea5p kh\u1ea3 n\u0103ng ch\u1ed1ng tia c\u1ef1c t\u00edm tuy\u1ec7t v\u1eddi c\u0169ng nh\u01b0 cung c\u1ea5p l\u1edbp b\u1ea3o v\u1ec7, ch\u1ed1ng th\u1ea5m l\u00e2u d\u00e0i.<\/p>\n<p><strong>Quicseal 103<\/strong>\u00a0khi \u0111\u00f3ng r\u1eafn t\u1ea1o th\u00e0nh m\u00e0ng ch\u1ed1ng th\u1ea5m \u0111\u00e0n h\u1ed3i, dai, kh\u00f4ng m\u1ed1i n\u1ed1i, c\u00f3 \u0111\u1ed9 b\u00e1m d\u00ednh tuy\u1ec7t v\u1eddi v\u1edbi h\u1ea7u h\u1ebft c\u00e1c b\u1ec1 m\u1eb7t.<\/p>\n","protected":false},"featured_media":676,"comment_status":"open","ping_status":"closed","template":"","meta":[],"product_cat":[70],"product_tag":[],"class_list":{"0":"post-675","1":"product","2":"type-product","3":"status-publish","4":"has-post-thumbnail","6":"product_cat-quicseal","8":"first","9":"instock","10":"shipping-taxable","11":"product-type-simple"},"_links":{"self":[{"href":"http:\/\/www.chongthamtruongson.vn\/index.php?rest_route=\/wp\/v2\/product\/675","targetHints":{"allow":["GET"]}}],"collection":[{"href":"http:\/\/www.chongthamtruongson.vn\/index.php?rest_route=\/wp\/v2\/product"}],"about":[{"href":"http:\/\/www.chongthamtruongson.vn\/index.php?rest_route=\/wp\/v2\/types\/product"}],"replies":[{"embeddable":true,"href":"http:\/\/www.chongthamtruongson.vn\/index.php?rest_route=%2Fwp%2Fv2%2Fcomments&post=675"}],"wp:featuredmedia":[{"embeddable":true,"href":"http:\/\/www.chongthamtruongson.vn\/index.php?rest_route=\/wp\/v2\/media\/676"}],"wp:attachment":[{"href":"http:\/\/www.chongthamtruongson.vn\/index.php?rest_route=%2Fwp%2Fv2%2Fmedia&parent=675"}],"wp:term":[{"taxonomy":"product_cat","embeddable":true,"href":"http:\/\/www.chongthamtruongson.vn\/index.php?rest_route=%2Fwp%2Fv2%2Fproduct_cat&post=675"},{"taxonomy":"product_tag","embeddable":true,"href":"http:\/\/www.chongthamtruongson.vn\/index.php?rest_route=%2Fwp%2Fv2%2Fproduct_tag&post=675"}],"curies":[{"name":"wp","href":"https:\/\/api.w.org\/{rel}","templated":true}]}}