{"id":669,"date":"2024-06-26T17:16:23","date_gmt":"2024-06-26T17:16:23","guid":{"rendered":"http:\/\/localhost\/wordpress\/?post_type=product&#038;p=669"},"modified":"2024-06-26T17:16:23","modified_gmt":"2024-06-26T17:16:23","slug":"quicseal-165-pu-eco","status":"publish","type":"product","link":"http:\/\/www.chongthamtruongson.vn\/?product=quicseal-165-pu-eco","title":{"rendered":"Quicseal 165 PU-ECO"},"content":{"rendered":"<p><strong>\u1ee8ng d\u1ee5ng<\/strong><\/p>\n<p>D\u00f9ng cho c\u00e1c khu\u00a0 v\u1ef1c \u1ea9m \u01b0\u1edbt b\u00ean trong hay b\u00ean ngo\u00e0i c\u1ee7a c\u00e1c khu\u00a0 th\u01b0\u01a1ng m\u1ea1i hay khu d\u00e2n c\u01b0, ban c\u00f4ng, c\u00e1c khu v\u1ef1c kh\u00e1c s\u1ebd \u0111\u01b0\u1ee3c l\u00e1t g\u1ea1ch ho\u1eb7c c\u00f3 l\u1edbp b\u1ea3o v\u1ec7 khi l\u01b0u th\u00f4ng th\u00f4ng th\u01b0\u1eddng nh\u01b0:<\/p>\n<p><strong>\u00a0Ch\u1ed1ng th\u1ea5m m\u00e1i nh\u00e0<\/strong><br \/>\n&#8211; Ch\u1ed1ng th\u1ea5m ban\u00a0 c\u00f4ng v\u00e0 s\u00e2nth\u01b0\u1ee3ng<br \/>\n&#8211; Ch\u1ed1ng th\u1ea5m c\u00e1c khu v\u1ef1c \u1ea9m \u01b0\u1edbt (l\u1edbp d\u01b0\u1edbi) trong ph\u00f2ng t\u1eafm, ban c\u00f4ng, nh\u00e0 b\u1ebfp&#8230;<br \/>\n&#8211; Ch\u1ed1ng th\u1ea5m v\u00e0 b\u1ea3o v\u1ec7 c\u00e1c c\u00f4ng tr\u00ecnh b\u00ea t\u00f4ng nh\u01b0 d\u1ea7m c\u1ea7u, \u0111\u01b0\u1eddng h\u1ea7m\u2026<\/p>\n<p><strong>\u01afu \u0111i\u1ec3m<\/strong><br \/>\n&#8211; T\u1ea1o m\u00e0ng linh ho\u1ea1t<br \/>\n&#8211; Tu\u1ed5i th\u1ecd l\u00e2u d\u00e0i<br \/>\n&#8211; C\u00f3 th\u1ec3 l\u00e1t g\u1ea1ch l\u00ean tr\u00ean \u2013 \u0111\u1ed9 b\u00e1m d\u00ednh t\u1ed1t v\u1edbi keo d\u00e1n g\u1ea1ch QUICSEAL 600<br \/>\n&#8211; K\u1ebft d\u00ednh tuy\u1ec7t v\u1eddi v\u1edbi nhi\u1ec1u ch\u1ea5t li\u1ec7u c\u1ee7a n\u1ec1n,<br \/>\n&#8211; Kh\u00f4 nhanh<br \/>\n&#8211; Nh\u00f3m III M\u00e0ng theo ti\u00eau chu\u1ea9n AS\/NZS 4858 M\u00e0ng cho khu v\u1ef1c \u1ea9m \u01b0\u1edbt<\/p>\n<p><strong>Chu\u1ea9n b\u1ecb b\u1ec1 m\u1eb7t thi c\u00f4ng<\/strong><\/p>\n<p>&#8211; Chu\u1ea9n b\u1ecb b\u1ec1 m\u1eb7t c\u1ea9n th\u1eadn l\u00e0 \u0111i\u1ec1u c\u1ea7n thi\u1ebft cho ch\u1ea5t l\u01b0\u1ee3ng v\u00e0 \u0111\u1ed9 b\u1ec1n t\u1ed1i \u01b0u.<\/p>\n<p>&#8211; B\u1ec1 m\u1eb7t c\u1ea7n ph\u1ea3i s\u1ea1ch, kh\u00f4 v\u00e0 kh\u00f4ng b\u1ed9ng r\u1ed7ng, kh\u00f4ng c\u00f3 b\u1ea5t k\u1ef3 \u00f4 nhi\u1ec5m n\u00e0o c\u00f3 th\u1ec3 \u1ea3nh h\u01b0\u1edfng \u0111\u1ebfn \u0111\u1ed9 b\u00e1m d\u00ednh c\u1ee7a m\u00e0ng.<\/p>\n<p><strong>Thi c\u00f4ng<\/strong><\/p>\n<p><strong>QUICSEAL 165 PU-E<\/strong>\u00a0n\u00ean \u0111\u01b0\u1ee3c tr\u1ed9n k\u1ef9 \u0111\u1ec3 tr\u1ed9n \u0111\u1ed3ng \u0111\u1ec1u v\u00e0 \u0111\u1ea3m b\u1ea3o l\u1edbp ph\u1ee7 thi c\u00f4ng \u0111\u1ed3ng \u0111\u1ec1u theo t\u1ef7 l\u1ec7 \u0111\u01b0\u1ee3c khuy\u1ebfn ngh\u1ecb. Thi c\u00f4ng b\u1eb1ng b\u00e0n ch\u1ea3i ho\u1eb7c con l\u0103n.<\/p>\n<p>Th\u1eddi gian thi c\u00f4ng gi\u1eefa 2 l\u1ea7n l\u00e0 t\u1eeb 1 &#8211; 2 gi\u1edd gi\u1eefa l\u1edbp th\u1ee9 nh\u1ea5t v\u00e0 th\u1ee9 hai. Th\u1eddi gian kh\u00f4 tr\u00ean b\u1ec1 m\u1eb7t ph\u1eb3ng trong \u0111i\u1ec1u ki\u1ec7n ti\u00eau chu\u1ea9n l\u00e0 4 gi\u1edd. Th\u1eed n\u01b0\u1edbc sau thi c\u00f4ng 24h.<\/p>\n<p><strong>\u0110\u1ecbnh m\u1ee9c<\/strong><br \/>\nThay \u0111\u1ed5i theo \u0111\u1ed9 x\u1ed1p c\u1ee7a ch\u1ea5t n\u1ec1n. N\u00ean s\u1eed d\u1ee5ng hai l\u1edbp \u0111\u1ec3 \u0111\u1ea1t \u0111\u01b0\u1ee3c hi\u1ec7u su\u1ea5t t\u1ed1i \u01b0u.<\/p>\n<table border=\"0\" cellspacing=\"0\" cellpadding=\"0\">\n<tbody>\n<tr>\n<td>&nbsp;<\/p>\n<p><strong>V\u1ecb\u00a0<\/strong><strong>t<\/strong><strong>r<\/strong><strong>\u00ed<\/strong><\/td>\n<td>&nbsp;<\/p>\n<p><strong>S\u00e0<\/strong><strong>n<\/strong><\/td>\n<td>&nbsp;<\/p>\n<p><strong>T<\/strong><strong>\u01b0\u1eddng<\/strong><\/td>\n<\/tr>\n<tr>\n<td>&nbsp;<\/p>\n<p><strong>\u0110\u1ed9\u00a0d\u00e0y\u00a0khi\u00a0kh\u00f4<\/strong><\/td>\n<td>&nbsp;<\/p>\n<p align=\"center\">1mm<\/p>\n<\/td>\n<td>&nbsp;<\/p>\n<p>0.5mm<\/td>\n<\/tr>\n<tr>\n<td>&nbsp;<\/p>\n<p><strong>\u0110\u1ecbnh m\u1ee9c<\/strong><\/td>\n<td>&nbsp;<\/p>\n<p>1.2\u00a0kg\/ m2\/\u00a02\u00a0l\u1edbp<\/td>\n<td>&nbsp;<\/p>\n<p>0,7\u00a0kg\/ m2\/ \u00a02\u00a0l\u1edbp<\/p>\n<div><\/div>\n<\/td>\n<\/tr>\n<\/tbody>\n<\/table>\n<p>S\u1ea3n ph\u1ea9m l\u01b0u h\u00f3a ho\u00e0n to\u00e0n l\u00e0 3 ng\u00e0y sau khi thi c\u00f4ng \u1edf nhi\u1ec7t \u0111\u1ed9 23oC. Th\u1eddi gian kh\u00f4 s\u1ebd thay \u0111\u1ed5i t\u00f9y thu\u1ed9c v\u00e0o \u0111\u1ed9 \u1ea9m, nhi\u1ec7t \u0111\u1ed9 b\u1ec1 m\u1eb7t v\u00e0 \u0111\u1ed9 x\u1ed1p c\u1ee7a b\u1ec1 m\u1eb7t thi c\u00f4ng.<\/p>\n<p><strong>\u0110\u00f3ng g\u00f3i<\/strong><\/p>\n<p>20kg (kho\u00e0ng 15,5 l\u00edt).<\/p>\n<p><strong>V\u1ec7 sinh<\/strong><\/p>\n<p>R\u1eeda tay, b\u00e0n ch\u1ea3i, con l\u0103n b\u1eb1ng n\u01b0\u1edbc khi s\u1ea3n ph\u1ea9m v\u1eabn c\u00f2n m\u1edbi. \u0110\u1ed1i v\u1edbi v\u1eadt li\u1ec7u \u0111\u00e3 \u0111\u00f3ng r\u1eafn, h\u00e3y s\u1eed d\u1ee5ng nh\u1ef1a th\u00f4ng kho\u00e1ng.<\/p>\n<p><strong>Th\u1eddi h\u1ea1n s\u1eed d\u1ee5ng<\/strong><\/p>\n<p>12 th\u00e1ng khi \u0111\u01b0\u1ee3c b\u1ea3o qu\u1ea3n trong bao b\u00ec c\u00f2n nguy\u00ean ch\u01b0a m\u1edf \u1edf n\u01a1i kh\u00f4 r\u00e1o \u1edf 23oC.<\/p>\n<p><strong>S\u1ee9c kho\u1ebb &amp; An to\u00e0n<\/strong><\/p>\n<p>M\u1eb7c qu\u1ea7n \u00e1o b\u1ea3o h\u1ed9 khi thao t\u00e1c. B\u1ea5t k\u1ef3 ch\u1ea5t b\u1eafn v\u00e0o da ho\u1eb7c m\u1eaft c\u1ea7n \u0111\u01b0\u1ee3c r\u1eeda s\u1ea1ch b\u1eb1ng n\u01b0\u1edbc s\u1ea1ch. Trong tr\u01b0\u1eddng h\u1ee3p k\u00edch \u1ee9ng k\u00e9o d\u00e0i, h\u00e3y t\u00ecm \u0111\u1ebfn b\u00e1c s\u0129. Tham kh\u1ea3o MSDS \u0111\u1ec3 bi\u1ebft th\u00eam th\u00f4ng tin.<\/p>\n","protected":false},"excerpt":{"rendered":"<p><strong>Quicseal 165 PU-ECO<\/strong>\u00a0l\u00e0 m\u00e0ng ch\u1ed1ng th\u1ea5m thi c\u00f4ng d\u1ea1ng l\u1ecfng m\u1ed9t th\u00e0nh ph\u1ea7n g\u1ed1c polyurethane ph\u00e2n t\u00e1n trong n\u01b0\u1edbc, nh\u1eb1m mang l\u1ea1i s\u1ea3n ph\u1ea9m\u00a0 th\u00e2n thi\u1ec7n d\u1ec5 s\u1eed d\u1ee5ng v\u1edbi hi\u1ec7u su\u1ea5t ch\u1ed1ng th\u1ea5m cao v\u00e0 b\u1ec1n v\u1eefng.\u00a0<strong>Quicseal 165 PU-E\u00a0<\/strong>bao g\u1ed3m nh\u1ef1a polyme d\u1ebbo\u00a0 cao c\u1ea5p, ch\u1ea5t \u0111\u1ed9n v\u00e0 c\u00e1c ch\u1ea5t ph\u1ee5\u00a0 gia \u0111\u1ec3 cung c\u1ea5p kh\u1ea3 n\u0103ng ch\u1ed1ng tia c\u1ef1c t\u00edm tuy\u1ec7t v\u1eddi c\u0169ng nh\u01b0 cung c\u1ea5p l\u1edbp b\u1ea3o v\u1ec7, ch\u1ed1ng th\u1ea5m l\u00e2u d\u00e0i.<\/p>\n","protected":false},"featured_media":670,"comment_status":"open","ping_status":"closed","template":"","meta":[],"product_cat":[70],"product_tag":[],"class_list":{"0":"post-669","1":"product","2":"type-product","3":"status-publish","4":"has-post-thumbnail","6":"product_cat-quicseal","8":"first","9":"instock","10":"shipping-taxable","11":"product-type-simple"},"_links":{"self":[{"href":"http:\/\/www.chongthamtruongson.vn\/index.php?rest_route=\/wp\/v2\/product\/669","targetHints":{"allow":["GET"]}}],"collection":[{"href":"http:\/\/www.chongthamtruongson.vn\/index.php?rest_route=\/wp\/v2\/product"}],"about":[{"href":"http:\/\/www.chongthamtruongson.vn\/index.php?rest_route=\/wp\/v2\/types\/product"}],"replies":[{"embeddable":true,"href":"http:\/\/www.chongthamtruongson.vn\/index.php?rest_route=%2Fwp%2Fv2%2Fcomments&post=669"}],"wp:featuredmedia":[{"embeddable":true,"href":"http:\/\/www.chongthamtruongson.vn\/index.php?rest_route=\/wp\/v2\/media\/670"}],"wp:attachment":[{"href":"http:\/\/www.chongthamtruongson.vn\/index.php?rest_route=%2Fwp%2Fv2%2Fmedia&parent=669"}],"wp:term":[{"taxonomy":"product_cat","embeddable":true,"href":"http:\/\/www.chongthamtruongson.vn\/index.php?rest_route=%2Fwp%2Fv2%2Fproduct_cat&post=669"},{"taxonomy":"product_tag","embeddable":true,"href":"http:\/\/www.chongthamtruongson.vn\/index.php?rest_route=%2Fwp%2Fv2%2Fproduct_tag&post=669"}],"curies":[{"name":"wp","href":"https:\/\/api.w.org\/{rel}","templated":true}]}}