{"id":657,"date":"2024-06-26T17:01:56","date_gmt":"2024-06-26T17:01:56","guid":{"rendered":"http:\/\/localhost\/wordpress\/?post_type=product&#038;p=657"},"modified":"2024-06-26T17:01:56","modified_gmt":"2024-06-26T17:01:56","slug":"sikagrout-214-11-vua-rot","status":"publish","type":"product","link":"http:\/\/www.chongthamtruongson.vn\/?product=sikagrout-214-11-vua-rot","title":{"rendered":"SikaGrout\u00ae-214-11 | V\u1eefa R\u00f3t"},"content":{"rendered":"<h3>\u1ee8ng d\u1ee5ng<\/h3>\n<p>SikaGrout\u00ae-214-11 th\u00edch h\u1ee3p cho c\u00e1c c\u00f4ng vi\u1ec7c r\u00f3t v\u1eefa sau:<\/p>\n<ul>\n<li>B\u1ec7 m\u00f3ng m\u00e1y;<\/li>\n<li>N\u1ec1n \u0111\u01b0\u1eddng ray;<\/li>\n<li>C\u1ed9t trong c\u00e1c c\u1ea5u ki\u1ec7n \u0111\u00fac s\u1eb5n;<\/li>\n<li>C\u00e1c bu l\u00f4ng neo;<\/li>\n<li>G\u1ed1i c\u1ea7u;<\/li>\n<li>C\u00e1c l\u1ed7 h\u1ed5ng;<\/li>\n<li>C\u00e1c khe h\u1edf;<\/li>\n<li>C\u00e1c h\u1ed1c t\u01b0\u1eddng;<\/li>\n<li>N\u01a1i s\u1eeda ch\u1eefa c\u1ea7n c\u01b0\u1eddng \u0111\u1ed9 cao.<\/li>\n<\/ul>\n<h3>\u0110\u1eb7c \u0110i\u1ec3m<\/h3>\n<p>SikaGrout\u00ae-214-11 l\u00e0 lo\u1ea1i v\u1eefa r\u1ea5t kinh t\u1ebf v\u00e0 d\u1ec5 s\u1eed d\u1ee5ng. Nh\u1eefng \u01b0u \u0111i\u1ec3m kh\u00e1c nh\u01b0:<\/p>\n<ul>\n<li>\u0110\u1ed9 ch\u1ea3y l\u1ecfng tuy\u1ec7t h\u1ea3o;<\/li>\n<li>\u1ed4n \u0111\u1ecbnh k\u00edch th\u01b0\u1edbc t\u1ed1t;<\/li>\n<li>C\u01b0\u1eddng \u0111\u1ed9 cao, \u0111\u1ed9 s\u1ec7t c\u00f3 th\u1ec3 \u0111i\u1ec1u ch\u1ec9nh \u0111\u01b0\u1ee3c;<\/li>\n<li>Kh\u00f4ng t\u00e1ch n\u01b0\u1edbc;<\/li>\n<li>Kh\u00f4ng \u0111\u1ed9c h\u1ea1i, kh\u00f4ng g\u00e2y \u0103n m\u00f2n;<\/li>\n<li>S\u1eed d\u1ee5ng \u0111\u01b0\u1ee3c ngay ch\u1ec9 c\u1ea7n tr\u1ed9n v\u1edbi n\u01b0\u1edbc;<\/li>\n<li>Kh\u00e1ng va \u0111\u1eadp, rung \u0111\u1ed9ng;<\/li>\n<li>C\u00f3 th\u1ec3 b\u01a1m b\u1eb1ng m\u00e1y b\u01a1m\u00a0v\u1eefa th\u00edch h\u1ee3p.<\/li>\n<\/ul>\n<h3>Quy c\u00e1ch \u0111\u00f3ng g\u00f3i<\/h3>\n<p>25 kg\/bao<\/p>\n<h3>M\u00e0u s\u1eafc<\/h3>\n<p>B\u1ed9t\/X\u00e1m b\u00ea t\u00f4ng<\/p>\n<p>SikaGrout 214-11\u00a0\u0111\u01b0\u1ee3c ph\u00e2n ph\u1ed1i b\u1edfi C\u00f4ng ty Vela Vi\u1ec7t Nam.<\/p>\n<div><\/div>\n<p><strong>H\u01af\u1edaNG D\u1eaaN THI C\u00d4NG:<\/strong><\/p>\n<p>Thi c\u00f4ng r\u00f3t v\u1eefa Sikagrout 214-11:<\/p>\n<p>&#8211; R\u00f3t v\u1eefa sau khi tr\u1ed9n, ph\u1ea3i b\u1ea3o \u0111\u1ea3m kh\u00f4ng kh\u00ed b\u1ecb nh\u1ed1t trong v\u1eefa \u0111\u01b0\u1ee3c gi\u1ea3i tho\u00e1t h\u1ebft.<\/p>\n<p>&#8211; Khi r\u00f3t v\u1eefa v\u00e0o \u0111\u1ebf ph\u1ea3i duy tr\u00ec c\u1ed9t \u00e1p su\u1ea5t \u0111\u1ec3 gi\u1eef cho d\u00f2ng ch\u1ea3y c\u1ee7a v\u1eefa kh\u00f4ng b\u1ecb gi\u00e1n \u0111o\u1ea1n.<\/p>\n<p>&#8211; Ph\u1ea3i b\u1ea3o \u0111\u1ea3m v\u00e1n khu\u00f4n \u0111\u01b0\u1ee3c d\u1ef1ng ch\u1eafc ch\u1eafc v\u00e0 k\u00edn n\u01b0\u1edbc.<\/p>\n<p>&#8211; \u0110\u1ec3 \u0111\u1ea1t hi\u1ec7u qu\u1ea3 gi\u00e3n n\u1edf t\u1ed1i \u01b0u, thi c\u00f4ng v\u1eefa c\u00e0ng nhanh c\u00e0ng t\u1ed1t (t\u1ed1t nh\u1ea5t l\u00e0 trong v\u00f2ng 15 ph\u00fat sau khi tr\u1ed9n)<\/p>\n<p>&#8211; R\u00f3t v\u1eefa l\u1ecfng \u1edf c\u00e1c b\u1ec7 m\u00e1y:<\/p>\n<p>T\u01b0\u1edbi n\u01b0\u1edbc to\u00e0n b\u1ed9 nh\u01b0ng kh\u00f4ng \u0111\u1ec3 \u0111\u1ecdng n\u01b0\u1edbc tr\u00ean c\u00e1c l\u1ed7 bu l\u00f4ng.<\/p>\n<p>&#8211; N\u1ebfu c\u00f3 th\u1ec3, r\u00f3t v\u1eefa l\u1ecfng v\u00e0o c\u00e1c l\u1ed7 neo tr\u01b0\u1edbc, sau \u0111\u00f3 r\u00f3t v\u1eefa l\u1ecfng v\u00e0o \u0111\u1ebf v\u00e0 gi\u1eef cho d\u00f2ng v\u1eefa ch\u1ea3y li\u00ean t\u1ee5c.<\/p>\n<p>&#8211; R\u00f3t v\u1eefa l\u1ecfng v\u00e0o m\u1eb7t \u0111\u00e1y:<\/p>\n<p>&#8211; T\u01b0\u1edbi n\u01b0\u1edbc tr\u01b0\u1edbc kho\u1ea3ng 24 gi\u1edd, kh\u00f4ng \u0111\u1ec3 \u0111\u1ecdng n\u01b0\u1edbc.<\/p>\n<p>&#8211; Gi\u1eef \u00e1p su\u1ea5t th\u1ee7y l\u1ef1c kh\u00f4ng \u0111\u1ed5i \u0111\u1ec3 cho v\u1eefa ch\u1ea3y li\u00ean t\u1ee5c.<\/p>\n<p>&#8211; D\u00f9ng c\u00e1p ho\u1eb7c d\u00e2y x\u00edch \u0111\u1ec3 \u0111\u1ea3m b\u1ea3o c\u00e1c l\u1ed7 h\u1ed5ng \u0111\u01b0\u1ee3c l\u1eafp \u0111\u1ea7y.<\/p>\n<p>&#8211; Ph\u1ea3i \u0111\u1ea3m b\u1ea3o b\u1ecdt kh\u00ed tho\u00e1t ra h\u1ebft d\u1ec5 d\u00e0ng<\/p>\n<p>&#8211; R\u00f3t v\u1eefa l\u1ecfng v\u00e0o c\u00e1c h\u1ed1c l\u1edbn\/th\u1ec3 t\u00edch l\u1edbn:<\/p>\n<p>&#8211;\u00a0T\u00f9y thu\u1ed9c v\u00e0o th\u1ec3 t\u00edch c\u1ea7n \u0111\u01b0\u1ee3c l\u1ea5p v\u00e0 \u0111\u1ed9 d\u00e0y c\u1ee7a kho\u1ea3ng h\u1edf, c\u00f3 th\u1ec3 th\u00eam c\u1ed1t li\u1ec7u l\u1edbn v\u00ed d\u1ee5 nh\u01b0 4-8 mm, 8-16 mm, 16-32 mm v\u00e0o v\u1eefa l\u1ecfng Sikagrout 214-11 v\u1edbi t\u1ef7 l\u1ec7 50-100% kh\u1ed1i l\u01b0\u1ee3ng c\u1ee7a b\u1ed9t Sikagrout 214- 11.<\/p>\n<p>&#8211; C\u00e1c c\u1ed1t li\u1ec7u tr\u00f2n th\u00edch h\u1ee3p h\u01a1n c\u1ed1t li\u1ec7u d\u1eb9t.<\/p>\n<p>&#8211; Theo nguy\u00ean t\u1eafc ng\u00f3n tay, \u0111\u1ed9 d\u00e0i c\u1ee7a kho\u1ea3ng h\u1edf \u00edt nh\u1ea5t ph\u1ea3i g\u1ea5p 3 l\u1ea7n k\u00edch c\u1ee1 t\u1ed1i \u0111a c\u1ee7a c\u1ed1t li\u1ec7u.<\/p>\n<p>&#8211; Khi r\u00f3t v\u1eefa v\u00e0o c\u00e1c khu v\u1ef1c c\u00f3 \u0111\u1ed9 d\u00e0y l\u1edbn h\u01a1n 60 mm, vi\u1ec7c d\u00f9ng th\u00eam c\u1ed1t li\u1ec7u l\u1edbn ho\u1eb7c n\u01b0\u1edbc l\u1ea1nh s\u1ebd l\u00e0m gi\u1ea3m nhi\u1ec7t \u0111\u1ed9 ph\u00e1t sinh trong giai \u0111o\u1ea1n \u0111\u00f4ng c\u1ee9ng ban \u0111\u1ea7u.<\/p>\n<p>&#8211; C\u00e1c tr\u01b0\u1eddng h\u1ee3p neo \u0111\u1eb7c bi\u1ec7t (neo bu l\u00f4ng v\u00e1ch \u0111\u00e1 trong \u0111\u01b0\u1eddng h\u1ea7m).<\/p>\n<p>&#8211; Vui l\u00f2ng tham kh\u1ea3o th\u00eam c\u00e1c s\u1ea3n ph\u1ea9m v\u1eefa r\u00f3t v\u00e0 neo m\u00f3c s\u1eaft c\u1ee7a c\u00f4ng ty Sika<\/p>\n<p><u><strong>B\u1ea3o d\u01b0\u1ee1ng:<\/strong><\/u><\/p>\n<p>Gi\u1eef b\u1ec1 m\u1eb7t l\u1ed9 thi\u00ean c\u00f3 th\u1ec3 nh\u00ecn th\u1ea5y \u0111\u01b0\u1ee3c c\u00e0ng nh\u1ecf c\u00e0ng t\u1ed1t v\u00e0 b\u1ea3o v\u1ec7 v\u1eefa tr\u00e1nh m\u1ea5t h\u01a1i n\u01b0\u1edbc s\u1edbm b\u1eb1ng c\u00e1c bi\u1ec7n ph\u00e1p b\u1ea3o d\u01b0\u1ee1ng th\u00f4ng th\u01b0\u1eddng (gi\u1eef \u1ea9m, ph\u1ee7 bao b\u1ed1 \u01b0\u1edbt, d\u00f9ng h\u1ee3p ch\u1ea5t b\u1ea3o d\u01b0\u1ee1ng nh\u01b0 Antisol E)<\/p>\n<p><u><strong>V\u1ec7 sinh:<\/strong><\/u><\/p>\n<p>&#8211; R\u1eeda s\u1ea1ch c\u00e1c d\u1ee5ng c\u1ee5 v\u00e0 thi\u1ebft b\u1ecb ngay sau khi s\u1eed d\u1ee5ng.<\/p>\n<p>&#8211; V\u1eefa \u0111\u00e3 \u0111\u00f4ng c\u1ee9ng ch\u1ec9 c\u00f3 th\u1ec3 c\u1ea1o b\u1ecf b\u1eb1ng c\u00e1c bi\u1ec7n ph\u00e1p c\u01a1 h\u1ecdc.<\/p>\n<p><u><strong>L\u01b0u \u00fd quan tr\u1ecdng:<\/strong><\/u><\/p>\n<p>&#8211; Sikagrout 214-11 c\u00f3 g\u1ed1c xi m\u0103ng n\u00ean mang t\u00ednh ki\u1ec1m.<\/p>\n<p>&#8211; C\u1ea7n c\u1ea9n th\u1eadn h\u1ea1n ch\u1ebf t\u1ed1i thi\u1ec3u ti\u1ebfp x\u00fac tr\u1ef1c ti\u1ebfp v\u1edbi da.<\/p>\n<p>&#8211; N\u1ebfu s\u1ea3n ph\u1ea9m r\u01a1i v\u00e0o m\u1eaft, ph\u1ea3i r\u1eeda ngay l\u1eadp t\u1ee9c b\u1eb1ng n\u01b0\u1edbc s\u1ea1ch v\u00e0 \u0111\u1ebfn g\u1eb7p b\u00e1c s\u0129.<\/p>\n","protected":false},"excerpt":{"rendered":"<h2>V\u1eefa r\u00f3t g\u1ed1c xi m\u0103ng, b\u00f9 co ng\u00f3t, c\u00f3 th\u1ec3 b\u01a1m \u0111\u01b0\u1ee3c<\/h2>\n<p data-lines=\"3\" data-read-less=\"R\u00fat g\u1ecdn - \" data-read-more=\"\u0110\u1ecdc th\u00eam +\">SikaGrout\u00ae-214-11 l\u00e0 v\u1eefa r\u00f3t g\u1ed1c xi m\u0103ng b\u00f9 co ng\u00f3t, t\u1ef1 san b\u1eb1ng, tr\u1ed9n s\u1eb5n, v\u1edbi kh\u1ea3 n\u0103ng k\u00e9o d\u00e0i th\u1eddi gian thi c\u00f4ng \u0111\u1ec3 th\u00edch \u1ee9ng v\u1edbi nhi\u1ec7t \u0111\u1ed9 m\u00f4i tr\u01b0\u1eddng xung quanh.<\/p>\n<p>SikaGrout\u00ae-214-11 l\u00e0 lo\u1ea1i v\u1eefa r\u1ea5t kinh t\u1ebf v\u00e0 d\u1ec5 s\u1eed d\u1ee5ng. Nh\u1eefng \u01b0u \u0111i\u1ec3m kh\u00e1c nh\u01b0:<\/p>\n<ul>\n<li>\u0110\u1ed9 ch\u1ea3y l\u1ecfng tuy\u1ec7t h\u1ea3o;<\/li>\n<li>\u1ed4n \u0111\u1ecbnh k\u00edch th\u01b0\u1edbc t\u1ed1t;<\/li>\n<li>C\u01b0\u1eddng \u0111\u1ed9 cao, \u0111\u1ed9 s\u1ec7t c\u00f3 th\u1ec3 \u0111i\u1ec1u ch\u1ec9nh \u0111\u01b0\u1ee3c;<\/li>\n<\/ul>\n","protected":false},"featured_media":660,"comment_status":"open","ping_status":"closed","template":"","meta":[],"product_cat":[72],"product_tag":[],"class_list":{"0":"post-657","1":"product","2":"type-product","3":"status-publish","4":"has-post-thumbnail","6":"product_cat-sika","8":"first","9":"instock","10":"shipping-taxable","11":"product-type-simple"},"_links":{"self":[{"href":"http:\/\/www.chongthamtruongson.vn\/index.php?rest_route=\/wp\/v2\/product\/657","targetHints":{"allow":["GET"]}}],"collection":[{"href":"http:\/\/www.chongthamtruongson.vn\/index.php?rest_route=\/wp\/v2\/product"}],"about":[{"href":"http:\/\/www.chongthamtruongson.vn\/index.php?rest_route=\/wp\/v2\/types\/product"}],"replies":[{"embeddable":true,"href":"http:\/\/www.chongthamtruongson.vn\/index.php?rest_route=%2Fwp%2Fv2%2Fcomments&post=657"}],"wp:featuredmedia":[{"embeddable":true,"href":"http:\/\/www.chongthamtruongson.vn\/index.php?rest_route=\/wp\/v2\/media\/660"}],"wp:attachment":[{"href":"http:\/\/www.chongthamtruongson.vn\/index.php?rest_route=%2Fwp%2Fv2%2Fmedia&parent=657"}],"wp:term":[{"taxonomy":"product_cat","embeddable":true,"href":"http:\/\/www.chongthamtruongson.vn\/index.php?rest_route=%2Fwp%2Fv2%2Fproduct_cat&post=657"},{"taxonomy":"product_tag","embeddable":true,"href":"http:\/\/www.chongthamtruongson.vn\/index.php?rest_route=%2Fwp%2Fv2%2Fproduct_tag&post=657"}],"curies":[{"name":"wp","href":"https:\/\/api.w.org\/{rel}","templated":true}]}}