{"id":655,"date":"2024-06-26T16:58:57","date_gmt":"2024-06-26T16:58:57","guid":{"rendered":"http:\/\/localhost\/wordpress\/?post_type=product&#038;p=655"},"modified":"2024-06-26T16:58:58","modified_gmt":"2024-06-26T16:58:58","slug":"sikagrout-gp-vua-rot-m400","status":"publish","type":"product","link":"http:\/\/www.chongthamtruongson.vn\/?product=sikagrout-gp-vua-rot-m400","title":{"rendered":"SikaGrout\u00ae GP | V\u1eefa R\u00f3t M400"},"content":{"rendered":"<p><strong>\u01afU \u0110I\u1ec2M:\u00a0SIKAGROUT GP<\/strong><\/p>\n<ul>\n<li>\u00a0T\u00ednh \u1ed5n \u0111\u1ecbnh k\u00edch th\u01b0\u1edbc t\u1ed1t<\/li>\n<li>\u00a0C\u01b0\u1eddng \u0111\u1ed9 cao, \u0111\u1ecd s\u1ec7t co th\u1ec3 \u0111i\u1ec1u ch\u1ec9nh<\/li>\n<li>\u00a0Kh\u00f4ng t\u00e1ch n\u01b0\u1edbc<\/li>\n<li>\u00a0Kh\u00f4ng \u0111\u1ed9c h\u1ea1i, kh\u00f4ng b\u1ecb \u0103n m\u00f2n<\/li>\n<li>\u00a0\u0110\u00e3 \u0111\u01b0\u1ee3c tr\u1ed9n s\u1eb5n\u00a0\u0110\u1ed9 ch\u1ea3y l\u1ecfng tuy\u1ec7t h\u1ea3o ch\u1ec9 c\u1ea7n th\u00eam n\u01b0\u1edbc<\/li>\n<li>\u00a0Kh\u00e1ng va \u0111\u1eadp, rung \u0111\u1ed9ng<\/li>\n<\/ul>\n<p><strong>TH\u00d4NG S\u1ed0 K\u1ef8 THU\u1eacT:\u00a0\u00a0SIKAGROUT GP<\/strong><\/p>\n<p>Kh\u1ed1i l\u01b0\u1ee3ng th\u1ec3 t\u00edch\u00a0 ~ 1.60 kg\/l\u00edt (kh\u1ed1i l\u01b0\u1ee3ng \u0111\u1ed5 \u0111\u1ed1ng c\u1ee7a b\u1ed9t) ~ 2.20 kg\/l\u00edt (kh\u1ed1i l\u01b0\u1ee3ng th\u1ec3 t\u00edch c\u1ee7a v\u1eefa m\u1edbi tr\u1ed9n)M\u1eadt \u0111\u1ed9 ti\u00eau th\u1ee5:\u00a0\u00a0 M\u1ed9t bao cho kho\u1ea3ng 13.10 l\u00edt v\u1eefaC\u1ea7n kho\u1ea3ng 76 bao \u0111\u1ec3 t\u1ea1o 1m3 v\u1eefaNhi\u1ec7t \u0111\u1ed9 thi c\u00f4ng:\u00a0\u00a0\u00a0 T\u1ed1i thi\u1ec3u\u00a0\u00a0 10\u02daC &#8211; T\u1ed1i \u0111a\u00a0\u00a0 40\u02daCL\u1ed7 h\u1ed5ng t\u1ed1i thi\u1ec3u\u00a0 SikaGrrout GP:\u00a0\u00a0 10 mm<sup>2<\/sup><\/p>\n<p><strong>T\u1ef6 L\u1ec6 TR\u1ed8N:\u00a0\u00a0SIKAGROUT GP<\/strong><\/p>\n<p>Sikagrout GP : N\u01b0\u1edbc = 1: 0.15 (theo kh\u1ed1i l\u01b0\u1ee3ng)(\u0110\u1ed9 s\u1ec7t c\u00f3 th\u1ec3 ch\u1ea3y \u0111\u01b0\u1ee3c) ~ 3.75 l\u00edt n\u01b0\u1edbc s\u1ea1ch cho m\u1ed9t bao 25 kg<br \/>\n<strong>H\u01af\u1edaNG D\u1eaaN THI C\u00d4NG:\u00a0\u00a0SIKAGROUT GP<\/strong><\/p>\n<p>&#8211; B\u1ec1 m\u1eb7t b\u00ea t\u00f4ng ph\u1ea3i s\u1ea1ch, \u0111\u1eb7c ch\u1eafc, kh\u00f4ng d\u00ednh d\u1ea7u m\u1ee1 v\u00e0 c\u00e1c t\u1ea1p ch\u1ea5t kh\u00e1c<br \/>\n&#8211; C\u00e1c b\u1ec1 m\u1eb7t b\u1eb1ng kim lo\u1ea1i (s\u1eaft v\u00e0 th\u00e9p) ph\u1ea3i kh\u00f4ng c\u00f3 v\u1ea3y, r\u1ec9 s\u00e9t ho\u1eb7c d\u1ea7u m\u1ee1.<br \/>\n&#8211; C\u00e1c b\u1ec1 m\u1eb7t h\u00fat n\u01b0\u1edbc ph\u1ea3i \u0111\u01b0\u1ee3c b\u00e3o h\u00f2a ho\u00e0n to\u00e0n, nh\u01b0ng kh\u00f4ng \u0111\u1ec3 \u0111\u1ecdng n\u01b0\u1edbc.<br \/>\n&#8211; Tr\u1ed9n:<\/p>\n<p>+ B\u1ed9t \u0111\u01b0\u1ee3c th\u00eam t\u1eeb t\u1eeb v\u00e0o n\u01b0\u1edbc \u0111\u00e3 \u0111\u01b0\u1ee3c \u0111\u1ecbnh l\u01b0\u1ee3ng tr\u01b0\u1edbc sao cho th\u00edch h\u1ee3p v\u1edbi \u0111\u1ed9 s\u1ec7t mong mu\u1ed1n. Tr\u1ed9n b\u1eb1ng m\u00e1y tr\u1ed9n c\u00f3 c\u1ea7n tr\u1ed9n v\u1edbi t\u1ed1c \u0111\u1ed9 th\u1ea5p (t\u1ed1i \u0111a 500 v\u00f2ng\/ph\u00fat) \u00edt nh\u1ea5t 3 ph\u00fat cho \u0111\u1ebfn khi \u0111\u1ea1t \u0111\u01b0\u1ee3c \u0111\u1ed9 s\u1ec7t m\u1ecbn.<br \/>\n+ C\u00f3 th\u1ec3 s\u1eed d\u1ee5ng thi\u1ebft b\u1ecb tr\u1ed9n 2 c\u1ea7n lo\u1ea1i m\u00e1y tr\u1ed9n c\u01b0\u1ee1ng b\u1ee9c.<\/p>\n<p>&nbsp;<\/p>\n<p><strong><u>Thi c\u00f4ng:<\/u><\/strong><br \/>\n&#8211; R\u00f3t v\u1eefa sau khi tr\u1ed9n:<br \/>\nPh\u1ea3i b\u1ea3o \u0111\u1ea3m kh\u00f4ng kh\u00ed b\u1ecb nh\u1ed1t trong v\u1eefa \u0111\u01b0\u1ee3c gi\u1ea3i tho\u00e1t h\u1ebft.<\/p>\n<p>Khi r\u00f3t v\u1eefa v\u00e0o \u0111\u1ebf ph\u1ea3i duy tr\u00ec c\u1ed9t \u00e1p su\u1ea5t \u0111\u1ec3 gi\u1eef cho d\u00f2ng ch\u1ea3y c\u1ee7a v\u1eefa kh\u00f4ng b\u1ecb gi\u00e1n \u0111o\u1ea1n. Ph\u1ea3i b\u1ea3o \u0111\u1ea3m v\u00e1n khu\u00f4n \u0111\u01b0\u1ee3c d\u1ef1ng ch\u1eafc ch\u1eafc v\u00e0 k\u00edn n\u01b0\u1edbc.<\/p>\n<p>\u0110\u1ec3 \u0111\u1ea1t hi\u1ec7u qu\u1ea3 gi\u00e3n n\u1edf t\u1ed1i \u01b0u, thi c\u00f4ng v\u1eefa c\u00e0ng nhanh c\u00e0ng t\u1ed1t (t\u1ed1t nh\u1ea5t l\u00e0 trong v\u00f2ng 15 ph\u00fat sau khi tr\u1ed9n)<br \/>\n&#8211; R\u00f3t v\u1eefa l\u1ecfng \u1edf c\u00e1c b\u1ec7 m\u00e1y:<\/p>\n<p>T\u01b0\u1edbi n\u01b0\u1edbc to\u00e0n b\u1ed9 nh\u01b0ng kh\u00f4ng \u0111\u1ec3 \u0111\u1ecdng n\u01b0\u1edbc tr\u00ean c\u00e1c l\u1ed7 bu l\u00f4ng. N\u1ebfu c\u00f3 th\u1ec3, r\u00f3t v\u1eefa l\u1ecfng v\u00e0o c\u00e1c l\u1ed7 leo tr\u01b0\u1edbc, sau \u0111\u00f3 r\u00f3t v\u1eefa l\u1ecfng v\u00e0o \u0111\u1ebf. Gi\u1eef cho d\u00f2ng v\u1eefa ch\u1ea3y li\u00ean t\u1ee5c.<br \/>\n&#8211; R\u00f3t v\u1eefa l\u1ecfng v\u00e0o m\u1eb7t \u0111\u00e1y:<\/p>\n<p>T\u01b0\u1edbi n\u01b0\u1edbc tr\u01b0\u1edbc kho\u1ea3ng 24 gi\u1edd, kh\u00f4ng \u0111\u1ec3 \u0111\u1ecdng n\u01b0\u1edbc. Gi\u1eef \u00e1p su\u1ea5t th\u1ee7y l\u1ef1c kh\u00f4ng \u0111\u1ed5i \u0111\u1ec3 cho v\u1eefa ch\u1ea3y li\u00ean t\u1ee5c. D\u00f9ng c\u00e1p ho\u1eb7c d\u00e2y x\u00edch \u0111\u1ec3 \u0111\u1ea3m b\u1ea3o c\u00e1c l\u1ed7 h\u1ed5ng \u0111\u01b0\u1ee3c l\u1eafp \u0111\u1ea7y. Ph\u1ea3i \u0111\u1ea3m b\u1ea3o b\u1ecdt kh\u00ed tho\u00e1t ra h\u1ebft d\u1ec5 d\u00e0ng<br \/>\n&#8211; R\u00f3t v\u1eefa l\u1ecfng v\u00e0o c\u00e1c h\u1ed1c l\u1edbn\/th\u1ec3 t\u00edch l\u1edbn:<\/p>\n<p>T\u00f9y thu\u1ed9c v\u00e0o th\u1ec3 t\u00edch c\u1ea7n l\u1ea5p v\u00e0 \u0111\u1ed9 d\u00e0y c\u1ee7a kho\u1ea3ng h\u1edf, c\u00f3 th\u1ec3 th\u00eam c\u1ed1t li\u1ec7u l\u1edbn v\u00e0o v\u1eefa l\u1ecfng SikaGrout GP v\u1edbi t\u1ef7 l\u1ec7 50-100% kh\u1ed1i l\u01b0\u1ee3ng c\u1ee7a b\u1ed9t SikaGrout GP. C\u00e1c c\u1ed1t li\u1ec7u tr\u00f2n th\u00edch h\u1ee3p h\u01a1n c\u1ed1t li\u1ec7u d\u1eb9t.<\/p>\n<p>Khi r\u00f3t v\u1eefa v\u00e0o c\u00e1c khu v\u1ef1c c\u00f3 \u0111\u1ed9 d\u00e0y l\u1edbn h\u01a1n 60mm, vi\u1ec7c d\u00f9ng th\u00eam c\u1ed1t li\u1ec7u l\u1edbn ho\u1eb7c n\u01b0\u1edbc l\u1ea1nh s\u1ebd l\u00e0m gi\u1ea3m nhi\u1ec7t \u0111\u1ed9 ph\u00e1t sinh trong giai \u0111o\u1ea1n \u0111\u00f4ng c\u1ee9ng ban \u0111\u1ea7u.<\/p>\n<p>C\u00e1c tr\u01b0\u1eddng h\u1ee3p neo \u0111\u1eb7c bi\u1ec7t (neo bu l\u00f4ng v\u00e1ch \u0111\u00e1 trong \u0111\u01b0\u1eddng h\u1ea7m). Vui l\u00f2ng t\u01b0 v\u1ea5n v\u1edbi sika \u0111\u1ec3 c\u00f3 th\u00eam th\u00f4ng tin v\u1ec1 c\u00e1c s\u1ea3n ph\u1ea9m neo bu l\u00f4ng v\u00e0 v\u1eefa r\u00f3t.<\/p>\n<p><strong><u>B\u1ea3o d\u01b0\u1ee1ng:\u00a0<\/u><\/strong><br \/>\nGi\u1eef b\u1ec1 m\u1eb7t l\u1ed9 thi\u00ean c\u00f3 th\u1ec3 nh\u00ecn th\u1ea5y \u0111\u01b0\u1ee3c c\u00e0ng nh\u1ecf c\u00e0ng t\u1ed1t v\u00e0 b\u1ea3o v\u1ec7 v\u1eefa tr\u00e1nh m\u1ea5t h\u01a1i n\u01b0\u1edbc s\u1edbm b\u1eb1ng c\u00e1c bi\u1ec7n ph\u00e1p b\u1ea3o d\u01b0\u1ee1ng th\u00f4ng th\u01b0\u1eddng (gi\u1eef \u1ea9m, ph\u1ee7 bao b\u1ed1 \u01b0\u1edbt, d\u00f9ng h\u1ee3p ch\u1ea5t b\u1ea3o d\u01b0\u1ee1ng nh\u01b0 Antisol E)<\/p>\n<p><u><strong>V\u1ec7 sinh:\u00a0<\/strong><\/u><br \/>\nR\u1eeda s\u1ea1ch c\u00e1c d\u1ee5ng c\u1ee5 v\u00e0 thi\u1ebft b\u1ecb ngay sau khi s\u1eed d\u1ee5ng. V\u1eefa \u0111\u00e3 \u0111\u00f4ng c\u1ee9ng ch\u1ec9 c\u00f3 th\u1ec3 lo\u1ea1i b\u1ecf b\u1eb1ng c\u00e1c bi\u1ec7n ph\u00e1p c\u01a1 h\u1ecdc.<\/p>\n<p><strong><u>L\u01b0u \u00fd:\u00a0<\/u><\/strong><br \/>\n&#8211; Nhi\u1ec7t \u0111\u1ed9 thi c\u00f4ng t\u1ed1i thi\u1ec3u l\u00e0 10\u02daC. N\u1ebfu nhi\u1ec7t \u0111\u1ed9 thi c\u00f4ng th\u1ea5p h\u01a1n 20\u02daC th\u1eddi gian ninh k\u1ebft v\u00e0 c\u01b0\u1eddng \u0111\u1ed9 \u0111\u1ea1t \u0111\u01b0\u1ee3c s\u1ebd ch\u1eadm h\u01a1n.<br \/>\n&#8211; Ph\u1ea3i tu\u00e2n th\u1ee7 th\u1eddi gian b\u1ea3o d\u01b0\u1ee1ng t\u1ed1i thi\u1ec3u l\u00e0 3 ng\u00e0y \u1edf nh\u1eefng n\u01a1i b\u1ec1 m\u1eb7t v\u1eefa l\u1ed9 thi\u00ean<\/p>\n<p>&#8211; Trong tr\u01b0\u1eddng h\u1ee3p r\u00f3t v\u1eefa l\u1ecfng v\u00e0o c\u00e1c h\u1ed1c l\u1edbn\/th\u1ec3 t\u00edch l\u1edbn, d\u00f9ng SikaGrout GP l\u00e0 th\u00edch h\u1ee3p nh\u1ea5t.<\/p>\n","protected":false},"excerpt":{"rendered":"<p>V\u1eeeA R\u00d3T G\u1ed0C XI M\u0102NG, B\u00d9 CO NG\u00d3T, B\u01a0M \u0110\u01af\u1ee2C, D\u00d9NG CHO M\u1ee4C \u0110\u00cdCH TH\u00d4NG D\u1ee4NG<\/p>\n<p data-lines=\"3\" data-read-less=\"R\u00fat g\u1ecdn - \" data-read-more=\"\u0110\u1ecdc th\u00eam +\">SikaGrout\u00ae GP l\u00e0 v\u1eefa r\u00f3t tr\u1ed9n s\u1eb5n\u00a0g\u1ed1c xi m\u0103ng, c\u00f3 th\u1ec3 b\u01a1m \u0111\u01b0\u1ee3c, b\u00f9 co ng\u00f3t, v\u1edbi th\u1eddi gian cho ph\u00e9p thi c\u00f4ng \u0111\u01b0\u1ee3c k\u00e9o d\u00e0i \u0111\u1ec3 th\u00edch \u1ee9ng v\u1edbi nhi\u1ec7t \u0111\u1ed9 m\u00f4i tr\u01b0\u1eddng t\u1ea1i ch\u1ed7.<\/p>\n<ul>\n<li>D\u1ec5 tr\u1ed9n v\u00e0 thi c\u00f4ng<\/li>\n<li>\u0110\u1ed9 ch\u1ea3y l\u1ecfng tuy\u1ec7t h\u1ea3o<\/li>\n<li>Ph\u00e1t tri\u1ec3n c\u01b0\u1eddng \u0111\u1ed9 nhanh<\/li>\n<\/ul>\n","protected":false},"featured_media":656,"comment_status":"open","ping_status":"closed","template":"","meta":[],"product_cat":[72],"product_tag":[],"class_list":{"0":"post-655","1":"product","2":"type-product","3":"status-publish","4":"has-post-thumbnail","6":"product_cat-sika","8":"first","9":"instock","10":"shipping-taxable","11":"product-type-simple"},"_links":{"self":[{"href":"http:\/\/www.chongthamtruongson.vn\/index.php?rest_route=\/wp\/v2\/product\/655","targetHints":{"allow":["GET"]}}],"collection":[{"href":"http:\/\/www.chongthamtruongson.vn\/index.php?rest_route=\/wp\/v2\/product"}],"about":[{"href":"http:\/\/www.chongthamtruongson.vn\/index.php?rest_route=\/wp\/v2\/types\/product"}],"replies":[{"embeddable":true,"href":"http:\/\/www.chongthamtruongson.vn\/index.php?rest_route=%2Fwp%2Fv2%2Fcomments&post=655"}],"wp:featuredmedia":[{"embeddable":true,"href":"http:\/\/www.chongthamtruongson.vn\/index.php?rest_route=\/wp\/v2\/media\/656"}],"wp:attachment":[{"href":"http:\/\/www.chongthamtruongson.vn\/index.php?rest_route=%2Fwp%2Fv2%2Fmedia&parent=655"}],"wp:term":[{"taxonomy":"product_cat","embeddable":true,"href":"http:\/\/www.chongthamtruongson.vn\/index.php?rest_route=%2Fwp%2Fv2%2Fproduct_cat&post=655"},{"taxonomy":"product_tag","embeddable":true,"href":"http:\/\/www.chongthamtruongson.vn\/index.php?rest_route=%2Fwp%2Fv2%2Fproduct_tag&post=655"}],"curies":[{"name":"wp","href":"https:\/\/api.w.org\/{rel}","templated":true}]}}