{"id":630,"date":"2024-06-25T17:10:39","date_gmt":"2024-06-25T17:10:39","guid":{"rendered":"http:\/\/localhost\/wordpress\/?post_type=product&#038;p=630"},"modified":"2024-06-25T17:10:39","modified_gmt":"2024-06-25T17:10:39","slug":"sika-latex-05l","status":"publish","type":"product","link":"http:\/\/www.chongthamtruongson.vn\/?product=sika-latex-05l","title":{"rendered":"SIKA LATEX &#8211; 05L"},"content":{"rendered":"<h3>\u1ee8ng d\u1ee5ng<\/h3>\n<p>SikaLatex\u00ae\u00a0l\u00e0 lo\u1ea1i nh\u0169 t\u01b0\u01a1ng cao c\u1ea5p, c\u1ea3i thi\u1ec7n \u0111\u00e1ng k\u1ec3 ch\u1ea5t l\u01b0\u1ee3ng c\u1ee7a v\u1eefa xi m\u0103ng cho c\u00e1c \u1ee9ng d\u1ee5ng nh\u01b0:<\/p>\n<ul>\n<li>L\u1edbp h\u1ed3 d\u1ea7u (v\u1eefa) k\u1ebft n\u1ed1i<\/li>\n<li>L\u1edbp v\u1eefa d\u1eb7m v\u00e1 m\u1ecfng<\/li>\n<li>L\u1edbp v\u1eefa tr\u00e1t ch\u1ed1ng th\u1ea5m<\/li>\n<li>L\u1edbp v\u1eefa c\u00e1n s\u00e0n<\/li>\n<li>V\u1eefa s\u1eeda ch\u1eefa b\u00ea t\u00f4ng<\/li>\n<li>L\u1edbp l\u00f3t ch\u1ed1ng m\u00e0i m\u00f2n<\/li>\n<li>V\u1eefa d\u00e1n g\u1ea1ch<\/li>\n<li>V\u1eefa x\u00e2y<\/li>\n<\/ul>\n<p>&nbsp;<\/p>\n<h3>\u0110\u1eb7c \u0110i\u1ec3m<\/h3>\n<p>SikaLatex\u00ae\u00a0cung c\u1ea5p c\u00e1c \u01b0u \u0111i\u1ec3m nh\u01b0 sau:<\/p>\n<ul>\n<li>\u0110\u1ed9 k\u1ebft d\u00ednh cao<\/li>\n<li>Gi\u1ea3m thi\u1ec3u co ng\u00f3t<\/li>\n<li>C\u1ea3i thi\u1ec7n t\u00ednh \u0111\u00e0n h\u1ed3i<\/li>\n<li>Ch\u1ed1ng th\u1ea5m t\u1ed1t<\/li>\n<li>T\u0103ng t\u00ednh kh\u00e1ng m\u00e0i m\u00f2n h\u00f3a h\u1ecdc<\/li>\n<li>Kh\u00f4ng \u0111\u1ed9c<\/li>\n<li>SikaLatex\u00ae kh\u00f4ng b\u1ecb chuy\u1ec3n l\u1ea1i th\u00e0nh d\u1ea1ng nh\u0169 t\u01b0\u01a1ng ngay c\u1ea3 trong \u0111i\u1ec1u ki\u1ec7n c\u00f3 \u0111\u1ed9 ki\u1ec1m cao<\/li>\n<li>Th\u00edch h\u1ee3p cho c\u00e1c l\u1edbp v\u1eefa tr\u00e1t ti\u1ebfp x\u00fac v\u1edbi n\u01b0\u1edbc u\u1ed1ng<\/li>\n<li>L\u1edbp v\u1eefa tr\u00e1t s\u00e0n c\u00f3 c\u01b0\u1eddng \u0111\u1ed9 cao<\/li>\n<li>\u0110\u1ec3 ch\u1ebf t\u1ea1o v\u1eefa tr\u00e1m v\u00e0 d\u1eb7m v\u00e1 \u1edf nh\u1eefng n\u01a1i\u00a0c\u1ea7n l\u1edbp ho\u00e0n thi\u1ec7n m\u1ecfng<\/li>\n<li>T\u0103ng \u0111\u1ed9 d\u1ebbo dai, h\u1ea1n ch\u1ebf vi\u1ec7c h\u00ecnh th\u00e0nh c\u00e1c v\u1ebft n\u1ee9t<\/li>\n<li>Ch\u1ea5t k\u1ebft d\u00ednh cho l\u1edbp v\u1eefa tr\u00e1t, cho c\u00e1c l\u1edbp ph\u1ee7 s\u00e0n kh\u00e1ng m\u00e0i m\u00f2n trong c\u00e1c nh\u00e0 m\u00e1y v\u00e0\u00a0h\u1ec7 th\u1ed1ng n\u01b0\u1edbc th\u1ea3i<\/li>\n<\/ul>\n<h3>Quy c\u00e1ch \u0111\u00f3ng g\u00f3i<\/h3>\n<p>Can 5 l\u00edt \/ 25 l\u00edt<\/p>\n<h3>M\u00e0u s\u1eafc<\/h3>\n<p>Ch\u1ea5t l\u1ecfng m\u00e0u tr\u1eafng<\/p>\n<div>\n<h1>\n<p><strong>H\u01af\u1edaNG D\u1eaaN THI C\u00d4NG:\u00a0<\/strong><strong>SIKA LATEX<\/strong><\/h1>\n<h2><strong><u>Chu\u1ea9n b\u1ecb b\u1ec1 m\u1eb7t: \u00a0<\/u><\/strong><\/h2>\n<p>B\u1ec1 m\u1eb7t b\u00ea t\u00f4ng ph\u1ea3i \u0111\u01b0\u1ee3c l\u00e0m s\u1ea1ch, \u0111\u1eb7c ch\u1eafc, kh\u00f4ng d\u00ednh d\u1ea7u m\u1ee1, b\u1ee5i xi m\u0103ng v\u00e0 c\u00e1c t\u1ea1p ch\u1ea5t b\u00e1m d\u00ednh kh\u00e1c. B\u1ec1 m\u1eb7t h\u00fat n\u01b0\u1edbc ph\u1ea3i \u0111\u01b0\u1ee3c b\u00e3o h\u00f2a to\u00e0n b\u1ed9 nh\u01b0ng kh\u00f4ng \u0111\u1ec3 n\u01b0\u1edbc \u0111\u1ecdng l\u1ea1i V\u1eadt li\u1ec7u: C\u1ed1t li\u1ec7u ph\u1ea3i \u0111\u01b0\u1ee3c ch\u1ecdn l\u1ecdc t\u1ed1t v\u00e0 r\u1eeda s\u1ea1ch. C\u1ee1 h\u1ea1t c\u00e1t ph\u1ea3i t\u01b0\u01a1ng \u1ee9ng v\u1edbi \u0111\u1ed9 d\u00e0y c\u1ee7a l\u1edbp v\u1eefa v\u00e0 y\u00eau c\u1ea7u \u0111\u1ed9 m\u1ecbn c\u1ee7a b\u1ec1 m\u1eb7t.<\/p>\n<h2><strong><u>Thi c\u00f4ng:<\/u><\/strong><\/h2>\n<h3><strong>1.Ch\u1ea5t k\u1ebft n\u1ed1i cho l\u1edbp v\u1eefa tr\u00e1t\/ l\u1edbp k\u1ebft n\u1ed1i cho b\u00ea t\u00f4ng c\u0169 v\u00e0 m\u1edbi \u00a0<\/strong><\/h3>\n<p>&#8211; T\u1ec9 l\u1ec7 tr\u1ed9n: 1 l\u00edt Latex + 1 l\u00edt n\u01b0\u1edbc + 4 kg xi m\u0103ng = h\u1ed3 d\u1ea7u k\u1ebft n\u1ed1i. Ph\u1ea7n h\u1ed3 d\u1ea7u k\u1ebft n\u1ed1i tr\u00ean c\u00f3 th\u1ec3 ph\u1ee7 kho\u1ea3ng 4 m2<br \/>\n&#8211; Thi c\u00f4ng: Cho xi m\u0103ng v\u00e0o trong h\u1ed7n h\u1ee3p Latex \u2013 n\u01b0\u1edbc \u0111\u00e3 tr\u1ed9n s\u1eb5n v\u00e0 tr\u1ed9n cho \u0111\u1ebfn khi \u0111\u1ea1t \u0111\u01b0\u1ee3c \u0111\u1ed9 s\u1ec7t \u0111\u1ec1u nh\u01b0 kem. Thi c\u00f4ng l\u1edbp h\u1ed3 d\u1ea7u k\u1ebft n\u1ed1i Latex v\u1edbi chi\u1ec1u d\u00e0y 1-2 mm l\u00ean tr\u00ean b\u1ec1 m\u1eb7t \u0111\u00e3 \u0111\u01b0\u1ee3c l\u00e0m \u01b0\u1edbt tr\u01b0\u1edbc v\u00e0 \u0111\u1ed5 b\u00ea t\u00f4ng m\u1edbi ho\u1eb7c tr\u00e1t l\u1edbp v\u1eefa ngay l\u1eadp t\u1ee9c (thi c\u00f4ng ngay khi l\u1edbp k\u1ebft n\u1ed1i v\u1eabn c\u00f2n \u01b0\u1edbt)<\/p>\n<h3><strong>2. L\u1edbp tr\u00e1t s\u00e0n \u00a0<\/strong><\/h3>\n<p>&#8211; Thi c\u00f4ng: Thi c\u00f4ng l\u1edbp v\u1eefa ch\u1ed1ng th\u1ea5m ngay sau khi l\u1edbp h\u1ed3 d\u1ea7u k\u1ebft n\u1ed1i c\u00f2n \u01b0\u1edbt L\u01b0u \u00fd v\u1ec1 thi c\u00f4ng\/ gi\u1edbi h\u1ea1n:<br \/>\n&#8211; Kh\u00f4ng bao gi\u1edd d\u00f9ng h\u1ed7n h\u1ee3p Sika Latex v\u1edbi n\u01b0\u1edbc l\u00e0m ch\u1ea5t k\u1ebft n\u1ed1i m\u00e0 kh\u00f4ng th\u00eam xi m\u0103ng.<br \/>\n&#8211; N\u1ebfu th\u1eddi ti\u1ebft \u1ea5m ho\u1eb7c gi\u00f3 c\u1ea7n ph\u1ea3i ti\u1ebfn h\u00e0nh c\u00e1c bi\u1ec7n ph\u00e1p b\u1ea3o d\u01b0\u1ee1ng th\u00f4ng th\u01b0\u1eddng \u0111\u1ec3 tr\u00e1nh v\u1eefa b\u1ecb kh\u00f4 qu\u00e1 s\u1edbm.<br \/>\n&#8211; Lu\u00f4n lu\u00f4n b\u00e3o h\u00f2a b\u1ec1 m\u1eb7t h\u00fat n\u01b0\u1edbc nh\u01b0ng kh\u00f4ng \u0111\u1ec3 \u0111\u1ecdng n\u01b0\u1edbc<br \/>\n&#8211; N\u1ebfu thi c\u00f4ng nhi\u1ec1u l\u1edbp th\u00ec ph\u1ea3i thi c\u00f4ng l\u1edbp tr\u01b0\u1edbc n\u00f3 c\u00f2n \u01b0\u1edbt<br \/>\n&#8211; Trong tr\u01b0\u1eddng h\u1ee3p s\u1eed d\u1ee5ng cho k\u1ebft c\u1ea5u lu\u00f4n lu\u00f4n \u01b0\u1edbt (h\u1ed3 b\u01a1i\u2026) ph\u1ea3i \u0111\u1ec3 l\u1edbp v\u1eefa Latex kh\u00f4 1 tu\u1ea7n tr\u01b0\u1edbc khi \u0111\u01b0a k\u1ebft c\u1ea5u v\u00e0o s\u1eed d\u1ee5ng ho\u1eb7c cho k\u1ebft c\u1ea5u ng\u1eadp trong n\u01b0\u1edbc v\u0129nh vi\u1ec5n.<\/p>\n<h2>\u00a0<strong><u>V\u1ec7 sinh:<\/u><\/strong><\/h2>\n<p>L\u00e0m s\u1ea1ch t\u1ea5t c\u1ea3 d\u1ee5ng c\u1ee5, thi\u1ebft b\u1ecb b\u1eb1ng n\u01b0\u1edbc s\u1ea1ch ngay sau khi thi c\u00f4ng. Th\u00f4ng tin v\u1ec1 s\u1ee9c kh\u1ecfe v\u00e0 an to\u00e0n.<br \/>\nSinh th\u00e1i h\u1ecdc:\u00a0 Kh\u00f4ng \u0111\u1ed5 b\u1ecf v\u00e0o ngu\u1ed3n n\u01b0\u1edbc ho\u1eb7c \u0111\u1ea5t<br \/>\nV\u1eadn chuy\u1ec3n:\u00a0 Kh\u00f4ng nguy hi\u1ec3m.<br \/>\n\u0110\u1ed5 b\u1ecf ch\u1ea5t th\u1ea3i: Theo quy \u0111\u1ecbnh \u0111\u1ecba ph\u01b0\u01a1ng.<\/p>\n<h1>\u00a0<strong>L\u01afU \u00dd QUAN TR\u1eccNG:\u00a0SIKA LATEX<\/strong><\/h1>\n<ul>\n<li>Sika Latex c\u00f3 th\u1ec3 g\u00e2y d\u1ecb \u1ee9ng.<\/li>\n<li>C\u1ea7n ti\u1ebfn h\u00e0nh c\u00e1c bi\u1ec7n ph\u00e1p c\u1ea9n tr\u1ecdng th\u00edch h\u1ee3p \u0111\u1ec3 gi\u1ea3m t\u1ed1i thi\u1ec3u vi\u1ec7c ti\u1ebfp x\u00fac v\u1edbi da.<\/li>\n<li>N\u1ebfu s\u1ea3n ph\u1ea9m v\u0103ng v\u00e0o m\u1eaft ho\u1eb7c m\u00e0ng nh\u1ea7y, r\u1eeda b\u1eb1ng n\u01b0\u1edbc s\u1ea1ch v\u00e0 \u0111\u1ebfn g\u1eb7p b\u00e1c s\u0129 ngay l\u1eadp t\u1ee9c.<\/li>\n<\/ul>\n<\/div>\n<p>&nbsp;<\/p>\n","protected":false},"excerpt":{"rendered":"<p>PH\u1ee4 GIA CH\u1ed0NG TH\u1ea4M CHO V\u1eeeA\u00a0V\u00c0 T\u00c1C NH\u00c2N K\u1ebeT N\u1ed0I<\/p>\n<p data-lines=\"3\" data-read-less=\"R\u00fat g\u1ecdn - \" data-read-more=\"\u0110\u1ecdc th\u00eam +\">SikaLatex\u00ae l\u00e0 ph\u1ee5 gia lo\u1ea1i nh\u0169 t\u01b0\u01a1ng styrene butadiene c\u1ea3i ti\u1ebfn \u0111\u01b0\u1ee3c tr\u1ed9n v\u1edbi xi m\u0103ng ho\u1eb7c v\u1eefa xi m\u0103ng-c\u00e1t nh\u1eb1m gia t\u0103ng t\u00ednh k\u1ebft d\u00ednh v\u00e0 kh\u1ea3 n\u0103ng ch\u1ed1ng th\u1ea5m.<\/p>\n<p>SikaLatex\u00ae\u00a0cung c\u1ea5p c\u00e1c \u01b0u \u0111i\u1ec3m nh\u01b0 sau:<\/p>\n<ul>\n<li>\u0110\u1ed9 k\u1ebft d\u00ednh cao<\/li>\n<li>Gi\u1ea3m thi\u1ec3u co ng\u00f3t<\/li>\n<li>C\u1ea3i thi\u1ec7n t\u00ednh \u0111\u00e0n h\u1ed3i<\/li>\n<\/ul>\n","protected":false},"featured_media":631,"comment_status":"open","ping_status":"closed","template":"","meta":[],"product_cat":[72],"product_tag":[],"class_list":{"0":"post-630","1":"product","2":"type-product","3":"status-publish","4":"has-post-thumbnail","6":"product_cat-sika","8":"first","9":"instock","10":"shipping-taxable","11":"product-type-simple"},"_links":{"self":[{"href":"http:\/\/www.chongthamtruongson.vn\/index.php?rest_route=\/wp\/v2\/product\/630","targetHints":{"allow":["GET"]}}],"collection":[{"href":"http:\/\/www.chongthamtruongson.vn\/index.php?rest_route=\/wp\/v2\/product"}],"about":[{"href":"http:\/\/www.chongthamtruongson.vn\/index.php?rest_route=\/wp\/v2\/types\/product"}],"replies":[{"embeddable":true,"href":"http:\/\/www.chongthamtruongson.vn\/index.php?rest_route=%2Fwp%2Fv2%2Fcomments&post=630"}],"wp:featuredmedia":[{"embeddable":true,"href":"http:\/\/www.chongthamtruongson.vn\/index.php?rest_route=\/wp\/v2\/media\/631"}],"wp:attachment":[{"href":"http:\/\/www.chongthamtruongson.vn\/index.php?rest_route=%2Fwp%2Fv2%2Fmedia&parent=630"}],"wp:term":[{"taxonomy":"product_cat","embeddable":true,"href":"http:\/\/www.chongthamtruongson.vn\/index.php?rest_route=%2Fwp%2Fv2%2Fproduct_cat&post=630"},{"taxonomy":"product_tag","embeddable":true,"href":"http:\/\/www.chongthamtruongson.vn\/index.php?rest_route=%2Fwp%2Fv2%2Fproduct_tag&post=630"}],"curies":[{"name":"wp","href":"https:\/\/api.w.org\/{rel}","templated":true}]}}