{"id":470,"date":"2024-06-20T17:11:21","date_gmt":"2024-06-20T17:11:21","guid":{"rendered":"http:\/\/localhost\/wordpress\/?post_type=product&#038;p=470"},"modified":"2024-06-20T17:11:21","modified_gmt":"2024-06-20T17:11:21","slug":"quicseal-102-eco","status":"publish","type":"product","link":"http:\/\/www.chongthamtruongson.vn\/?product=quicseal-102-eco","title":{"rendered":"Quicseal 102 Eco"},"content":{"rendered":"<div>\n<p><strong>Quicseal 102 Eco\u00a0<\/strong>c\u00f3 c\u00f4ng th\u1ee9c \u0111\u1eb7c bi\u1ec7t, thi c\u00f4ng ngu\u1ed9i, l\u00e0 m\u00e0ng ch\u1ed1ng th\u1ea5m \u0111\u00e0n h\u1ed3i polyurethane. Khi \u0111\u00f3ng r\u1eafn\u00a0<strong>Quicseal 102 Eco\u00a0<\/strong>t\u1ea1o th\u00e0nh m\u1ed9t m\u00e0ng ch\u1ed1ng th\u1ea5m d\u1ebdo dai nh\u01b0ng c\u1ee9ng c\u00e1p.<\/p>\n<p><strong>\u1ee8ng d\u1ee5ng<\/strong><\/p>\n<p>D\u00f9ng cho c\u00e1c khu v\u1ef1c ch\u1ed1ng th\u1ea5m n\u01b0\u1edbc \u1edf tr\u1ea1ng th\u00e1i \u0111\u1ed9ng v\u00e0 t\u0129nh, ch\u1eb3ng h\u1ea1n:<\/p>\n<ul>\n<li>Gi\u1eefa s\u00e0n c\u1ee7a b\u00e3i \u0111\u1ed5 xe, s\u00e0n m\u00e1i, s\u00e0n trung t\u00e2m mua s\u1eafm ho\u1eb7c khu v\u1ef1c s\u00e2n tr\u00ean b\u00e3i \u0111\u1eadu xe d\u01b0\u1edbi l\u00f2ng \u0111\u1ea5t.<\/li>\n<li>\u00a0B\u00ean trong h\u1ed9p tr\u1ed3ng c\u00e2y.<\/li>\n<li>N\u1ec1n tr\u01b0\u1edbc khi thi c\u00f4ng s\u00e0n \u0111\u00e1 hoa c\u01b0\u01a1ng, \u0111\u00e1 c\u1ea9m th\u1ea1ch ho\u1eb7c ng\u00f3i.<\/li>\n<li>Nh\u00e0 b\u1ebfp, ph\u00f2ng gi\u1eb7t \u1ee7i, s\u00e0n ph\u00f2ng t\u1eafm v\u00e0 ban c\u00f4ng.<\/li>\n<li>Ph\u00f2ng m\u00e1y, v\u00f2i phun n\u01b0\u1edbc, khu \u1ea9m \u01b0\u1edbt n\u1ed9i b\u1ed9.<\/li>\n<li>C\u1ea7u, \u0111\u01b0\u1eddng cao t\u1ed1c<\/li>\n<li>T\u01b0\u1eddng, h\u1ed1 n\u00e2ng c\u1ed1ng, c\u1ed1ng, t\u01b0\u1eddng bi\u1ec3n, \u0111\u1eadp, h\u1ed3 ch\u1ee9a, t\u01b0\u1eddng ch\u1eafn, b\u1ec3 b\u00ea t\u00f4ng v\u00e0 c\u00e1c khu v\u1ef1c t\u01b0\u01a1ng t\u1ef1 c\u1ea7n c\u00f3 t\u00ednh ch\u1ed1ng th\u1ea5m cao<\/li>\n<\/ul>\n<p><strong>\u01afu \u0111i\u1ec3m<\/strong><\/p>\n<ul>\n<li>M\u1ed9t th\u00e0nh ph\u1ea7n, d\u1ec5 s\u1eed d\u1ee5ng. Kh\u00f4ng c\u1ea7n tr\u1ed9n.<\/li>\n<li>C\u00f3 th\u1ec3 thi c\u00f4ng b\u1eb1ng c\u1ecd, ru l\u00f4 ho\u1eb7c phun.<\/li>\n<li>H\u1ec7 th\u1ed1ng m\u00e0ng li\u1ec1n m\u1ea1ch kh\u00f4ng m\u1ed1i n\u1ed1i.<\/li>\n<li>Ph\u00f9 h\u1ee3p v\u1edbi \u0111\u1ed9 \u0111\u00e0n h\u1ed3i cao, \u0111\u1ed9 b\u00e1m d\u00ednh tuy\u1ec7t v\u1eddi v\u00e0 \u0111\u1ed9 th\u1ea9m th\u1ea5u h\u01a1i th\u1ea5p.<\/li>\n<li>C\u00f3 th\u1ec3 thi c\u00f4ng c\u00e1c v\u1ebft n\u1ee9t l\u00ean \u0111\u1ebfn 2mm theo chi\u1ec1u r\u1ed9ng.<\/li>\n<li>B\u1ea3o v\u1ec7 ch\u1ed1ng l\u1ea1i s\u1ef1 x\u00e2m nh\u1eadp v\u00e0 d\u1ecbch chuy\u1ec3n c\u1ee7a n\u01b0\u1edbc.<\/li>\n<li>Duy tr\u00ec t\u00ednh linh ho\u1ea1t v\u00e0 ch\u1ed1ng th\u1ea5m ngay c\u1ea3 khi ph\u1ea3i ti\u1ebfp x\u00fac v\u1edbi n\u01b0\u1edbc.<\/li>\n<li>Ch\u1ea5t l\u01b0\u1ee3ng ch\u1ed1ng th\u1ea5m tuy\u1ec7t v\u1eddi.<\/li>\n<li>C\u00f3 th\u1ec3 ch\u1ecbu \u0111\u01b0\u1ee3c \u00e1p su\u1ea5t thu\u1ef7 t\u0129nh cao.<\/li>\n<\/ul>\n<p><strong>Chu\u1ea9n b\u1ecb b\u1ec1 m\u1eb7t thi c\u00f4ng<\/strong><\/p>\n<p>B\u1ec1 m\u1eb7t ph\u1ea3i \u0111\u01b0\u1ee3c v\u1ec7 sinh s\u1ea1ch v\u00e0 c\u1ee9ng ch\u1eafc, kh\u00f4ng b\u1ee5i v\u00e0 c\u00e1c ch\u1ea5t r\u01a1i r\u1edbt. V\u1eefa xi m\u0103ng, d\u1ea7u, m\u1ee1, ch\u1ea5t t\u00e1ch khu\u00f4n ho\u1eb7c b\u1ea5t k\u1ef3 ch\u1ea5t g\u00e2y \u00f4 nhi\u1ec5m ngo\u1ea1i lai m\u00e0 c\u00f3 th\u1ec3 c\u1ea3n tr\u1edf t\u00ednh b\u00e1m d\u00ednh ph\u1ea3i \u0111\u01b0\u1ee3c lo\u1ea1i b\u1ecf kh\u1ecfi b\u1ec1 m\u1eb7t b\u00ea t\u00f4ng b\u1eb1ng c\u00e1ch s\u1eed d\u1ee5ng b\u00e0n ch\u1ea3i s\u1eaft, b\u00e0n c\u00e0o s\u1eaft ho\u1eb7c c\u00e1c ph\u01b0\u01a1ng ti\u1ec7n kh\u00e1c. N\u01a1i r\u00eau, t\u1ea3o ho\u1eb7c n\u1ea5m m\u1ed1c c\u00f3 th\u1ec3 sinh s\u1ed1ng, ti\u1ebfn h\u00e0nh x\u1eed l\u00fd b\u1eb1ng h\u00f3a ch\u1ea5t th\u00edch h\u1ee3p sau qu\u00e1 tr\u00ecnh l\u00e0m s\u1ea1ch ban \u0111\u1ea7u sau \u0111\u00f3 r\u1eeda s\u1ea1ch l\u1ea1i.<\/p>\n<p>Khuy\u1ebfn c\u00e1o t\u1ea5t c\u1ea3 c\u00e1c g\u00f3c ph\u1ea3i \u0111\u01b0\u1ee3c bo tr\u00f2n v\u1edbi v\u1eefa xi m\u0103ng c\u00e1t tr\u01b0\u1edbc khi qu\u00e9t m\u00e0ng ch\u1ed1ng. \u0110\u1ea3m b\u1ea3o b\u1ec1 m\u1eb7t kh\u00f4 v\u00e0 kh\u00f4ng b\u1ecb \u1ea9m tr\u01b0\u1edbc khi thi c\u00f4ng l\u1edbp ch\u1ed1ng th\u1ea5m.<\/p>\n<p><strong>Thi c\u00f4ng<\/strong><\/p>\n<p>Khu\u1ea5y\u00a0<strong>Quicseal 102 Eco\u00a0<\/strong>tr\u01b0\u1edbc khi thi c\u00f4ng. Thi c\u00f4ng m\u00e0ng ch\u1ed1ng th\u1ea5m theo b\u1ec1 m\u1eb7t ngang v\u00e0 d\u1ecdc c\u00f3 th\u1ec3 thi c\u00f4ng b\u1eb1ng ru l\u00f4, c\u1ecd ho\u1eb7c thi\u1ebft b\u1ecb phun. Ph\u1ea3i c\u1ea9n th\u1eadn \u0111\u1ec3 b\u1ecdt kh\u00ed kh\u00f4ng b\u1ecb gi\u1eef l\u1ea1i trong l\u1edbp<\/p>\n<p><strong>\u0110\u00f3ng g\u00f3i<\/strong><\/p>\n<p>K\u00edch c\u1ee1 \u0111\u00f3ng g\u00f3i: 20 kg\/th\u00f9ng<\/p>\n<p><strong>V\u1ec7 sinh<\/strong><\/p>\n<\/div>\n<p>Do c\u01b0\u1eddng \u0111\u1ed9 b\u00e1m d\u00ednh cao c\u1ee7a s\u1ea3n ph\u1ea9m n\u00e0y ngay c\u1ea3 tr\u00ean kim lo\u1ea1i, n\u00ean r\u1eeda d\u1ee5ng c\u1ee5 b\u1eb1ng n\u01b0\u1edbc<\/p>\n<p>tr\u01b0\u1edbc khi s\u1ea3n ph\u1ea9m \u0111\u1eb7c l\u1ea1i. Sau khi \u0111\u1eb7c l\u1ea1i, ch\u1ec9 c\u00f3 c\u00e1ch duy nh\u1ea5t l\u00e0m s\u1ea1ch b\u1eb1ng ph\u01b0\u01a1ng ti\u1ec7n c\u01a1 h\u1ecdc.<\/p>\n<p><strong>L\u01b0u kho<\/strong><\/p>\n<p>Th\u1eddi gian b\u1ea3o qu\u1ea3n\u00a0<strong>Quicseal 102 Eco\u00a0<\/strong>l\u00e0 12 th\u00e1ng khi ch\u01b0a m\u1edf n\u1eafp trong \u0111i\u1ec1u ki\u1ec7n tho\u00e1ng m\u00e1t v\u00e0 kh\u00f4 r\u00e1o.<\/p>\n<p>&nbsp;<\/p>\n","protected":false},"excerpt":{"rendered":"<p>Quicseal 102 Eco\u00a0c\u00f3 c\u00f4ng th\u1ee9c \u0111\u1eb7c bi\u1ec7t, thi c\u00f4ng ngu\u1ed9i, l\u00e0 m\u00e0ng ch\u1ed1ng th\u1ea5m \u0111\u00e0n h\u1ed3i polyurethane. Khi \u0111\u00f3ng r\u1eafn\u00a0Quicseal 102 Eco\u00a0t\u1ea1o th\u00e0nh m\u1ed9t m\u00e0ng ch\u1ed1ng th\u1ea5m d\u1ebdo dai nh\u01b0ng c\u1ee9ng c\u00e1p. \u1ee8ng d\u1ee5ng D\u00f9ng cho c\u00e1c khu v\u1ef1c ch\u1ed1ng th\u1ea5m n\u01b0\u1edbc \u1edf tr\u1ea1ng th\u00e1i \u0111\u1ed9ng v\u00e0 t\u0129nh, ch\u1eb3ng h\u1ea1n: Gi\u1eefa s\u00e0n c\u1ee7a b\u00e3i \u0111\u1ed5 [&#8230;]\n","protected":false},"featured_media":472,"comment_status":"open","ping_status":"closed","template":"","meta":[],"product_cat":[70],"product_tag":[],"class_list":{"0":"post-470","1":"product","2":"type-product","3":"status-publish","4":"has-post-thumbnail","6":"product_cat-quicseal","8":"first","9":"instock","10":"shipping-taxable","11":"product-type-simple"},"_links":{"self":[{"href":"http:\/\/www.chongthamtruongson.vn\/index.php?rest_route=\/wp\/v2\/product\/470","targetHints":{"allow":["GET"]}}],"collection":[{"href":"http:\/\/www.chongthamtruongson.vn\/index.php?rest_route=\/wp\/v2\/product"}],"about":[{"href":"http:\/\/www.chongthamtruongson.vn\/index.php?rest_route=\/wp\/v2\/types\/product"}],"replies":[{"embeddable":true,"href":"http:\/\/www.chongthamtruongson.vn\/index.php?rest_route=%2Fwp%2Fv2%2Fcomments&post=470"}],"wp:featuredmedia":[{"embeddable":true,"href":"http:\/\/www.chongthamtruongson.vn\/index.php?rest_route=\/wp\/v2\/media\/472"}],"wp:attachment":[{"href":"http:\/\/www.chongthamtruongson.vn\/index.php?rest_route=%2Fwp%2Fv2%2Fmedia&parent=470"}],"wp:term":[{"taxonomy":"product_cat","embeddable":true,"href":"http:\/\/www.chongthamtruongson.vn\/index.php?rest_route=%2Fwp%2Fv2%2Fproduct_cat&post=470"},{"taxonomy":"product_tag","embeddable":true,"href":"http:\/\/www.chongthamtruongson.vn\/index.php?rest_route=%2Fwp%2Fv2%2Fproduct_tag&post=470"}],"curies":[{"name":"wp","href":"https:\/\/api.w.org\/{rel}","templated":true}]}}