{"id":468,"date":"2024-06-20T17:06:03","date_gmt":"2024-06-20T17:06:03","guid":{"rendered":"http:\/\/localhost\/wordpress\/?post_type=product&#038;p=468"},"modified":"2024-06-20T17:06:03","modified_gmt":"2024-06-20T17:06:03","slug":"quicseal-510-vua-khong-co-ngot","status":"publish","type":"product","link":"http:\/\/www.chongthamtruongson.vn\/?product=quicseal-510-vua-khong-co-ngot","title":{"rendered":"Quicseal 510 &#8211; V\u1eefa Kh\u00f4ng Co Ng\u00f3t"},"content":{"rendered":"<p><strong>QUICSEAL 510<\/strong>\u00a0l\u00e0 v\u1eefa xi m\u0103ng kh\u00f4ng co ng\u00f3t \u0111\u01b0\u1ee3c cung c\u1ea5p tr\u1ed9n s\u1eb5n v\u1edbi c\u00f4ng th\u1ee9c \u0111\u1eb7c bi\u1ec7t ph\u00f9 h\u1ee3p cho nhi\u1ec1u m\u1ee5c \u0111\u00edch.\u00a0<strong>QUICSEAL 510<\/strong>\u00a0kh\u00f4ng ch\u1ee9a kim lo\u1ea1i v\u00e0 kh\u00f4ng ch\u1ee9a clo v\u00e0 d\u1ec5 s\u1eed d\u1ee5ng, ch\u1ec9 y\u00eau c\u1ea7u th\u00eam n\u01b0\u1edbc \u0111\u1ec3 t\u1ea1o h\u1ed7n h\u1ee3p v\u1eefa ch\u1ea3y t\u1ef1 do kh\u00f4ng co ng\u00f3t.<\/p>\n<p><strong>\u01afu \u0111i\u1ec3m<\/strong><\/p>\n<ul>\n<li>V\u1eefa xi m\u0103ng tr\u1ed9n s\u1eb5n &#8211; Ti\u1ebft ki\u1ec7m v\u00e0 d\u1ec5 s\u1eed d\u1ee5ng<\/li>\n<li>Kh\u00f4ng g\u00e2y \u0103n m\u00f2n &#8211; kh\u00f4ng \u0103n m\u00f2n c\u1ed1t th\u00e9p, l\u00e0m \u1ed1 m\u00e0u ho\u1eb7c l\u00e0m h\u01b0 h\u1ecfng v\u00ec l\u00ed do \u0103n m\u00f2n<\/li>\n<li>Th\u00e0nh ph\u1ea7n kh\u00f4ng ch\u1ee9a clo, cho ph\u00e9p ph\u00e1t tri\u1ec3n c\u01b0\u1eddng \u0111\u1ed9 cao<\/li>\n<\/ul>\n<p><strong>S\u1eed d\u1ee5ng<\/strong><\/p>\n<p><strong>QUICSEAL 510<\/strong>\u00a0\u0111\u01b0\u1ee3c s\u1eed d\u1ee5ng nh\u01b0 ch\u1ea5t d\u1ebbo v\u00e0 t\u1ef1 ch\u1ea3y v\u1edbi c\u00e1c \u1ee9ng d\u1ee5ng sau:<\/p>\n<ul>\n<li>B\u1ec7 \u0111\u1ee1 ph\u1eb3ng<\/li>\n<li>Nh\u1eefng \u1ee9ng d\u1ee5ng cho \u0111\u00fac s\u1eb5n: b\u1ec7, t\u01b0\u1eddng, s\u00e0n, m\u00e1ng th\u1ea3i ph\u1ebf li\u1ec7u, kh\u1edbp, khe h\u1edf\u2026<\/li>\n<li>S\u1eeda ch\u1eefa d\u1eb7m v\u00e1<\/li>\n<\/ul>\n<p><strong>\u1ee8ng d\u1ee5ng<\/strong><\/p>\n<p><strong><u>Chu\u1ea9n b\u1ecb b\u1ec1 m\u1eb7t<\/u><\/strong><\/p>\n<p>T\u1ea5t c\u1ea3 b\u1ec1 m\u1eb7t ph\u1ea3i s\u1ea1ch v\u00e0 ch\u1eafc ch\u1eafn v\u00e0 kh\u00f4ng d\u00ednh v\u1eefa, b\u1ed9t xi m\u0103ng v\u00e0 d\u1ea7u m\u1ee1. B\u00ea t\u00f4ng bong r\u1ed9p ph\u1ea3i \u0111\u01b0\u1ee3c lo\u1ea1i b\u1ecf \u0111\u1ebfn khi th\u1ea5y l\u1edbp b\u00ea t\u00f4ng ch\u1eafc ch\u1eafn.<\/p>\n<p>C\u1eaft d\u1ecdc th\u1edb nh\u1eefng v\u1ecb tr\u00ed s\u1eeda ch\u1eefa \u0111\u1ebfn \u0111\u1ed9 s\u00e2u \u00edt nh\u1ea5t l\u00e0 10 mm \u0111\u1ec3 t\u1ea1o ra c\u1ea1nh g\u00f3c vu\u00f4ng (tr\u00e1nh m\u00e9p c\u1eaft v\u00e1t m\u1ecfng) v\u00e0 v\u1ec7 sinh s\u1ea1ch s\u1ebd.<\/p>\n<p>V\u1ec7 sinh to\u00e0n b\u1ed9 s\u1eaft th\u00e9p b\u1ecb \u0103n m\u00f2n trong khu v\u1ef1c s\u1eeda ch\u1eefa b\u1eb1ng m\u00e1y m\u00e0i c\u1ea7m tay. D\u1ea7u m\u1ee1 v\u00e0 c\u00e1c t\u1ea1p ch\u1ea5t b\u1ea5t k\u1ef3 n\u00e0o g\u00e2y \u1ea3nh h\u01b0\u1edfng \u0111\u1ebfn s\u1ef1 k\u1ebft d\u00ednh ph\u1ea3i \u0111\u01b0\u1ee3c lo\u1ea1i b\u1ecf.<\/p>\n<p>B\u1ec1 m\u1eb7t \u0111\u01b0\u1ee3c l\u00e0m \u1ea9m b\u1eb1ng n\u01b0\u1edbc ho\u1eb7c qu\u00e9t l\u1edbp l\u00f3t QUICSEA 113 ho\u1eb7c h\u1ed3 d\u1ea7u k\u1ebft d\u00ednh.<\/p>\n<p><strong><u>Khu\u1ea5y tr\u1ed9n<\/u><\/strong><\/p>\n<p>\u0110\u1ed5 1 l\u01b0\u1ee3ng n\u01b0\u1edbc nh\u1ea5t \u0111\u1ecbnh v\u00e0o m\u1ed9t th\u00f9ng s\u1ea1ch. T\u1eeb t\u1eeb th\u00eam l\u01b0\u1ee3ng QUICSEAL 510 (b\u1ed9t) v\u00e0o v\u00e0 tr\u1ed9n b\u1eb1ng m\u00e1y khoan t\u1ed1c \u0111\u1ed9 ch\u1eadm g\u1eafn v\u1edbi m\u1ed9t lo\u1ea1i l\u01b0\u1ee1i qu\u1eady ph\u1eb3ng, tr\u1ed9n kho\u1ea3ng 3 &#8211; 5 ph\u00fat cho \u0111\u1ebfn khi c\u00f3 \u0111\u01b0\u1ee3c m\u1ed9t h\u1ed7n h\u1ee3p \u0111\u1ed3ng nh\u1ea5t.<\/p>\n<p><strong><u>Thi c\u00f4ng<\/u><\/strong><\/p>\n<p>Khi thi c\u00f4ng b\u1ec1 m\u1eb7t n\u1eb1m, \u0111\u1ed5 QUICSEAL 510 \u0111\u00e3 \u0111\u01b0\u1ee3c tr\u1ed9n \u0111\u1ec1u l\u00ean b\u1ec1 m\u1eb7t \u0111\u00e3 chu\u1ea9n b\u1ecb v\u1edbi \u0111\u1ed9 d\u00e0y t\u1eeb 10mm \u0111\u1ebfn 40 mm cho m\u1ed9t l\u1edbp. Khi thi c\u00f4ng b\u1ec1 m\u1eb7t \u0111\u1ee9ng, gi\u1ea3m t\u1ef7 l\u1ec7 n\u01b0\u1edbc \u0111\u1ec3 \u0111\u1ed9 s\u1ec7t kh\u00f4 h\u01a1n.<\/p>\n<p>\u0110\u1ed1i v\u1edbi nh\u1eefng n\u01a1i y\u00eau c\u1ea7u h\u01a1n 1 l\u1edbp, b\u1ec1 m\u1eb7t c\u1ee7a l\u1edbp trung gian n\u00ean \u0111\u01b0\u1ee3c c\u1ea1o c\u00f3 v\u1ebft x\u01b0\u1edbc tr\u01b0\u1edbc khi thi c\u00f4ng l\u1edbp ti\u1ebfp theo. Vi\u1ec7c thi c\u00f4ng l\u1edbp ti\u1ebfp theo c\u00f3 th\u1ec3 ti\u1ebfn h\u00e0nh ngay khi l\u1edbp tr\u01b0\u1edbc \u0111\u00e3 c\u1ee9ng ho\u00e0n to\u00e0n.<\/p>\n<p>Ph\u00f9 h\u1ee3p v\u1edbi c\u00e1c l\u1edbp ph\u1ee7 g\u1ed1c xi m\u0103ng, l\u00e0 \u0111i\u1ec1u c\u1ea7n thi\u1ebft cho QUICSEAL 510 \u0111\u1ec3 \u0111\u00f3ng r\u1eafn m\u1ed9t c\u00e1ch t\u1ef1 nhi\u00ean trong \u0111i\u1ec1u ki\u1ec7n m\u00f4i tr\u01b0\u1eddng. Ph\u1ea3i b\u1ea3o v\u1ec7 QUICSEAL 510 ch\u1ed1ng l\u1ea1i kh\u00f4 nhanh do gi\u00f3 m\u1ea1nh v\u00e0 \u00e1nh s\u00e1ng m\u1eb7t tr\u1eddi chi\u1ebfu tr\u1ef1c ti\u1ebfp ho\u1eb7c nhi\u1ec7t \u0111\u1ed9 cao b\u1eb1ng c\u00e1ch bao ph\u1ee7 b\u1eb1ng t\u1ea5m nilon, bao b\u1ed1 \u01b0\u1edbt ho\u1eb7c QUICSEAL 507 Cure -Shield WB h\u1ee3p ch\u1ea5t b\u1ea3o d\u01b0\u1ee1ng \u0111\u1ec3 gi\u1ea3m s\u1ef1 m\u1ea5t n\u01b0\u1edbc s\u1edbm. Ch\u1ec9 thi c\u00f4ng h\u1ee3p ch\u1ea5t b\u1ea3o d\u01b0\u1ee1ng tr\u00ean b\u1ec1 m\u1eb7t \u0111\u00e3 ho\u00e0n th\u00e0nh nh\u01b0ng kh\u00f4ng ph\u1ea3i tr\u00ean l\u1edbp trung gian.<\/p>\n<p><strong>\u0110\u00f3ng g\u00f3i<\/strong><\/p>\n<p><strong>QUICSEAL 510<\/strong>\u00a0\u0111\u01b0\u1ee3c \u0111\u00f3ng trong bao 25 kg.<\/p>\n<p><strong>B\u1ea3o qu\u1ea3n<\/strong><\/p>\n<p>B\u1ea3o qu\u1ea3n trong nh\u00e0 n\u01a1i kh\u00f4 r\u00e1o, tho\u00e1ng m\u00e1t, tr\u00e1nh m\u01b0a v\u00e0 \u00e1nh s\u00e1ng m\u1eb7t tr\u1eddi v\u00e0 nhi\u1ec7t \u0111\u1ed9 cao.<\/p>\n<p><strong>QUICSEAL 510\u00a0<\/strong>c\u00f3 th\u1eddi gian s\u1eed d\u1ee5ng 12 th\u00e1ng khi \u0111\u01b0\u1ee3c b\u1ea3o qu\u1ea3n trong bao b\u00ec c\u00f2n nguy\u00ean v\u1eb9n.<\/p>\n<p><strong>\u0110\u1ed9 ph\u1ee7 \/ Ti\u00eau hao<\/strong><\/p>\n<table border=\"1\" cellspacing=\"0\" cellpadding=\"0\">\n<tbody>\n<tr>\n<td>\n<p align=\"center\"><strong>\u0110\u1ed9 s\u1ec7t<\/strong><\/p>\n<\/td>\n<td>\n<p align=\"center\"><strong>L\u01b0\u1ee3ng n\u01b0\u1edbc y\u00eau c\u1ea7u<\/strong><\/p>\n<\/td>\n<td>\n<p align=\"center\"><strong>Ti\u00eau hao\/ g\u00f3i<\/strong><\/p>\n<\/td>\n<\/tr>\n<tr>\n<td>Ch\u1ea3y \u0111\u01b0\u1ee3c<\/td>\n<td>\n<p align=\"center\">4,3 &#8211; 4,5 l\u00edt<\/p>\n<\/td>\n<td>\n<p align=\"center\">13,5 l\u00edt<\/p>\n<\/td>\n<\/tr>\n<tr>\n<td>B\u00ea t\u00f4ng \u0111\u00fac s\u1eb5n (v\u1eefa tr\u00e1t)<\/td>\n<td>\n<p align=\"center\">3,3 &#8211; 3,5 l\u00edt<\/p>\n<\/td>\n<td>\n<p align=\"center\">12,0 l\u00edt<\/p>\n<\/td>\n<\/tr>\n<\/tbody>\n<\/table>\n<p><strong>S\u1ee9c kh\u1ecfe v\u00e0 an to\u00e0n<\/strong><\/p>\n<p><strong>QUICSEAL 510<\/strong>\u00a0kh\u00f4ng \u0111\u1ed9c h\u1ea1i, nh\u01b0ng n\u00f3 c\u00f3 t\u00ednh ki\u1ec1m trong t\u1ef1 nhi\u00ean. N\u00ean c\u00f3 qu\u1ea7n \u00e1o b\u1ea3o h\u1ed9, m\u1eb7t n\u1ea1 v\u00e0 g\u0103ng tay trong qu\u00e1 tr\u00ecnh thi c\u00f4ng.<\/p>\n","protected":false},"excerpt":{"rendered":"<p>QUICSEAL 510\u00a0l\u00e0 v\u1eefa xi m\u0103ng kh\u00f4ng co ng\u00f3t \u0111\u01b0\u1ee3c cung c\u1ea5p tr\u1ed9n s\u1eb5n v\u1edbi c\u00f4ng th\u1ee9c \u0111\u1eb7c bi\u1ec7t ph\u00f9 h\u1ee3p cho nhi\u1ec1u m\u1ee5c \u0111\u00edch.\u00a0QUICSEAL 510\u00a0kh\u00f4ng ch\u1ee9a kim lo\u1ea1i v\u00e0 kh\u00f4ng ch\u1ee9a clo v\u00e0 d\u1ec5 s\u1eed d\u1ee5ng, ch\u1ec9 y\u00eau c\u1ea7u th\u00eam n\u01b0\u1edbc \u0111\u1ec3 t\u1ea1o h\u1ed7n h\u1ee3p v\u1eefa ch\u1ea3y t\u1ef1 do kh\u00f4ng co ng\u00f3t. \u01afu \u0111i\u1ec3m V\u1eefa [&#8230;]\n","protected":false},"featured_media":469,"comment_status":"open","ping_status":"closed","template":"","meta":[],"product_cat":[70],"product_tag":[],"class_list":{"0":"post-468","1":"product","2":"type-product","3":"status-publish","4":"has-post-thumbnail","6":"product_cat-quicseal","8":"first","9":"instock","10":"shipping-taxable","11":"product-type-simple"},"_links":{"self":[{"href":"http:\/\/www.chongthamtruongson.vn\/index.php?rest_route=\/wp\/v2\/product\/468","targetHints":{"allow":["GET"]}}],"collection":[{"href":"http:\/\/www.chongthamtruongson.vn\/index.php?rest_route=\/wp\/v2\/product"}],"about":[{"href":"http:\/\/www.chongthamtruongson.vn\/index.php?rest_route=\/wp\/v2\/types\/product"}],"replies":[{"embeddable":true,"href":"http:\/\/www.chongthamtruongson.vn\/index.php?rest_route=%2Fwp%2Fv2%2Fcomments&post=468"}],"wp:featuredmedia":[{"embeddable":true,"href":"http:\/\/www.chongthamtruongson.vn\/index.php?rest_route=\/wp\/v2\/media\/469"}],"wp:attachment":[{"href":"http:\/\/www.chongthamtruongson.vn\/index.php?rest_route=%2Fwp%2Fv2%2Fmedia&parent=468"}],"wp:term":[{"taxonomy":"product_cat","embeddable":true,"href":"http:\/\/www.chongthamtruongson.vn\/index.php?rest_route=%2Fwp%2Fv2%2Fproduct_cat&post=468"},{"taxonomy":"product_tag","embeddable":true,"href":"http:\/\/www.chongthamtruongson.vn\/index.php?rest_route=%2Fwp%2Fv2%2Fproduct_tag&post=468"}],"curies":[{"name":"wp","href":"https:\/\/api.w.org\/{rel}","templated":true}]}}