{"id":462,"date":"2024-06-20T16:56:30","date_gmt":"2024-06-20T16:56:30","guid":{"rendered":"http:\/\/localhost\/wordpress\/?post_type=product&#038;p=462"},"modified":"2024-06-20T16:56:30","modified_gmt":"2024-06-20T16:56:30","slug":"quicseal-144-chong-tham-goc-xi-mang-hai-thanh-phan","status":"publish","type":"product","link":"http:\/\/www.chongthamtruongson.vn\/?product=quicseal-144-chong-tham-goc-xi-mang-hai-thanh-phan","title":{"rendered":"Quicseal 144 &#8211; Ch\u1ed1ng Th\u1ea5m G\u1ed1c Xi M\u0103ng Hai Th\u00e0nh Ph\u1ea7n"},"content":{"rendered":"<p>Quicseal 144 l\u00e0 sa\u0309n ph\u1ea9m ma\u0300ng ch\u00f4\u0301ng th\u1ea5m xi m\u0103ng de\u0309o hai tha\u0300nh ph\u00e2\u0300n bao g\u1ed3m nh\u1ef1a t\u1ed5ng h\u1ee3p pha tr\u1ed9n v\u1edbi h\u1ed7n h\u1ee3p xi m\u0103ng \u0111\u01b0\u1ee3c ch\u1ecdn l\u1ecdc v\u00e0 ca\u0301c ch\u00e2\u0301t phu\u0323 gia cao c\u00e2\u0301p kha\u0301c.<\/p>\n<p>Khi \u0111\u01b0\u1ee3c tr\u1ed9n, Quicseal 144 tr\u1edf th\u00e0nh h\u00f4\u0303n h\u01a1\u0323p v\u01b0\u0303a mi\u0323n v\u00e0 d\u1ec5 d\u00e0ng thi c\u00f4ng b\u1eb1ng co\u0323, rul\u00f4.<\/p>\n<p>Quicseal 144 c\u00f3 th\u1ec3 thi c\u00f4ng tr\u00ean b\u1ec1 m\u1eb7t n\u1ec1n \u1ea9m. M\u00e0ng sau khi \u0111\u00f3ng r\u1eafn d\u1ebbo, b\u1ec1n v\u00e0 c\u00f3 \u0111\u1ed9 b\u00e1m d\u00ednh t\u1ed1t tr\u00ean h\u1ea7u h\u1ebft b\u1ec1 m\u1eb7t n\u1ec1n x\u00e2y d\u1ef1ng. C\u1ea5u tr\u00fac h\u00f3a h\u1ecdc \u0111\u1ed3ng nh\u1ea5t c\u1ee7a n\u00f3 t\u1ea1o th\u00e0nh l\u1edbp m\u00e0ng tho\u00e1ng kh\u00ed cho ph\u00e9p b\u1ed1c h\u01a1i n\u01b0\u1edbc v\u00e0 kh\u00f4ng th\u1ea5m n\u01b0\u1edbc.<\/p>\n<p>\u1ee8ng d\u1ee5ng<\/p>\n<p>Ch\u1ed1ng th\u1ea5m khu v\u01b0\u0323c nha\u0300 b\u1ebfp v\u00e0 nh\u00e0 v\u1ec7 sinh<br \/>\nCh\u1ed1ng th\u1ea5m ban c\u00f4ng<br \/>\nCh\u1ed1ng th\u1ea5m b\u1ed3n hoa, m\u00e1ng n\u01b0\u1edbc<br \/>\nB\u1ea3o v\u1ec7 k\u1ebft c\u1ea5u b\u00ea t\u00f4ng trong m\u00f4i tr\u01b0\u1eddng bi\u1ec3n<br \/>\nCh\u00f4\u0301ng th\u00e2\u0301m b\u1ec3 n\u01b0\u1edbc s\u1ea1ch, h\u1ed3 ch\u1ee9a n\u01b0\u1edbc, b\u1ec3 x\u1eed l\u00fd n\u01b0\u1edbc th\u1ea3i<br \/>\nCh\u00f4\u0301ng th\u00e2\u0301m t\u01b0\u01a1\u0300ng \u0111\u1ea7u h\u1ed3i \u0111\u00fac s\u1eb5n, t\u01b0\u1eddng bao t\u1ea7ng h\u1ea7m (t\u01b0\u1eddng ngo\u00e0i).<br \/>\n\u01afu \u0111i\u1ec3m<\/p>\n<p>Th\u01a1\u0300i gian \u0111\u00f3ng r\u1eafn nhanh<br \/>\nV\u00e2\u0323t li\u00ea\u0323u \u0111o\u0301ng go\u0301i s\u0103\u0303n, d\u00ea\u0303 ho\u0300a tr\u00f4\u0323n va\u0300 thi c\u00f4ng<br \/>\nCh\u1ea5t l\u01b0\u1ee3ng ch\u00f4\u0301ng th\u00e2\u0301m tuy\u1ec7t v\u1eddi<br \/>\nBa\u0301m di\u0301nh t\u1ed1t v\u01a1\u0301i ca\u0301c v\u00e2\u0323t li\u00ea\u0323u kha\u0301c nh\u01b0: b\u00ea t\u00f4ng, t\u01b0\u1eddng g\u1ea1ch&#8230;<br \/>\nCh\u00f4\u0301ng m\u00f4i tr\u01b0\u01a1\u0300ng s\u01b0\u01a1ng gia\u0301 va\u0300 x\u00e2m th\u01b0\u0323c mu\u00f4\u0301i<br \/>\nKh\u00f4ng ch\u1ee9a clorua ho\u1eb7c mu\u1ed1i \u0103n m\u00f2n kh\u00e1c<br \/>\nKh\u00f4ng ch\u01b0\u0301a ch\u00e2\u0301t \u0111\u00f4\u0323c ha\u0323i<br \/>\nCo\u0301 th\u00ea\u0309 thi c\u00f4ng tr\u00ean n\u00ea\u0300n \u00e2\u0309m<br \/>\nChu\u00e2\u0309n bi\u0323 b\u00ea\u0300 m\u0103\u0323t thi c\u00f4ng<\/p>\n<p>B\u00ea\u0300 m\u0103\u0323t thi c\u00f4ng pha\u0309i sa\u0323ch, kh\u00f4ng di\u0301nh v\u01b0\u0303a, b\u00f4\u0323t xi m\u0103ng, bu\u0323i ho\u0103\u0323c d\u00e2\u0300u, m\u01a1\u0303, n\u00e2\u0301m m\u00f4\u0301c, ch\u00e2\u0301t ba\u0309o d\u01b0\u01a1\u0303ng ho\u0103\u0323c ca\u0301c ch\u00e2\u0301t kha\u0301c a\u0309nh h\u01b0\u01a1\u0309ng \u0111\u00ea\u0301n \u0111\u00f4\u0323 ba\u0301m di\u0301nh sa\u0309n ph\u00e2\u0309m.<\/p>\n<p>B\u00ea\u0300 m\u0103\u0323t b\u00ea t\u00f4ng pha\u0309i \u0111\u01b0\u01a1\u0323c tra\u0301m ph\u0103\u0309ng. B\u00ea\u0300 m\u0103\u0323t b\u00ea t\u00f4ng bi\u0323 r\u00f4\u0309, bong tro\u0301c ho\u0103\u0323c bi\u0323 pha\u0301 hu\u0309y pha\u0309i \u0111\u01b0\u01a1\u0323c s\u01b0\u0309a ch\u1eefa b\u0103\u0300ng h\u00ea\u0323 th\u00f4\u0301ng s\u01b0\u0309a ch\u1eefa cu\u0309a QUICSEAL.<\/p>\n<p>C\u00e2\u0300n s\u01b0\u0309 du\u0323ng v\u01b0\u0303a tra\u0301m tre\u0301t ca\u0301c khu v\u01b0\u0323c go\u0301c ca\u0323nh cu\u0309a c\u00e2\u0301u ki\u00ea\u0323n c\u00e2\u0300n ch\u00f4\u0301ng th\u00e2\u0301m. Khu v\u01b0\u0323c ch\u00e2n t\u01b0\u01a1\u0300ng cu\u0303ng pha\u0309i \u0111\u01b0\u01a1\u0323c tra\u0301m tre\u0301t.<\/p>\n<p>Qua\u0301 tri\u0300nh thi c\u00f4ng, ma\u0300ng ch\u00f4\u0301ng th\u00e2\u0301m co\u0301 th\u00ea\u0309 thi c\u00f4ng tr\u00ean ca\u0301c b\u00ea\u0300 m\u0103\u0323t \u00e2\u0309m, nh\u01b0ng kh\u00f4ng \u0111\u01b0\u01a1\u0323c \u0111\u00ea\u0309 b\u00ea\u0300 m\u0103\u0323t thi c\u00f4ng bi\u0323 \u0111\u1ecdng n\u01b0\u01a1\u0301c.<\/p>\n<p>H\u01b0\u01a1\u0301ng d\u00e2\u0303n ca\u0301ch ho\u0300a tr\u00f4\u0323n<\/p>\n<p>Cho ph\u00e2\u0300n A (da\u0323ng lo\u0309ng) va\u0300o trong thu\u0300ng ch\u01b0\u0301a sa\u0323ch. T\u01b0\u0300 t\u01b0\u0300 cho ph\u00e2\u0300n B (da\u0323ng b\u00f4\u0323t) va\u0300o thu\u0300ng ch\u01b0\u0301a va\u0300 s\u01b0\u0309 du\u0323ng ma\u0301y tr\u00f4\u0323n v\u01a1\u0301i t\u00f4\u0301c \u0111\u00f4\u0323 th\u00e2\u0301p, tr\u00f4\u0323n \u0111\u00ea\u0300u 2 tha\u0300nh ph\u00e2\u0300n \u0111\u1ebfn khi kh\u00f4ng c\u00f2n v\u00f3n c\u1ee5c. Ng\u01b0\u0300ng tr\u1ed9n trong 5 phu\u0301t va\u0300 tr\u00f4\u0323n la\u0323i b\u1eb1ng tay tr\u01b0\u01a1\u0301c khi s\u01b0\u0309 du\u0323ng. S\u1eed d\u1ee5ng v\u1eadt li\u1ec7u trong th\u1eddi gian 45 ph\u00fat sau khi tr\u1ed9n.<\/p>\n<p>Thi c\u00f4ng<\/p>\n<p>\u0110\u1ed1i v\u1edbi c\u00e1c b\u1ec1 m\u1eb7t n\u1eb1m ngang v\u00e0 th\u1eb3ng \u0111\u1ee9ng, s\u1eed d\u1ee5ng c\u1ecd ho\u1eb7c rul\u00f4 thi c\u00f4ng. Ph\u1ea3i thao t\u00e1c c\u1ea9n tr\u1ecdng \u0111\u1ec3 \u0111\u1ea3m b\u1ea3o kh\u00f4ng c\u00f3 b\u1ecdt kh\u00ed trong m\u00e0ng.<\/p>\n<p>Qu\u00e9t l\u1edbp Quicseal 144 th\u1ee9 nh\u1ea5t, sau \u0111\u00f3 \u0111\u1ec3 kh\u00f4. \u0110\u1ed3ng th\u1eddi \u0111\u1ea3m b\u1ea3o t\u1ea5t c\u1ea3 c\u00e1c m\u1ed1i n\u1ed1i, g\u00f3c c\u1ea1nh ch\u00e2n t\u01b0\u1eddng \u0111\u1ec1u \u0111\u01b0\u1ee3c ph\u1ee7 k\u00edn, n\u00ean d\u00f9ng c\u1ecd \u0111\u1ec3 qu\u00e9t. Sau khi m\u00e0ng \u0111\u1ec3 kh\u00f4 kho\u1ea3ng 3 ~ 6 gi\u1edd th\u00ec ti\u1ebfp t\u1ee5c qu\u00e9t l\u1edbp th\u1ee9 hai.<\/p>\n<p>Sau khi \u0111\u00e3 \u0111\u00f3ng r\u1eafn, c\u00e1n l\u1edbp v\u1eefa b\u1ea3o v\u1ec7 m\u00e0ng quicseal 144 c\u00e0ng s\u1edbm c\u00e0ng t\u1ed1t. C\u1ea7n b\u1ea3o v\u1ec7 m\u00e0ng kh\u00f4ng b\u1ecb h\u01b0 h\u1ecfng trong qu\u00e1 tr\u00ecnh \u0111\u00f3ng r\u1eafn v\u00e0 trong qu\u00e1 tr\u00ecnh c\u00e1n v\u1eefa b\u1ea3o v\u1ec7.<\/p>\n<p>\u0110\u00f3ng g\u00f3i v\u00e0 \u0111\u1ecbnh m\u1ee9c<\/p>\n<p>Quicseal 144 \u0111\u01b0\u1ee3c \u0111\u00f3ng g\u00f3i 22.5 kg\/b\u1ed9<\/p>\n<p>\u0110\u1ecbnh m\u1ee9c: 1.1 kg\/m2\/l\u1edbp<\/p>\n<p>(X\u1ea5p x\u1ec9 2.2 kg\/m2 \u00e1p d\u1ee5ng cho 2 l\u1edbp l\u00e0 ph\u00f9 h\u1ee3p theo y\u00eau c\u1ea7u, v\u00e0 t\u00f9y thu\u1ed9c v\u00e0o \u0111i\u1ec1u ki\u1ec7n thi c\u00f4ng)<\/p>\n<p>B\u1ea3o qu\u1ea3n<\/p>\n<p>Th\u1eddi gian b\u1ea3o qu\u1ea3n Quicseal 144 l\u00e0 12 th\u00e1ng khi ch\u01b0a m\u1edf n\u1eafp trong \u0111i\u1ec1u ki\u1ec7n tho\u00e1ng m\u00e1t v\u00e0 kh\u00f4 r\u00e1o.<\/p>\n<p>S\u1ee9c kh\u1ecfe v\u00e0 an to\u00e0n<\/p>\n<p>N\u00ean \u0111eo g\u0103ng tay v\u00e0 k\u00ednh b\u1ea3o h\u1ed9, khi b\u1ecb b\u1eafn v\u00e0o da ho\u1eb7c m\u1eaft ph\u1ea3i r\u1eeda b\u1eb1ng n\u01b0\u1edbc s\u1ea1ch, trong tr\u01b0\u1eddng h\u1ee3p k\u00edch th\u00edch k\u00e9o d\u00e0i, ph\u1ea3i t\u00ecm t\u01b0 v\u1ea5n y t\u1ebf. B\u1ed9t s\u1ea3n ph\u1ea9m c\u1ea7n \u0111\u01b0\u1ee3c x\u1eed l\u00fd \u0111\u1ec3 gi\u1ea3m thi\u1ec3u s\u1ef1 h\u00ecnh th\u00e0nh b\u1ee5i. C\u1ea7n d\u00f9ng \u0111\u1ed3 b\u1ea3o h\u1ed9, m\u1eb7t n\u1ea1 n\u1ebfu qu\u00e1 nhi\u1ec1u b\u1ee5i.<\/p>\n","protected":false},"excerpt":{"rendered":"<p>Quicseal 144 l\u00e0 sa\u0309n ph\u1ea9m ma\u0300ng ch\u00f4\u0301ng th\u1ea5m xi m\u0103ng de\u0309o hai tha\u0300nh ph\u00e2\u0300n bao g\u1ed3m nh\u1ef1a t\u1ed5ng h\u1ee3p pha tr\u1ed9n v\u1edbi h\u1ed7n h\u1ee3p xi m\u0103ng \u0111\u01b0\u1ee3c ch\u1ecdn l\u1ecdc v\u00e0 ca\u0301c ch\u00e2\u0301t phu\u0323 gia cao c\u00e2\u0301p kha\u0301c. Khi \u0111\u01b0\u1ee3c tr\u1ed9n, Quicseal 144 tr\u1edf th\u00e0nh h\u00f4\u0303n h\u01a1\u0323p v\u01b0\u0303a mi\u0323n v\u00e0 d\u1ec5 d\u00e0ng thi c\u00f4ng b\u1eb1ng co\u0323, [&#8230;]\n","protected":false},"featured_media":463,"comment_status":"open","ping_status":"closed","template":"","meta":[],"product_cat":[70],"product_tag":[],"class_list":{"0":"post-462","1":"product","2":"type-product","3":"status-publish","4":"has-post-thumbnail","6":"product_cat-quicseal","8":"first","9":"instock","10":"shipping-taxable","11":"product-type-simple"},"_links":{"self":[{"href":"http:\/\/www.chongthamtruongson.vn\/index.php?rest_route=\/wp\/v2\/product\/462","targetHints":{"allow":["GET"]}}],"collection":[{"href":"http:\/\/www.chongthamtruongson.vn\/index.php?rest_route=\/wp\/v2\/product"}],"about":[{"href":"http:\/\/www.chongthamtruongson.vn\/index.php?rest_route=\/wp\/v2\/types\/product"}],"replies":[{"embeddable":true,"href":"http:\/\/www.chongthamtruongson.vn\/index.php?rest_route=%2Fwp%2Fv2%2Fcomments&post=462"}],"wp:featuredmedia":[{"embeddable":true,"href":"http:\/\/www.chongthamtruongson.vn\/index.php?rest_route=\/wp\/v2\/media\/463"}],"wp:attachment":[{"href":"http:\/\/www.chongthamtruongson.vn\/index.php?rest_route=%2Fwp%2Fv2%2Fmedia&parent=462"}],"wp:term":[{"taxonomy":"product_cat","embeddable":true,"href":"http:\/\/www.chongthamtruongson.vn\/index.php?rest_route=%2Fwp%2Fv2%2Fproduct_cat&post=462"},{"taxonomy":"product_tag","embeddable":true,"href":"http:\/\/www.chongthamtruongson.vn\/index.php?rest_route=%2Fwp%2Fv2%2Fproduct_tag&post=462"}],"curies":[{"name":"wp","href":"https:\/\/api.w.org\/{rel}","templated":true}]}}