{"id":650,"date":"2024-06-26T16:48:54","date_gmt":"2024-06-26T16:48:54","guid":{"rendered":"http:\/\/localhost\/wordpress\/?page_id=650"},"modified":"2024-06-28T00:08:23","modified_gmt":"2024-06-28T00:08:23","slug":"du-an","status":"publish","type":"page","link":"http:\/\/www.chongthamtruongson.vn\/?page_id=650","title":{"rendered":"D\u1ef1 \u00c1n"},"content":{"rendered":"\n\n  <div class=\"banner has-hover\" id=\"banner-368105389\">\n          <div class=\"banner-inner fill\">\n        <div class=\"banner-bg fill\" >\n            <div class=\"bg fill bg-fill \"><\/div>\n                                    \n                    <\/div>\n\t\t\n        <div class=\"banner-layers container\">\n            <div class=\"fill banner-link\"><\/div>            \n\n   <div id=\"text-box-1548167720\" class=\"text-box banner-layer x50 md-x50 lg-x50 y50 md-y50 lg-y50 res-text\">\n                                <div class=\"text-box-content text dark\">\n              \n              <div class=\"text-inner text-center\">\n                  \n\n\n              <\/div>\n           <\/div>\n                            \n<style>\n#text-box-1548167720 {\n  width: 60%;\n}\n#text-box-1548167720 .text-box-content {\n  font-size: 100%;\n}\n@media (min-width:550px) {\n  #text-box-1548167720 {\n    width: 60%;\n  }\n}\n<\/style>\n    <\/div>\n \n\n        <\/div>\n      <\/div>\n\n            \n<style>\n#banner-368105389 {\n  padding-top: 500px;\n}\n#banner-368105389 .bg.bg-loaded {\n  background-image: url(http:\/\/www.chongthamtruongson.vn\/wp-content\/uploads\/2024\/06\/bia-truong-son.jpg);\n}\n<\/style>\n  <\/div>\n\n\n\t<section class=\"section\" id=\"section_350148669\">\n\t\t<div class=\"bg section-bg fill bg-fill  bg-loaded\" >\n\n\t\t\t\n\t\t\t\n\t\t\t\n\n\t\t<\/div>\n\n\t\t\n\n\t\t<div class=\"section-content relative\">\n\t\t\t\n\n\t<div id=\"text-3829191314\" class=\"text\">\n\t\t\n\n<p style=\"text-align: center;\"><strong>C\u00d4NG TR\u00ccNH TI\u00caU BI\u1ec2U<\/strong><\/p>\n\t\t\n<style>\n#text-3829191314 {\n  font-size: 1.7rem;\n  line-height: 0.75;\n  text-align: center;\n  color: rgb(255, 102, 0);\n}\n#text-3829191314 > * {\n  color: rgb(255, 102, 0);\n}\n<\/style>\n\t<\/div>\n\t\n<div class=\"row\"  id=\"row-675040262\">\n\n\n\t<div id=\"col-1322384175\" class=\"col medium-4 small-12 large-4\"  >\n\t\t\t\t<div class=\"col-inner\"  >\n\t\t\t\n\t\t\t\n\n\t<div class=\"box has-hover   has-hover box-text-bottom\" >\n\n\t\t<div class=\"box-image\" >\n\t\t\t\t\t\t<div class=\"image-cover\" style=\"padding-top:75%;\">\n\t\t\t\t<img loading=\"lazy\" decoding=\"async\" width=\"999\" height=\"562\" src=\"http:\/\/www.chongthamtruongson.vn\/wp-content\/uploads\/2024\/06\/teco-center-point.jpg\" class=\"attachment- size-\" alt=\"\" \/>\t\t\t\t\t\t\t\t\t\t\t<\/div>\n\t\t\t\t\t<\/div>\n\n\t\t<div class=\"box-text text-center\" >\n\t\t\t<div class=\"box-text-inner\">\n\t\t\t\t\n\n<h4>CHUNG C\u01af TECCO CENTER POINT<\/h4>\n\n\t\t\t<\/div>\n\t\t<\/div>\n\t<\/div>\n\t\n\n\t\t<\/div>\n\t\t\t\t\t<\/div>\n\n\t\n\n\t<div id=\"col-1909331920\" class=\"col medium-4 small-12 large-4\"  >\n\t\t\t\t<div class=\"col-inner\"  >\n\t\t\t\n\t\t\t\n\n\t<div class=\"box has-hover   has-hover box-text-bottom\" >\n\n\t\t<div class=\"box-image\" >\n\t\t\t\t\t\t<div class=\"image-cover\" style=\"padding-top:75%;\">\n\t\t\t\t<img loading=\"lazy\" decoding=\"async\" width=\"1598\" height=\"1132\" src=\"http:\/\/www.chongthamtruongson.vn\/wp-content\/uploads\/2024\/06\/chung-cu-ruby.png\" class=\"attachment- size-\" alt=\"\" \/>\t\t\t\t\t\t\t\t\t\t\t<\/div>\n\t\t\t\t\t<\/div>\n\n\t\t<div class=\"box-text text-center\" >\n\t\t\t<div class=\"box-text-inner\">\n\t\t\t\t\n\n<h4><a href=\"http:\/\/localhost\/wordpress\/Trang m\u1eabu\/\" data-wplink-url-error=\"true\">CHUNG C\u01af RUBY TOWER<\/a><\/h4>\n\n\t\t\t<\/div>\n\t\t<\/div>\n\t<\/div>\n\t\n\n\t\t<\/div>\n\t\t\t\t\t<\/div>\n\n\t\n\n\t<div id=\"col-444868283\" class=\"col medium-4 small-12 large-4\"  >\n\t\t\t\t<div class=\"col-inner\"  >\n\t\t\t\n\t\t\t\n\n\t<div class=\"box has-hover   has-hover box-text-bottom\" >\n\n\t\t<div class=\"box-image\" >\n\t\t\t\t\t\t<div class=\"image-cover\" style=\"padding-top:75%;\">\n\t\t\t\t<img loading=\"lazy\" decoding=\"async\" width=\"547\" height=\"559\" src=\"http:\/\/www.chongthamtruongson.vn\/wp-content\/uploads\/2024\/06\/luis.jpg\" class=\"attachment- size-\" alt=\"\" \/>\t\t\t\t\t\t\t\t\t\t\t<\/div>\n\t\t\t\t\t<\/div>\n\n\t\t<div class=\"box-text text-center\" >\n\t\t\t<div class=\"box-text-inner\">\n\t\t\t\t\n\n<h4>CHUNG C\u01af LOUIS APARTMENT TOWER<\/h4>\n\n\t\t\t<\/div>\n\t\t<\/div>\n\t<\/div>\n\t\n\n\t\t<\/div>\n\t\t\t\t\t<\/div>\n\n\t\n\n<\/div>\n<div class=\"row\"  id=\"row-247228940\">\n\n\n\t<div id=\"col-1486586441\" class=\"col medium-4 small-12 large-4\"  >\n\t\t\t\t<div class=\"col-inner\"  >\n\t\t\t\n\t\t\t\n\n\t<div class=\"box has-hover   has-hover box-text-bottom\" >\n\n\t\t<div class=\"box-image\" >\n\t\t\t\t\t\t<div class=\"image-cover\" style=\"padding-top:75%;\">\n\t\t\t\t<img loading=\"lazy\" decoding=\"async\" width=\"1440\" height=\"938\" src=\"http:\/\/www.chongthamtruongson.vn\/wp-content\/uploads\/2024\/06\/chung-cu-tan-thanh-eco3-1.jpg\" class=\"attachment- size-\" alt=\"\" \/>\t\t\t\t\t\t\t\t\t\t\t<\/div>\n\t\t\t\t\t<\/div>\n\n\t\t<div class=\"box-text text-center\" style=\"padding:0px 0px 20px 0px;\">\n\t\t\t<div class=\"box-text-inner\">\n\t\t\t\t\n\n<h4>CHUNG C\u01af T\u00c2N TH\u00c0NH ECO 3<\/h4>\n\n\t\t\t<\/div>\n\t\t<\/div>\n\t<\/div>\n\t\n\n\t\t<\/div>\n\t\t\t\t\t<\/div>\n\n\t\n\n\t<div id=\"col-1481893920\" class=\"col medium-4 small-12 large-4\"  >\n\t\t\t\t<div class=\"col-inner\"  >\n\t\t\t\n\t\t\t\n\n\t<div class=\"box has-hover   has-hover box-text-bottom\" >\n\n\t\t<div class=\"box-image\" >\n\t\t\t\t\t\t<div class=\"image-cover\" style=\"padding-top:75%;\">\n\t\t\t\t<img loading=\"lazy\" decoding=\"async\" width=\"1920\" height=\"1080\" src=\"http:\/\/www.chongthamtruongson.vn\/wp-content\/uploads\/2024\/06\/dong-bac.jpg\" class=\"attachment- size-\" alt=\"\" \/>\t\t\t\t\t\t\t\t\t\t\t<\/div>\n\t\t\t\t\t<\/div>\n\n\t\t<div class=\"box-text text-center\" >\n\t\t\t<div class=\"box-text-inner\">\n\t\t\t\t\n\n<h4>CHUNG C\u01af \u0110\u00d4NG B\u1eaeC TOWER<\/h4>\n\n\t\t\t<\/div>\n\t\t<\/div>\n\t<\/div>\n\t\n\n\t\t<\/div>\n\t\t\t\t\t<\/div>\n\n\t\n\n\t<div id=\"col-479768143\" class=\"col medium-4 small-12 large-4\"  >\n\t\t\t\t<div class=\"col-inner\"  >\n\t\t\t\n\t\t\t\n\n\t<div class=\"box has-hover   has-hover box-text-bottom\" >\n\n\t\t<div class=\"box-image\" >\n\t\t\t\t\t\t<div class=\"image-cover\" style=\"padding-top:75%;\">\n\t\t\t\t<img loading=\"lazy\" decoding=\"async\" width=\"1000\" height=\"570\" src=\"http:\/\/www.chongthamtruongson.vn\/wp-content\/uploads\/2024\/06\/banner-in.jpg\" class=\"attachment- size-\" alt=\"\" \/>\t\t\t\t\t\t\t\t\t\t\t<\/div>\n\t\t\t\t\t<\/div>\n\n\t\t<div class=\"box-text text-center\" >\n\t\t\t<div class=\"box-text-inner\">\n\t\t\t\t\n\n<h4>HI\u1ec0N \u0110\u1ee8C PLAZA &#8211; SI\u00caU TH\u1eca CO.OPMART<\/h4>\n\n\t\t\t<\/div>\n\t\t<\/div>\n\t<\/div>\n\t\n\n\t\t<\/div>\n\t\t\t\t\t<\/div>\n\n\t\n\n<\/div>\n\n\t\t<\/div>\n\n\t\t\n<style>\n#section_350148669 {\n  padding-top: 30px;\n  padding-bottom: 30px;\n}\n<\/style>\n\t<\/section>\n\t\n\t<section class=\"section\" id=\"section_711298367\">\n\t\t<div class=\"bg section-bg fill bg-fill  \" >\n\n\t\t\t\n\t\t\t<div class=\"section-bg-overlay absolute fill\"><\/div>\n\t\t\t\n\n\t\t<\/div>\n\n\t\t\n\n\t\t<div class=\"section-content relative\">\n\t\t\t\n\n\t<div id=\"text-4142178333\" class=\"text\">\n\t\t\n\n<p style=\"text-align: center;\"><strong>C\u00d4NG TY C\u1ed4 PH\u1ea6N \u0110\u1ea6U T\u01af &amp;TM TR\u01af\u1edcNG S\u01a0N<\/strong><\/p>\n<p style=\"text-align: center;\">\u00a0<\/p>\n\t\t\n<style>\n#text-4142178333 {\n  font-size: 1.2rem;\n  line-height: 1.3;\n  text-align: center;\n  color: rgb(255, 255, 255);\n}\n#text-4142178333 > * {\n  color: rgb(255, 255, 255);\n}\n<\/style>\n\t<\/div>\n\t\n<div class=\"row\"  id=\"row-1765936550\">\n\n\n\t<div id=\"col-851929358\" class=\"col medium-4 small-12 large-4\"  >\n\t\t\t\t<div class=\"col-inner\"  >\n\t\t\t\n\t\t\t\n\n\t<div class=\"box has-hover   has-hover box-text-bottom\" >\n\n\t\t<div class=\"box-image\" style=\"width:25%;\">\n\t\t\t\t\t\t<div class=\"\" >\n\t\t\t\t<img loading=\"lazy\" decoding=\"async\" width=\"200\" height=\"200\" src=\"http:\/\/www.chongthamtruongson.vn\/wp-content\/uploads\/2024\/06\/icon-dia-diem.png\" class=\"attachment- size-\" alt=\"\" \/>\t\t\t\t\t\t\t\t\t\t\t<\/div>\n\t\t\t\t\t<\/div>\n\n\t\t<div class=\"box-text text-center\" >\n\t\t\t<div class=\"box-text-inner\">\n\t\t\t\t\n\n\t<div id=\"text-2715892599\" class=\"text\">\n\t\t\n\n<h4 style=\"text-align: center;\"><strong>Tr\u1ee5 s\u1edf<\/strong><\/h4>\n<p style=\"text-align: center;\">S\u1ed1 151 Th\u00f4i H\u1eefu, MB 1413 &#8211; P. \u0110\u00f4ng V\u1ec7 &#8211; TP. Thanh Ho\u00e1 &#8211; Thanh Ho\u00e1.<\/p>\n<h4 style=\"text-align: center;\"><strong>V\u0103n Ph\u00f2ng Ch\u00ednh<\/strong><\/h4>\n<p style=\"text-align: center;\">08 &#8211; B\u00f9i Kh\u1eafc Nh\u1ea5t &#8211; P. \u0110\u00f4ng H\u01b0\u01a1ng &#8211; TP. Thanh H\u00f3a<\/p>\n\t\t\n<style>\n#text-2715892599 {\n  color: rgb(255, 255, 255);\n}\n#text-2715892599 > * {\n  color: rgb(255, 255, 255);\n}\n<\/style>\n\t<\/div>\n\t\n\n\t\t\t<\/div>\n\t\t<\/div>\n\t<\/div>\n\t\n\n\t\t<\/div>\n\t\t\t\t\t<\/div>\n\n\t\n\n\t<div id=\"col-813634967\" class=\"col medium-4 small-12 large-4\"  >\n\t\t\t\t<div class=\"col-inner\"  >\n\t\t\t\n\t\t\t\n\n\t<div class=\"box has-hover   has-hover box-text-bottom\" >\n\n\t\t<div class=\"box-image\" style=\"width:25%;\">\n\t\t\t\t\t\t<div class=\"\" >\n\t\t\t\t<img loading=\"lazy\" decoding=\"async\" width=\"200\" height=\"200\" src=\"http:\/\/www.chongthamtruongson.vn\/wp-content\/uploads\/2024\/06\/icon-dien-thoai.png\" class=\"attachment- size-\" alt=\"\" \/>\t\t\t\t\t\t\t\t\t\t\t<\/div>\n\t\t\t\t\t<\/div>\n\n\t\t<div class=\"box-text text-center\" >\n\t\t\t<div class=\"box-text-inner\">\n\t\t\t\t\n\n\t<div id=\"text-2864266737\" class=\"text\">\n\t\t\n\n<h3 class=\"uppercase\" style=\"text-align: center;\">HoTLINE<\/h3>\n<p style=\"text-align: center;\">0984 822 123<\/p>\n<p style=\"text-align: center;\">0915 586 234 (Ph\u00f2ng K\u1ef9 Thu\u1eadt)<\/p>\n<p style=\"text-align: center;\">0972 498 386 (Ph\u00f2ng K\u1ebf To\u00e1n)<\/p>\n\t\t\n<style>\n#text-2864266737 {\n  color: rgb(255, 255, 255);\n}\n#text-2864266737 > * {\n  color: rgb(255, 255, 255);\n}\n<\/style>\n\t<\/div>\n\t\n\n\t\t\t<\/div>\n\t\t<\/div>\n\t<\/div>\n\t\n\n\t\t<\/div>\n\t\t\t\t\t<\/div>\n\n\t\n\n\t<div id=\"col-2120628893\" class=\"col medium-4 small-12 large-4\"  >\n\t\t\t\t<div class=\"col-inner\"  >\n\t\t\t\n\t\t\t\n\n\t<div class=\"box has-hover   has-hover box-text-bottom\" >\n\n\t\t<div class=\"box-image\" style=\"width:25%;\">\n\t\t\t\t\t\t<div class=\"\" >\n\t\t\t\t<img loading=\"lazy\" decoding=\"async\" width=\"200\" height=\"200\" src=\"http:\/\/www.chongthamtruongson.vn\/wp-content\/uploads\/2024\/06\/icon-email.png\" class=\"attachment- size-\" alt=\"\" \/>\t\t\t\t\t\t\t\t\t\t\t<\/div>\n\t\t\t\t\t<\/div>\n\n\t\t<div class=\"box-text text-center\" >\n\t\t\t<div class=\"box-text-inner\">\n\t\t\t\t\n\n\t<div id=\"text-1696323267\" class=\"text\">\n\t\t\n\n<h4 style=\"text-align: center;\"><strong>Email<\/strong><\/h4>\n<p style=\"text-align: center;\">chongthamthanhhoa.vn@gmail.com<\/p>\n\t\t\n<style>\n#text-1696323267 {\n  color: rgb(255, 255, 255);\n}\n#text-1696323267 > * {\n  color: rgb(255, 255, 255);\n}\n<\/style>\n\t<\/div>\n\t\n\n\t\t\t<\/div>\n\t\t<\/div>\n\t<\/div>\n\t\n\n\t\t<\/div>\n\t\t\t\t\t<\/div>\n\n\t\n\n<\/div>\n\t<div id=\"text-343589206\" class=\"text\">\n\t\t\n\n<p style=\"text-align: center;\"><strong>CH\u1ed0NG TH\u1ea4M TR\u01af\u1edcNG S\u01a0N &#8211; UY T\u00cdN L\u00c0M N\u00caN TH\u01af\u01a0NG HI\u1ec6U<\/strong><\/p>\n<p style=\"text-align: center;\">\u00a0<\/p>\n\t\t\n<style>\n#text-343589206 {\n  font-size: 1.2rem;\n  line-height: 1.3;\n  text-align: center;\n  color: rgb(255, 255, 255);\n}\n#text-343589206 > * {\n  color: rgb(255, 255, 255);\n}\n<\/style>\n\t<\/div>\n\t\n\n\t\t<\/div>\n\n\t\t\n<style>\n#section_711298367 {\n  padding-top: 30px;\n  padding-bottom: 30px;\n}\n#section_711298367 .section-bg-overlay {\n  background-color: rgba(255, 102, 0, 0);\n}\n#section_711298367 .section-bg.bg-loaded {\n  background-image: url(http:\/\/www.chongthamtruongson.vn\/wp-content\/uploads\/2024\/06\/background-2.jpg);\n}\n<\/style>\n\t<\/section>\n\t\n\n","protected":false},"excerpt":{"rendered":"","protected":false},"author":1,"featured_media":0,"parent":0,"menu_order":1,"comment_status":"closed","ping_status":"closed","template":"page-blank.php","meta":{"footnotes":""},"class_list":["post-650","page","type-page","status-publish","hentry"],"_links":{"self":[{"href":"http:\/\/www.chongthamtruongson.vn\/index.php?rest_route=\/wp\/v2\/pages\/650","targetHints":{"allow":["GET"]}}],"collection":[{"href":"http:\/\/www.chongthamtruongson.vn\/index.php?rest_route=\/wp\/v2\/pages"}],"about":[{"href":"http:\/\/www.chongthamtruongson.vn\/index.php?rest_route=\/wp\/v2\/types\/page"}],"author":[{"embeddable":true,"href":"http:\/\/www.chongthamtruongson.vn\/index.php?rest_route=\/wp\/v2\/users\/1"}],"replies":[{"embeddable":true,"href":"http:\/\/www.chongthamtruongson.vn\/index.php?rest_route=%2Fwp%2Fv2%2Fcomments&post=650"}],"version-history":[{"count":3,"href":"http:\/\/www.chongthamtruongson.vn\/index.php?rest_route=\/wp\/v2\/pages\/650\/revisions"}],"predecessor-version":[{"id":717,"href":"http:\/\/www.chongthamtruongson.vn\/index.php?rest_route=\/wp\/v2\/pages\/650\/revisions\/717"}],"wp:attachment":[{"href":"http:\/\/www.chongthamtruongson.vn\/index.php?rest_route=%2Fwp%2Fv2%2Fmedia&parent=650"}],"curies":[{"name":"wp","href":"https:\/\/api.w.org\/{rel}","templated":true}]}}