{"id":540,"date":"2024-06-25T13:54:28","date_gmt":"2024-06-25T13:54:28","guid":{"rendered":"http:\/\/localhost\/wordpress\/?page_id=540"},"modified":"2024-07-21T20:03:42","modified_gmt":"2024-07-21T13:03:42","slug":"chong-tham-tang-ham-ho-thang-may","status":"publish","type":"page","link":"http:\/\/www.chongthamtruongson.vn\/?page_id=540","title":{"rendered":"Ch\u1ed1ng Th\u1ea5m T\u1ea7ng H\u1ea7m, H\u1ed1 Thang M\u00e1y"},"content":{"rendered":"\n\t<section class=\"section\" id=\"section_1027280885\">\n\t\t<div class=\"bg section-bg fill bg-fill  bg-loaded\" >\n\n\t\t\t\n\t\t\t<div class=\"effect-sliding-glass bg-effect fill no-click\"><\/div>\n\t\t\t\n\n\t\t<\/div>\n\n\t\t\n\n\t\t<div class=\"section-content relative\">\n\t\t\t\n\n<div class=\"container section-title-container\" ><h2 class=\"section-title section-title-center\"><b><\/b><span class=\"section-title-main\" style=\"color:rgb(255, 255, 255);\"><i class=\"icon-certificate\" ><\/i>Ch\u1ed1ng th\u1ea5m t\u1ea7ng h\u1ea7m, H\u1ed1 Pit thang m\u00e1y<\/span><b><\/b><\/h2><\/div>\n\n<div class=\"row\"  id=\"row-1643734532\">\n\n\n\t<div id=\"col-2055418516\" class=\"col medium-6 small-12 large-6\"  >\n\t\t\t\t<div class=\"col-inner\"  >\n\t\t\t\n\t\t\t\n\n\t<div id=\"text-831497476\" class=\"text\">\n\t\t\n\n<p>T\u1ea7ng h\u1ea7m hi\u1ec7n nay r\u1ea5t ph\u1ed5 bi\u1ebfn trong c\u00e1c ki\u1ebfn tr\u00fac \u0111\u00f4 th\u1ecb t\u1ea1i Vi\u1ec7t Nam. \u0110\u1eb7c bi\u1ec7t \u1edf c\u00e1c \u0111\u00f4 th\u1ecb l\u1edbn vi\u1ec7c c\u00e1c t\u00f2a nh\u00e0 b\u1ecb gi\u1edbi h\u1ea1n chi\u1ec1u cao ho\u1eb7c \u0111\u01b0\u1ee3c t\u1eadn d\u1ee5ng t\u1ed1i \u0111a cho m\u1ee5c \u0111\u00edch kinh doanh th\u00ec vi\u1ec7c m\u1ed9t c\u00f4ng tr\u00ecnh c\u00f3 t\u00e2ng h\u1ea7m kh\u00f4ng c\u00f2n l\u00e0 \u0111i\u1ec1u xa l\u1ea1. Vai tr\u00f2 c\u1ee7a t\u00e0ng h\u1ea7m l\u00e0 r\u1ea5t quan tr\u1ecdng \u0111\u1ec3 ti\u1ebft ki\u1ec7m kh\u00f4ng gian v\u00e0 t\u0103ng th\u00eam hi\u1ec7u qu\u1ea3 s\u1eed d\u1ee5ng cho to\u00e0n b\u1ed9 c\u00f4ng tr\u00ecnh. Nh\u1eefng ng\u01b0\u1eddi d\u00e2n \u0111\u00f4 th\u1ecb \u0111\u00e3 quen v\u1edbi vi\u1ec7c \u0111\u1ec3 xe trong c\u00e1c t\u1ea7ng h\u1ea7m t\u1ea1i c\u00e1c t\u00f2a cao \u1ed1c v\u0103n ph\u00f2ng hay c\u00e1c t\u00f2a chung c\u01b0. Kh\u00f4ng ch\u1ec9 c\u00f3 th\u1ebf nhi\u1ec1u khu \u0111\u00f4 th\u1ecb nh\u01b0 Royal City \u0111\u00e3 s\u1eed d\u1ee5ng t\u1ea7ng h\u1ea7m l\u00e0m n\u01a1i kinh doanh, l\u00e0m trung t\u00e2m th\u01b0\u01a1ng m\u1ea1i v\u00e0 khu gi\u1ea3i tr\u00ed.<\/p>\n<p>Tuy v\u1eady do \u0111\u01b0\u1ee3c thi\u1ebft k\u1ebf v\u00e0 thi c\u00f4ng \u1edf d\u01b0\u1edbi l\u00f2ng \u0111\u1ea5t n\u00ean t\u1ea7ng h\u1ea7m s\u1ebd l\u00e0 v\u1ecb tr\u00ed d\u1ec5 b\u1ecb t\u00e1c \u0111\u1ed9ng c\u1ee7a hi\u1ec7n t\u01b0\u1ee3ng th\u1ea5m d\u1ed9t. N\u01b0\u1edbc trong l\u00f2ng \u0111\u1ea5t c\u00f3 th\u1ec3 t\u1ea5n c\u00f4ng v\u00e0o ph\u00e1i b\u00ean trong v\u00e0 g\u00e2y ra nhi\u1ec1u h\u01b0 h\u1ea1i. Do v\u1eady khi thi\u1ebft k\u1ebf v\u00e0 thi c\u00f4ng t\u1ea7ng h\u1ea7m c\u1ea7n h\u1ebft s\u1ee9c quan t\u00e2m \u0111\u1ebfn v\u1ea5n \u0111\u1ec1\u00a0ch\u1ed1ng th\u1ea5m cho t\u1ea7ng h\u1ea7m. Ch\u1ed1ng th\u1ea5m cho t\u1ea7ng h\u1ea7m quy\u1ebft \u0111\u1ecbnh \u0111\u1ebfn vi\u1ec7c ch\u1ea5t l\u01b0\u1ee3ng s\u1eed d\u1ee5ng c\u1ee7a t\u1ea7ng h\u1ea7m nh\u01b0 th\u1ebf n\u00e0o trong th\u1eddi gian d\u00e0i. \u0110\u1ec3 \u0111\u1ea3m b\u1ea3o tu\u1ed5i th\u1ecd s\u1eed d\u1ee5ng cho t\u1ea7ng h\u1ea7m ch\u00fang t\u00f4i xin tr\u00ecnh b\u00e0y t\u1edbi c\u00e1c b\u1ea1n m\u1ed9t s\u1ed1 l\u01b0u \u00fd quan tr\u1ecdng \u0111\u1ec3 vi\u1ec7c thi c\u00f4ng ch\u1ed1ng th\u1ea5m t\u1ea7ng h\u1ea7m \u0111\u1ea1t \u0111\u01b0\u1ee3c hi\u1ec7u qu\u1ea3 cao v\u00e0 ti\u1ebft ki\u1ec7m chi ph\u00ed x\u00e2y d\u1ef1ng cho c\u00f4ng tr\u00ecnh.<\/p>\n\t\t\n<style>\n#text-831497476 {\n  color: rgb(255, 255, 255);\n}\n#text-831497476 > * {\n  color: rgb(255, 255, 255);\n}\n<\/style>\n\t<\/div>\n\t\n\n\t\t<\/div>\n\t\t\t\t\t<\/div>\n\n\t\n\n\t<div id=\"col-1262620352\" class=\"col medium-6 small-12 large-6\"  >\n\t\t\t\t<div class=\"col-inner\"  >\n\t\t\t\n\t\t\t\n\n<div class=\"uxb-no-content uxb-image\">Upload Image...<\/div>\n\n\n\t\t<\/div>\n\t\t\t\t\t<\/div>\n\n\t\n\n<\/div>\n<div class=\"row\"  id=\"row-228654680\">\n\n\n\t<div id=\"col-963866217\" class=\"col medium-6 small-12 large-6\"  >\n\t\t\t\t<div class=\"col-inner\"  >\n\t\t\t\n\t\t\t\n\n<div class=\"uxb-no-content uxb-image\">Upload Image...<\/div>\n\n\n\t\t<\/div>\n\t\t\t\t\t<\/div>\n\n\t\n\n\t<div id=\"col-474098294\" class=\"col medium-6 small-12 large-6\"  >\n\t\t\t\t<div class=\"col-inner\"  >\n\t\t\t\n\t\t\t\n\n\t<div id=\"text-907565000\" class=\"text\">\n\t\t\n\n<p><strong>\u0110\u1eb7c \u0111i\u1ec3m c\u1ee7a vi\u1ec7c ch\u1ed1ng th\u1ea5m t\u1ea7ng h\u1ea7m:<\/strong><\/p>\n<p>Nh\u01b0 tr\u00ean ch\u00fang t\u00f4i \u0111\u00e3 tr\u00ecnh b\u00e0y t\u1ea7ng h\u1ea7m \u0111\u01b0\u1ee3c x\u00e2y d\u1ef1ng d\u01b0\u1edbi l\u00f2ng \u0111\u1ea5t. n\u00f3 c\u00f3 th\u1ec3 ch\u1ec9 bao g\u1ed3m 1 t\u1ea7ng n\u1eb1m d\u01b0\u1edbi l\u00f2ng \u0111\u1ea5t nh\u01b0ng c\u0169ng c\u00f3 r\u1ea5t nhi\u1ec1u c\u00f4ng tr\u00ecnh c\u00f3 nhi\u1ec1u t\u1ea7ng n\u1eb1m s\u00e2u b\u00ean trong l\u00f2ng \u0111\u1ea5t. V\u1edbi c\u00f4ng tr\u00ecnh c\u00e0ng n\u1eb1m s\u00e2u ph\u00eda d\u01b0\u1edbi l\u00f2ng \u0111\u1ea5t th\u00ec vi\u1ec7c thi c\u00f4ng ch\u1ed1ng th\u1ea5m c\u00e0ng ph\u1ea3i \u0111\u01b0\u1ee3c \u0111\u1eb7c bi\u1ec7t ch\u00fa tr\u1ecdng b\u1edfi \u00e1p l\u1ef1c n\u01b0\u1edbc ng\u1ea7m d\u01b0\u1edbi c\u00e1c t\u1ea7ng s\u00e2u s\u1ebd cao h\u01a1n nhi\u1ec1u so v\u1edbi \u1edf ph\u00eda tr\u00ean.<\/p>\n<p>Ch\u1ed1ng th\u1ea5m cho t\u1ea7ng h\u1ea7m l\u00e0 vi\u1ec7c ng\u0103n ch\u1eb7n tri\u1ec7t \u0111\u1ec3 n\u01b0\u1edbc ng\u1ea5m t\u1eeb ph\u00eda d\u01b0\u1edbi l\u00f2ng \u0111\u1ea5t l\u00ean v\u00e0 ng\u1ea7m t\u1eeb b\u00ean ngo\u00e0i t\u01b0\u1eddng ch\u1eafn v\u00e0o. Do v\u1eady mu\u1ed1n ch\u1ed1ng th\u1ea5m cho t\u1ea7ng h\u1ea7m hi\u1ec7u qu\u1ea3 ph\u1ea3i t\u00ecm ra gi\u1ea3i ph\u00e1p ng\u0103n ch\u1eb7n ho\u1eb7c thu gom n\u01b0\u1edbc th\u1ea5m qua s\u00e0n v\u00e0 t\u01b0\u1eddng v\u00e0o ph\u00eda b\u00ean trong \u0111\u1ec3 b\u1ea3o v\u1ec7 c\u00f4ng tr\u00ecnh lu\u00f4n kh\u00f4 rao.<\/p>\n<p>Do \u0111\u1eb7c \u0111i\u1ec3m n\u1eb1m s\u00e2u ph\u00eda d\u01b0\u1edbi l\u00f2ng \u0111\u1ea5t n\u00ean t\u1ea7ng h\u1ea7m ph\u1ea3i ch\u1ecbu t\u00e1c \u0111\u1ed9ng c\u1ee7a 2 ngu\u1ed3n n\u01b0\u1edbc: th\u1ee9 nh\u1ea5t l\u00e0 ngu\u1ed3n n\u01b0\u1edbc ng\u1ea7m th\u01b0\u1eddng xuy\u00ean t\u1ed3n t\u1ea1i trong l\u00f2ng \u0111\u1ea5t. \u1ede c\u00e1c c\u00f4ng tr\u00ecnh c\u00e0ng s\u00e2u x\u00e1c su\u1ea5t g\u1eb7p ph\u1ea3i m\u1ea1ch n\u01b0\u1edbc ng\u1ea7m c\u00e0ng cao. \u0110\u00e2y l\u00e0 ngu\u1ed3n n\u01b0\u1edbc th\u01b0\u1eddng xuy\u00ean t\u00e1c \u0111\u1ed9ng v\u00e0o c\u00f4ng tr\u00ecnh. Ngu\u1ed3n th\u1ee9 2 l\u00e0 ngu\u1ed3n n\u01b0\u1edbc ng\u1ea7m kh\u00f4ng th\u01b0\u1eddng xuy\u00ean. Ngu\u1ed3n n\u01b0\u1edbc n\u00e0y c\u00f3 th\u1ec3 xu\u1ea5t ph\u00e1t t\u1eeb n\u01b0\u1edbc m\u01b0a ng\u1ea5m v\u00e0o trong l\u00f2ng \u0111\u1ea5t. Kh\u00f4ng t\u00e1c \u0111\u1ed9ng th\u01b0\u1eddng xuy\u00ean song ngu\u1ed3n n\u01b0\u1edbc n\u00e0y l\u1ea1i g\u00e2y kh\u00f3 khi t\u00ednh to\u00e1n \u0111\u01b0\u1ee3c l\u1ef1c n\u01b0\u1edbc t\u00e1c \u0111\u1ed9ng v\u00e0o ph\u00eda b\u00ean trong t\u1ea7ng h\u1ea7m.<\/p>\n\t\t\n<style>\n#text-907565000 {\n  color: rgb(255, 255, 255);\n}\n#text-907565000 > * {\n  color: rgb(255, 255, 255);\n}\n<\/style>\n\t<\/div>\n\t\n\n\t\t<\/div>\n\t\t\t\t\t<\/div>\n\n\t\n\n<\/div>\n\t<div id=\"text-1790908930\" class=\"text\">\n\t\t\n\n<p style=\"text-align: center;\">Ch\u00fang t\u00f4i hi\u1ec3u r\u00f5 \u0111\u1eb7c \u0111i\u1ec3m \u0111\u1eb7c bi\u1ec7t c\u1ee7a t\u1ea7ng h\u1ea7m, N\u1ebfu c\u00f3 t\u1ea7ng h\u1ea7m c\u1ea7n t\u01b0 v\u1ea5n ch\u1ed1ng h\u00e3y li\u00ean h\u1ec7 v\u1edbi ch\u00fang t\u00f4i ngay \u0111\u1ec3 \u0111\u01b0\u1ee3c t\u01b0 v\u1ea5n c\u1ee5 th\u1ec3 h\u01a1n v\u1ec1 bi\u1ec7n ph\u00e1p ch\u1ed1ng th\u1ea5m cho t\u1ea7ng h\u1ea7m.<\/p>\n<p style=\"text-align: center;\">\u00a0<\/p>\n\t\t\n<style>\n#text-1790908930 {\n  font-size: 1.2rem;\n  line-height: 1.3;\n  text-align: center;\n  color: rgb(255, 255, 255);\n}\n#text-1790908930 > * {\n  color: rgb(255, 255, 255);\n}\n<\/style>\n\t<\/div>\n\t\n\n\t\t<\/div>\n\n\t\t\n<style>\n#section_1027280885 {\n  padding-top: 30px;\n  padding-bottom: 30px;\n  background-color: rgb(46, 91, 150);\n}\n<\/style>\n\t<\/section>\n\t\n\t<section class=\"section\" id=\"section_2091030633\">\n\t\t<div class=\"bg section-bg fill bg-fill  \" >\n\n\t\t\t\n\t\t\t<div class=\"section-bg-overlay absolute fill\"><\/div>\n\t\t\t\n\n\t\t<\/div>\n\n\t\t\n\n\t\t<div class=\"section-content relative\">\n\t\t\t\n\n\t<div id=\"text-4007160123\" class=\"text\">\n\t\t\n\n<p style=\"text-align: center;\"><strong>C\u00d4NG TY C\u1ed4 PH\u1ea6N \u0110\u1ea6U T\u01af &amp;TM TR\u01af\u1edcNG S\u01a0N<\/strong><\/p>\n<p style=\"text-align: center;\">\u00a0<\/p>\n\t\t\n<style>\n#text-4007160123 {\n  font-size: 1.2rem;\n  line-height: 1.3;\n  text-align: center;\n  color: rgb(255, 255, 255);\n}\n#text-4007160123 > * {\n  color: rgb(255, 255, 255);\n}\n<\/style>\n\t<\/div>\n\t\n<div class=\"row\"  id=\"row-38165507\">\n\n\n\t<div id=\"col-621618527\" class=\"col medium-4 small-12 large-4\"  >\n\t\t\t\t<div class=\"col-inner\"  >\n\t\t\t\n\t\t\t\n\n\t<div class=\"box has-hover   has-hover box-text-bottom\" >\n\n\t\t<div class=\"box-image\" style=\"width:25%;\">\n\t\t\t\t\t\t<div class=\"\" >\n\t\t\t\t<img loading=\"lazy\" decoding=\"async\" width=\"200\" height=\"200\" src=\"http:\/\/www.chongthamtruongson.vn\/wp-content\/uploads\/2024\/06\/icon-dia-diem.png\" class=\"attachment- size-\" alt=\"\" \/>\t\t\t\t\t\t\t\t\t\t\t<\/div>\n\t\t\t\t\t<\/div>\n\n\t\t<div class=\"box-text text-center\" >\n\t\t\t<div class=\"box-text-inner\">\n\t\t\t\t\n\n\t<div id=\"text-3416052252\" class=\"text\">\n\t\t\n\n<h4 style=\"text-align: center;\"><strong>Tr\u1ee5 s\u1edf<\/strong><\/h4>\n<p style=\"text-align: center;\">S\u1ed1 151 Th\u00f4i H\u1eefu, MB 1413 &#8211; P. \u0110\u00f4ng V\u1ec7 &#8211; TP. Thanh Ho\u00e1 &#8211; Thanh Ho\u00e1.<\/p>\n<h4 style=\"text-align: center;\"><strong>V\u0103n Ph\u00f2ng Ch\u00ednh<\/strong><\/h4>\n<p style=\"text-align: center;\">08 &#8211; B\u00f9i Kh\u1eafc Nh\u1ea5t &#8211; P. \u0110\u00f4ng H\u01b0\u01a1ng &#8211; TP. Thanh H\u00f3a<\/p>\n\t\t\n<style>\n#text-3416052252 {\n  color: rgb(255, 255, 255);\n}\n#text-3416052252 > * {\n  color: rgb(255, 255, 255);\n}\n<\/style>\n\t<\/div>\n\t\n\n\t\t\t<\/div>\n\t\t<\/div>\n\t<\/div>\n\t\n\n\t\t<\/div>\n\t\t\t\t\t<\/div>\n\n\t\n\n\t<div id=\"col-16416040\" class=\"col medium-4 small-12 large-4\"  >\n\t\t\t\t<div class=\"col-inner\"  >\n\t\t\t\n\t\t\t\n\n\t<div class=\"box has-hover   has-hover box-text-bottom\" >\n\n\t\t<div class=\"box-image\" style=\"width:25%;\">\n\t\t\t\t\t\t<div class=\"\" >\n\t\t\t\t<img loading=\"lazy\" decoding=\"async\" width=\"200\" height=\"200\" src=\"http:\/\/www.chongthamtruongson.vn\/wp-content\/uploads\/2024\/06\/icon-dien-thoai.png\" class=\"attachment- size-\" alt=\"\" \/>\t\t\t\t\t\t\t\t\t\t\t<\/div>\n\t\t\t\t\t<\/div>\n\n\t\t<div class=\"box-text text-center\" >\n\t\t\t<div class=\"box-text-inner\">\n\t\t\t\t\n\n\t<div id=\"text-453035578\" class=\"text\">\n\t\t\n\n<h3 class=\"uppercase\" style=\"text-align: center;\">HoTLINE<\/h3>\n<p style=\"text-align: center;\">0984 822 123<\/p>\n<p style=\"text-align: center;\">0915 586 234 (Ph\u00f2ng K\u1ef9 Thu\u1eadt)<\/p>\n<p style=\"text-align: center;\">0972 498 386 (Ph\u00f2ng K\u1ebf To\u00e1n)<\/p>\n\t\t\n<style>\n#text-453035578 {\n  color: rgb(255, 255, 255);\n}\n#text-453035578 > * {\n  color: rgb(255, 255, 255);\n}\n<\/style>\n\t<\/div>\n\t\n\n\t\t\t<\/div>\n\t\t<\/div>\n\t<\/div>\n\t\n\n\t\t<\/div>\n\t\t\t\t\t<\/div>\n\n\t\n\n\t<div id=\"col-365827567\" class=\"col medium-4 small-12 large-4\"  >\n\t\t\t\t<div class=\"col-inner\"  >\n\t\t\t\n\t\t\t\n\n\t<div class=\"box has-hover   has-hover box-text-bottom\" >\n\n\t\t<div class=\"box-image\" style=\"width:25%;\">\n\t\t\t\t\t\t<div class=\"\" >\n\t\t\t\t<img loading=\"lazy\" decoding=\"async\" width=\"200\" height=\"200\" src=\"http:\/\/www.chongthamtruongson.vn\/wp-content\/uploads\/2024\/06\/icon-email.png\" class=\"attachment- size-\" alt=\"\" \/>\t\t\t\t\t\t\t\t\t\t\t<\/div>\n\t\t\t\t\t<\/div>\n\n\t\t<div class=\"box-text text-center\" >\n\t\t\t<div class=\"box-text-inner\">\n\t\t\t\t\n\n\t<div id=\"text-1397641405\" class=\"text\">\n\t\t\n\n<h4 style=\"text-align: center;\"><strong>Email<\/strong><\/h4>\n<p style=\"text-align: center;\">chongthamthanhhoa.vn@gmail.com<\/p>\n\t\t\n<style>\n#text-1397641405 {\n  color: rgb(255, 255, 255);\n}\n#text-1397641405 > * {\n  color: rgb(255, 255, 255);\n}\n<\/style>\n\t<\/div>\n\t\n\n\t\t\t<\/div>\n\t\t<\/div>\n\t<\/div>\n\t\n\n\t\t<\/div>\n\t\t\t\t\t<\/div>\n\n\t\n\n<\/div>\n\t<div id=\"text-2349189206\" class=\"text\">\n\t\t\n\n<p style=\"text-align: center;\"><strong>CH\u1ed0NG TH\u1ea4M TR\u01af\u1edcNG S\u01a0N &#8211; UY T\u00cdN L\u00c0M N\u00caN TH\u01af\u01a0NG HI\u1ec6U<\/strong><\/p>\n<p style=\"text-align: center;\">\u00a0<\/p>\n\t\t\n<style>\n#text-2349189206 {\n  font-size: 1.2rem;\n  line-height: 1.3;\n  text-align: center;\n  color: rgb(255, 255, 255);\n}\n#text-2349189206 > * {\n  color: rgb(255, 255, 255);\n}\n<\/style>\n\t<\/div>\n\t\n\n\t\t<\/div>\n\n\t\t\n<style>\n#section_2091030633 {\n  padding-top: 30px;\n  padding-bottom: 30px;\n}\n#section_2091030633 .section-bg-overlay {\n  background-color: rgba(255, 102, 0, 0);\n}\n#section_2091030633 .section-bg.bg-loaded {\n  background-image: url(http:\/\/www.chongthamtruongson.vn\/wp-content\/uploads\/2024\/06\/background-2.jpg);\n}\n<\/style>\n\t<\/section>\n\t\n\n","protected":false},"excerpt":{"rendered":"","protected":false},"author":1,"featured_media":0,"parent":0,"menu_order":1,"comment_status":"closed","ping_status":"closed","template":"page-blank.php","meta":{"footnotes":""},"class_list":["post-540","page","type-page","status-publish","hentry"],"_links":{"self":[{"href":"http:\/\/www.chongthamtruongson.vn\/index.php?rest_route=\/wp\/v2\/pages\/540","targetHints":{"allow":["GET"]}}],"collection":[{"href":"http:\/\/www.chongthamtruongson.vn\/index.php?rest_route=\/wp\/v2\/pages"}],"about":[{"href":"http:\/\/www.chongthamtruongson.vn\/index.php?rest_route=\/wp\/v2\/types\/page"}],"author":[{"embeddable":true,"href":"http:\/\/www.chongthamtruongson.vn\/index.php?rest_route=\/wp\/v2\/users\/1"}],"replies":[{"embeddable":true,"href":"http:\/\/www.chongthamtruongson.vn\/index.php?rest_route=%2Fwp%2Fv2%2Fcomments&post=540"}],"version-history":[{"count":7,"href":"http:\/\/www.chongthamtruongson.vn\/index.php?rest_route=\/wp\/v2\/pages\/540\/revisions"}],"predecessor-version":[{"id":790,"href":"http:\/\/www.chongthamtruongson.vn\/index.php?rest_route=\/wp\/v2\/pages\/540\/revisions\/790"}],"wp:attachment":[{"href":"http:\/\/www.chongthamtruongson.vn\/index.php?rest_route=%2Fwp%2Fv2%2Fmedia&parent=540"}],"curies":[{"name":"wp","href":"https:\/\/api.w.org\/{rel}","templated":true}]}}