{"id":538,"date":"2024-06-25T13:53:11","date_gmt":"2024-06-25T13:53:11","guid":{"rendered":"http:\/\/localhost\/wordpress\/?page_id=538"},"modified":"2024-07-21T20:08:46","modified_gmt":"2024-07-21T13:08:46","slug":"chong-tham-toilet-wc-nha-tam","status":"publish","type":"page","link":"http:\/\/www.chongthamtruongson.vn\/?page_id=538","title":{"rendered":"Ch\u1ed1ng Th\u1ea5m Toilet, WC, Nh\u00e0 T\u1eafm"},"content":{"rendered":"\n\t<section class=\"section\" id=\"section_1471154621\">\n\t\t<div class=\"bg section-bg fill bg-fill  bg-loaded\" >\n\n\t\t\t\n\t\t\t<div class=\"effect-sliding-glass bg-effect fill no-click\"><\/div>\n\t\t\t\n\n\t\t<\/div>\n\n\t\t\n\n\t\t<div class=\"section-content relative\">\n\t\t\t\n\n<div class=\"container section-title-container\" ><h2 class=\"section-title section-title-center\"><b><\/b><span class=\"section-title-main\" style=\"color:rgb(255, 251, 251);\"><i class=\"icon-certificate\" ><\/i>Ch\u1ed1ng Th\u1ea5m Toilet, WC, Nh\u00e0 T\u1eafm<\/span><b><\/b><\/h2><\/div>\n\n<div class=\"row\"  id=\"row-1521940074\">\n\n\n\t<div id=\"col-1308343433\" class=\"col medium-6 small-12 large-6\"  >\n\t\t\t\t<div class=\"col-inner\"  >\n\t\t\t\n\t\t\t\n\n\t<div class=\"img has-hover x md-x lg-x y md-y lg-y\" id=\"image_1192403143\">\n\t\t\t\t\t\t\t\t<div class=\"img-inner dark\" >\n\t\t\t<img loading=\"lazy\" decoding=\"async\" width=\"640\" height=\"800\" src=\"http:\/\/www.chongthamtruongson.vn\/wp-content\/uploads\/2024\/07\/mau-toilet-6-640x800.jpeg\" class=\"attachment-large size-large\" alt=\"\" srcset=\"http:\/\/www.chongthamtruongson.vn\/wp-content\/uploads\/2024\/07\/mau-toilet-6-640x800.jpeg 640w, http:\/\/www.chongthamtruongson.vn\/wp-content\/uploads\/2024\/07\/mau-toilet-6-320x400.jpeg 320w, http:\/\/www.chongthamtruongson.vn\/wp-content\/uploads\/2024\/07\/mau-toilet-6-768x960.jpeg 768w, http:\/\/www.chongthamtruongson.vn\/wp-content\/uploads\/2024\/07\/mau-toilet-6-1229x1536.jpeg 1229w, http:\/\/www.chongthamtruongson.vn\/wp-content\/uploads\/2024\/07\/mau-toilet-6-600x750.jpeg 600w, http:\/\/www.chongthamtruongson.vn\/wp-content\/uploads\/2024\/07\/mau-toilet-6.jpeg 1536w\" sizes=\"auto, (max-width: 640px) 100vw, 640px\" \/>\t\t\t\t\t\t\n\t\t\t\t\t<\/div>\n\t\t\t\t\t\t\t\t\n<style>\n#image_1192403143 {\n  width: 100%;\n}\n<\/style>\n\t<\/div>\n\t\n\n\n\t\t<\/div>\n\t\t\t\t\t<\/div>\n\n\t\n\n\t<div id=\"col-512623751\" class=\"col medium-6 small-12 large-6\"  >\n\t\t\t\t<div class=\"col-inner\"  >\n\t\t\t\n\t\t\t\n\n\t<div id=\"text-3179810646\" class=\"text\">\n\t\t\n\n<p>Ph\u00f2ng t\u1eafm, nh\u00e0 v\u1ec7 sinh l\u00e0 lu\u00f4n l\u00e0 kh\u00f4ng gian mang \u0111\u1ed9 \u1ea9m l\u1edbn, c\u0169ng v\u00ec th\u1ebf m\u00e0 k\u00e9o theo nhi\u1ec1u v\u1ea5n \u0111\u1ec1 ph\u00e1t sinh. Khi b\u1ea1n l\u00ean k\u1ebf ho\u1ea1ch cho vi\u1ec7c x\u00e2y d\u1ef1ng hay c\u1ea3i t\u1ea1o kh\u00f4ng gian n\u00e0y. Vi\u1ec7c<strong>\u00a0ch\u1ed1ng th\u1ea5m nh\u00e0 v\u1ec7 sinh<\/strong>\u00a0n\u00ean \u0111\u01b0\u1ee3c \u0111\u1eb7t \u1edf \u0111\u1ea7u danh s\u00e1ch. M\u00e0 tr\u01b0\u1edbc khi th\u1ef1c hi\u1ec7n ch\u1ed1ng th\u1ea5m nh\u00e0 t\u1eafm, b\u1ea1n ph\u1ea3i hi\u1ec3u \u0111\u01b0\u1ee3c t\u1ea7m quan tr\u1ecdng c\u1ee7a n\u00f3 \u0111\u1ec3 c\u00f3 th\u1ec3 \u0111\u01b0a ra quy\u1ebft \u0111\u1ecbnh chu\u1ea9n x\u00e1c nh\u1ea5t. C\u00f9ng t\u00ecm hi\u1ec3u \u0111i\u1ec1u \u0111\u00f3 qua b\u00e0i vi\u1ebft n\u00e0y nh\u00e9 !<\/p>\n<ol>\n<li><strong> Ch\u1ed1ng th\u1ea5m l\u00e0 g\u00ec?<\/strong><\/li>\n<\/ol>\n<p>Ch\u00fang t\u00f4i bi\u1ebft r\u1eb1ng\u00a0c\u1ea3i t\u1ea1o hay x\u00e2y d\u1ef1ng m\u1edbi h\u1ea1ng m\u1ee5c ph\u00f2ng t\u1eafm\u00a0l\u00e0 c\u00f4ng vi\u1ec7c th\u00fa v\u1ecb, \u0111\u1eb7c bi\u1ec7t l\u00e0 \u1edf giai \u0111o\u1ea1n thi\u1ebft k\u1ebf. Trong qu\u00e1 tr\u00ecnh ph\u00e1c th\u1ea3o ra h\u00ecnh d\u1ea1ng c\u0103n ph\u00f2ng m\u00e0 m\u00ecnh mong mu\u1ed1n th\u00ec ch\u1eafc ch\u1eafn b\u1ea1n c\u1ea7n t\u00ecm hi\u1ec3u v\u00e0 nghi\u00ean c\u1ee9u chi ti\u1ebft v\u1ec1 c\u00e1c c\u00f4ng \u0111o\u1ea1n c\u1ea7n th\u1ef1c hi\u1ec7n nh\u01b0 b\u1ed1 tr\u00ed\u00a0thi\u1ebft b\u1ecb v\u1ec7 sinh, li\u1ec7t k\u00ea c\u00e1c ph\u1ee5 ki\u1ec7n c\u1ea7n thi\u1ebft\u2026 Tuy nhi\u00ean, nh\u1eefng th\u00f4ng tin v\u1ec1 ch\u1ed1ng th\u1ea5m \u0111\u1eb7c bi\u1ec7t l\u00e0 trong nh\u00e0 t\u1eafm kh\u00e1 khi\u00eam t\u1ed1n. V\u00ec th\u1ebf, h\u00e3y \u0111\u1ec3 Ch\u1ed1ng th\u1ea5m Tr\u01b0\u1eddng S\u01a1n mang \u0111\u1ebfn b\u1ea1n m\u1ed9t c\u00e1i nh\u00ecn t\u1ed5ng quan v\u1ec1 n\u00f3.<\/p>\n<p>Ch\u1ed1ng th\u1ea5m l\u00e0 h\u00e0nh \u0111\u1ed9ng l\u00e0m cho m\u1ed9t th\u1ee9 g\u00ec \u0111\u00f3 kh\u00f4ng th\u1ea5m n\u01b0\u1edbc. Khi n\u00f3i v\u1ec1\u00a0ch\u1ed1ng th\u1ea5m nh\u00e0 v\u1ec7 sinh, ch\u00fang ta \u0111ang \u0111\u1ec1 c\u1eadp \u0111\u1ebfn m\u1ed9t h\u1ec7 th\u1ed1ng c\u00e1c m\u00e0ng kh\u00f4ng th\u1ea5m \u0111\u01b0\u1ee3c l\u00f3t d\u01b0\u1edbi t\u01b0\u1eddng ho\u1eb7c s\u00e0n, gi\u00fap ng\u0103n n\u01b0\u1edbc ng\u1ea5m qua k\u1ebft c\u1ea5u ng\u00f4i nh\u00e0 c\u1ee7a b\u1ea1n.<\/p>\n<p>Trong qu\u00e1 tr\u00ecnh x\u00e2y d\u1ef1ng,\u00a0c\u00e1ch ch\u1ed1ng th\u1ea5m nh\u00e0 v\u1ec7 sinh\u00a0c\u00f3 nhi\u1ec1u h\u00ecnh th\u1ee9c nh\u01b0 \u00e1p d\u1ee5ng m\u00e0ng chuy\u00ean d\u1ee5ng, l\u1eafp \u0111\u1eb7t b\u1ec7 t\u1eafm \u0111\u1ee9ng (\u0111\u1ed1i v\u1edbi sen t\u1eafm), t\u1ea5m th\u1ea1ch cao ch\u1ecbu n\u01b0\u1edbc, d\u1ea3i ng\u0103n n\u01b0\u1edbc silicone v\u00e0 v\u1eefa epoxy. N\u00f3i m\u1ed9t c\u00e1ch n\u00f4m na, ch\u1ed1ng th\u1ea5m ch\u00ednh l\u00e0 l\u1edbp \u00e1o m\u01b0a cho ph\u00f2ng t\u1eafm. N\u00f3 ng\u0103n n\u01b0\u1edbc th\u1ea5m v\u00e0o t\u01b0\u1eddng v\u00e0 s\u00e0n, \u0111i\u1ec1u n\u00e0y ng\u0103n nh\u1eefng v\u1ea5n \u0111\u1ec1 c\u00f3 th\u1ec3 x\u1ea3y ra \u0111\u1ed1i v\u1edbi c\u1ea5u tr\u00fac c\u1ee7a c\u0103n ph\u00f2ng.<\/p>\n\t\t\n<style>\n#text-3179810646 {\n  color: rgb(253, 253, 253);\n}\n#text-3179810646 > * {\n  color: rgb(253, 253, 253);\n}\n<\/style>\n\t<\/div>\n\t\n\n\t\t<\/div>\n\t\t\t\t\t<\/div>\n\n\t\n\n<\/div>\n<div class=\"row\"  id=\"row-1468842075\">\n\n\n\t<div id=\"col-1818350214\" class=\"col medium-6 small-12 large-6\"  >\n\t\t\t\t<div class=\"col-inner\"  >\n\t\t\t\n\t\t\t\n\n\t<div id=\"text-3263390054\" class=\"text\">\n\t\t\n\n<p><strong>5 l\u00fd do b\u1ea1n n\u00ean ch\u1ed1ng th\u1ea5m cho ph\u00f2ng t\u1eafm<\/strong><\/p>\n<p>Nh\u01b0 \u0111\u00e3 n\u00f3i \u1edf tr\u00ean,\u00a0<strong>ch\u1ed1ng th\u1ea5m s\u00e0n nh\u00e0 v\u1ec7 sinh\u00a0<\/strong>c\u00f3 m\u1ed9t vai tr\u00f2 r\u1ea5t l\u1edbn trong vi\u1ec7c b\u1ea3o v\u1ec7 c\u0169ng nh\u01b0 k\u00e9o d\u00e0i tu\u1ed5i th\u1ecd cho c\u0103n ph\u00f2ng n\u00f3i chung v\u00e0 ng\u00f4i nh\u00e0 n\u00f3i ri\u00eang. V\u1eady b\u1ea1n c\u00f3 bi\u1ebft nh\u1eefng l\u00fd do g\u00ec khi\u1ebfn vi\u1ec7c ch\u1ed1ng th\u1ea5m l\u1ea1i \u0111\u01b0\u1ee3c \u0111\u1eb7t \u01b0u ti\u00ean nh\u01b0 th\u1ebf?<\/p>\n<ol>\n<li><strong> Ng\u0103n n\u01b0\u1edbc th\u1ea5m sang c\u00e1c ph\u1ea7n kh\u00e1c c\u1ee7a ng\u00f4i nh\u00e0<\/strong><\/li>\n<\/ol>\n<p>Ch\u00fang ta \u0111\u1ec1u bi\u1ebft r\u1eb1ng khi m\u1ed9t c\u00f4ng tr\u00ecnh ti\u1ebfp x\u00fac v\u1edbi \u0111\u1ed9 \u1ea9m cao s\u1ebd g\u00e2y ra h\u01b0 h\u1ecfng. Trong ph\u00f2ng t\u1eafm, m\u1eaft th\u01b0\u1eddng c\u00f3 th\u1ec3 th\u1ea5y n\u01b0\u1edbc n\u01b0\u1edbc tr\u00ean g\u1ea1ch v\u00e0 v\u1eefa kh\u00f4 l\u1ea1i. Tuy nhi\u00ean b\u00ean d\u01b0\u1edbi s\u00e0n nh\u00e0 n\u01a1i m\u00e0 b\u1ea1n kh\u00f4ng quan s\u00e1t \u0111\u01b0\u1ee3c lu\u00f4n c\u00f3 n\u01b0\u1edbc \u0111\u1ecdng l\u1ea1i. N\u01b0\u1edbc s\u1ebd b\u1eaft \u0111\u1ea7u th\u1ea5m qua c\u00e1c g\u00f3c xung quanh, t\u01b0\u1eddng v\u00e0 tr\u1ea7n nh\u00e0. V\u1ea5n \u0111\u1ec1 n\u00e0y c\u00f3 th\u1ec3 \u0111\u00e3 x\u1ea3y ra m\u1ed9t th\u1eddi gian tr\u01b0\u1edbc khi \u0111\u01b0\u1ee3c b\u1ea1n ph\u00e1t hi\u1ec7n. Nh\u01b0ng n\u1ebfu b\u1ecb b\u1ecf qua, n\u00f3 s\u1ebd g\u00e2y ra thi\u1ec7t h\u1ea1i l\u1edbn cho ng\u00f4i nh\u00e0 c\u1ee7a b\u1ea1n. M\u1ed9t l\u1edbp ph\u1ee7 ch\u1ed1ng th\u1ea5m trong qu\u00e1 tr\u00ecnh x\u00e2y d\u1ef1ng ho\u1eb7c tu s\u1eeda s\u1ebd gi\u00fap b\u1ea1n tr\u00e1nh kh\u1ecfi v\u1ea5n \u0111\u1ec1 n\u00e0y.<\/p>\n<ol start=\"2\">\n<li><strong> T\u0103ng gi\u00e1 tr\u1ecb cho c\u0103n nh\u00e0 c\u1ee7a b\u1ea1n<\/strong><\/li>\n<\/ol>\n<p>Ch\u1ed1ng th\u1ea5m nh\u00e0 t\u1eafm kh\u00f4ng h\u1ec1 r\u1ebb. Tr\u00ean th\u1ef1c t\u1ebf, \u0111\u00f3 l\u00e0 m\u1ed9t kho\u1ea3n \u0111\u1ea7u t\u01b0 c\u00f3 gi\u00e1 tr\u1ecb l\u00e0m t\u0103ng th\u00eam l\u1ee3i nhu\u1eadn n\u1ebfu b\u1ea1n ch\u1ecdn b\u00e1n l\u1ea1i t\u00e0i s\u1ea3n c\u1ee7a m\u00ecnh. Ng\u01b0\u1eddi mua s\u1eb5n s\u00e0ng \u0111\u1ea7u t\u01b0 v\u00e0o m\u1ed9t b\u1ea5t \u0111\u1ed9ng s\u1ea3n \u0111\u00e3 c\u00f3 s\u1eb5n c\u00e1c gi\u1ea3i ph\u00e1p ch\u1ed1ng th\u1ea5m to\u00e0n di\u1ec7n. V\u00e0 ph\u00f2ng t\u1eafm l\u00e0 m\u1ed9t trong nh\u1eefng kh\u00eda c\u1ea1nh quan tr\u1ecdng nh\u1ea5t c\u1ee7a n\u00f3. Ng\u01b0\u1ee3c l\u1ea1i, n\u1ebfu kh\u00f4ng \u0111\u01b0\u1ee3c ch\u1ed1ng th\u1ea5m t\u1ed1t v\u00e0 c\u00f3 d\u1ea5u hi\u1ec7u ng\u1ea5m n\u01b0\u1edbc n\u01b0\u1edbc, b\u1ea1n s\u1ebd ph\u1ea3i b\u00e1n l\u1ed7.<\/p>\n<p>D\u00f9 b\u1ea1n \u0111\u1ecbnh b\u00e1n hay s\u1ed1ng ng\u00f4i nh\u00e0 n\u00e0y trong su\u1ed1t qu\u00e3ng \u0111\u1eddi c\u00f2n l\u1ea1i, th\u00ec vi\u1ec7c gi\u1eef cho n\u00f3 \u1edf tr\u1ea1ng th\u00e1i \u0111\u1eb9p nh\u1ea5t s\u1ebd gi\u00fap t\u0103ng gi\u00e1 tr\u1ecb c\u0169ng nh\u01b0 c\u01a1 h\u1ed9i nh\u1eadn \u0111\u01b0\u1ee3c kho\u1ea3n vay th\u1ebf ch\u1ea5p n\u1ebfu c\u1ea7n thi\u1ebft.<\/p>\n<ol start=\"3\">\n<li><strong> Gi\u00fap gi\u1ea3m chi ph\u00ed b\u1ea3o tr\u00ec<\/strong><\/li>\n<\/ol>\n<p>\u0110\u1ed9 \u1ea9m cao trong t\u01b0\u1eddng c\u00f3 th\u1ec3 d\u1eabn \u0111\u1ebfn t\u00ecnh tr\u1ea1ng n\u1ee9t, ph\u1ed3ng r\u1ed9p v\u00e0 bong tr\u00f3c s\u01a1n, k\u1ebft c\u1ea5u g\u1ed7 m\u1ee5c n\u00e1t v\u00e0 nhi\u1ec5m n\u1ea5m m\u1ed1c nghi\u00eam tr\u1ecdng. T\u1ea5t c\u1ea3 nh\u1eefng \u0111i\u1ec1u n\u00e0y s\u1ebd l\u00e0m t\u0103ng \u0111\u00e1ng k\u1ec3 chi ph\u00ed b\u1ea3o tr\u00ec. M\u1eb7t kh\u00e1c, ch\u1ed1ng th\u1ea5m ng\u0103n ch\u1eb7n h\u01a1i \u1ea9m x\u00e2m nh\u1eadp v\u00e0o t\u01b0\u1eddng, ti\u1ebft ki\u1ec7m cho ch\u1ee7 nh\u00e0 h\u00e0ng tri\u1ec7u \u0111\u1ed3ng d\u00e0nh cho vi\u1ec7c s\u1eeda ch\u1eefa trong t\u01b0\u01a1ng lai.<\/p>\n<p>Ti\u1ec1n d\u00e0nh cho<strong>\u00a0ch\u1ed1ng th\u1ea5m nh\u00e0 v\u1ec7 sinh<\/strong>\u00a0kh\u00f4ng ph\u1ea3i r\u1ebb. Nh\u01b0ng n\u00f3 gi\u1ea3m \u0111\u00e1ng k\u1ec3 chi ph\u00ed s\u1eeda ch\u1eefa th\u01b0\u1eddng xuy\u00ean. B\u00ean c\u1ea1nh \u0111\u00f3, b\u1ea1n s\u1ebd tr\u00e1nh \u0111\u01b0\u1ee3c \u1ea9m \u01b0\u1edbt, r\u00f2 r\u1ec9 c\u0169ng nh\u01b0 n\u1ea5m m\u1ed1c ph\u00e1t tri\u1ec3n. M\u1ed9t l\u01b0u \u00fd th\u00fa v\u1ecb h\u01a1n l\u00e0 ch\u1ed1ng th\u1ea5m c\u0169ng gi\u00fap b\u1ea3o v\u1ec7 v\u00e0 k\u00e9o d\u00e0i tu\u1ed5i th\u1ecd c\u1ee7a kh\u00f4ng gian ph\u00f2ng t\u1eafm. \u0110\u00e2y l\u00e0 m\u1ed9t l\u00fd do m\u00e0 b\u1ea1n n\u00ean th\u00eam ngay c\u00f4ng t\u00e1c ch\u1ed1ng th\u1ea5m v\u00e0o danh s\u00e1ch \u01b0u ti\u00ean.<\/p>\n\t\t\n<style>\n#text-3263390054 {\n  color: rgb(253, 253, 253);\n}\n#text-3263390054 > * {\n  color: rgb(253, 253, 253);\n}\n<\/style>\n\t<\/div>\n\t\n\n\t\t<\/div>\n\t\t\t\t\t<\/div>\n\n\t\n\n\t<div id=\"col-127403472\" class=\"col medium-6 small-12 large-6\"  >\n\t\t\t\t<div class=\"col-inner\"  >\n\t\t\t\n\t\t\t\n\n\t<div class=\"img has-hover x md-x lg-x y md-y lg-y\" id=\"image_624813797\">\n\t\t\t\t\t\t\t\t<div class=\"img-inner dark\" >\n\t\t\t<img loading=\"lazy\" decoding=\"async\" width=\"600\" height=\"800\" src=\"http:\/\/www.chongthamtruongson.vn\/wp-content\/uploads\/2024\/07\/IMG_4116-600x800.jpg\" class=\"attachment-large size-large\" alt=\"\" srcset=\"http:\/\/www.chongthamtruongson.vn\/wp-content\/uploads\/2024\/07\/IMG_4116-600x800.jpg 600w, http:\/\/www.chongthamtruongson.vn\/wp-content\/uploads\/2024\/07\/IMG_4116-300x400.jpg 300w, http:\/\/www.chongthamtruongson.vn\/wp-content\/uploads\/2024\/07\/IMG_4116-768x1024.jpg 768w, http:\/\/www.chongthamtruongson.vn\/wp-content\/uploads\/2024\/07\/IMG_4116-1152x1536.jpg 1152w, http:\/\/www.chongthamtruongson.vn\/wp-content\/uploads\/2024\/07\/IMG_4116.jpg 1440w\" sizes=\"auto, (max-width: 600px) 100vw, 600px\" \/>\t\t\t\t\t\t\n\t\t\t\t\t<\/div>\n\t\t\t\t\t\t\t\t\n<style>\n#image_624813797 {\n  width: 100%;\n}\n<\/style>\n\t<\/div>\n\t\n\n\n\t\t<\/div>\n\t\t\t\t\t<\/div>\n\n\t\n\n<\/div>\n<div class=\"row\"  id=\"row-837697494\">\n\n\n\t<div id=\"col-1160735532\" class=\"col medium-6 small-12 large-6\"  >\n\t\t\t\t<div class=\"col-inner\"  >\n\t\t\t\n\t\t\t\n\n\t<div class=\"img has-hover x md-x lg-x y md-y lg-y\" id=\"image_2003323463\">\n\t\t\t\t\t\t\t\t<div class=\"img-inner dark\" >\n\t\t\t<img loading=\"lazy\" decoding=\"async\" width=\"1020\" height=\"765\" src=\"http:\/\/www.chongthamtruongson.vn\/wp-content\/uploads\/2024\/07\/IMG_4117-1067x800.jpg\" class=\"attachment-large size-large\" alt=\"\" srcset=\"http:\/\/www.chongthamtruongson.vn\/wp-content\/uploads\/2024\/07\/IMG_4117-1067x800.jpg 1067w, http:\/\/www.chongthamtruongson.vn\/wp-content\/uploads\/2024\/07\/IMG_4117-533x400.jpg 533w, http:\/\/www.chongthamtruongson.vn\/wp-content\/uploads\/2024\/07\/IMG_4117.jpg 1920w\" sizes=\"auto, (max-width: 1020px) 100vw, 1020px\" \/>\t\t\t\t\t\t\n\t\t\t\t\t<\/div>\n\t\t\t\t\t\t\t\t\n<style>\n#image_2003323463 {\n  width: 100%;\n}\n<\/style>\n\t<\/div>\n\t\n\n\n\t\t<\/div>\n\t\t\t\t\t<\/div>\n\n\t\n\n\t<div id=\"col-763120881\" class=\"col medium-6 small-12 large-6\"  >\n\t\t\t\t<div class=\"col-inner\"  >\n\t\t\t\n\t\t\t\n\n\t<div id=\"text-1133952388\" class=\"text\">\n\t\t\n\n<ol start=\"4\">\n<li><strong> Ng\u0103n ch\u1eb7n \u0111\u1ed9 \u1ea9m ng\u01b0ng t\u1ee5<\/strong><\/li>\n<\/ol>\n<p>S\u1ef1 ng\u01b0ng t\u1ee5 \u0111\u1ed9 \u1ea9m l\u00e2u ng\u00e0y trong t\u01b0\u1eddng ph\u00f2ng t\u1eafm c\u00f3 th\u1ec3 d\u1eabn \u0111\u1ebfn \u0111\u1ed5i m\u00e0u s\u01a1n, n\u1ea5m m\u1ed1c ph\u00e1t tri\u1ec3n hay khi\u1ebfn g\u1ed7 m\u1ee5c n\u00e1t. H\u01a1i t\u1eeb n\u01a1i n\u00e0y c\u0169ng c\u00f3 th\u1ec3 \u1ea3nh h\u01b0\u1edfng \u0111\u1ebfn ch\u1ea5t l\u01b0\u1ee3ng kh\u00f4ng kh\u00ed trong nh\u00e0 n\u00f3i chung v\u00e0 c\u00e1c ph\u00f2ng li\u1ec1n k\u1ec1 ph\u00f2ng t\u1eafm n\u00f3i ri\u00eang v\u00e0 g\u00e2y ra c\u00e1c v\u1ea5n \u0111\u1ec1 n\u1ea5m m\u1ed1c nghi\u00eam tr\u1ecdng. C\u00e1ch \u0111\u01a1n gi\u1ea3n nh\u1ea5t \u0111\u1ec3 ng\u0103n ch\u1eb7n s\u1ef1 ng\u01b0ng t\u1ee5 n\u00e0y l\u00e0 ti\u1ebfn h\u00e0nh\u00a0<strong>ch\u1ed1ng th\u1ea5m ngay cho nh\u00e0 v\u1ec7 sinh<\/strong>\u00a0c\u1ee7a gia \u0111\u00ecnh th\u00f4i!<\/p>\n<ol start=\"5\">\n<li><strong> Tr\u00e1nh t\u1ea1o m\u00f4i tr\u01b0\u1eddng cho vi khu\u1ea9n ph\u00e1t tri\u1ec3n<\/strong><\/li>\n<\/ol>\n<p>Nhi\u1ec1u lo\u1ea1i vi khu\u1ea9n, sinh v\u1eadt c\u0169ng d\u1ec5 d\u00e0ng ph\u00e1t tri\u1ec3n m\u1ea1nh \u1edf nh\u1eefng khu v\u1ef1c nh\u01b0 nh\u00e0 t\u1eafm, g\u00e2y ra nhi\u1ec1u m\u1ed1i lo ng\u1ea1i v\u1ec1 s\u1ee9c kh\u1ecfe. \u0110\u1ec3 tr\u00e1nh ch\u00fang x\u00e2m nh\u1eadp, b\u1ea1n n\u00ean\u00a0<strong>ch\u1ed1ng th\u1ea5m s\u00e0n v\u1ec7 sinh,\u00a0<\/strong>t\u01b0\u1eddng b\u1edfi n\u01a1i \u0111\u00e2y lu\u00f4n b\u1ecb \u1ea9m trong th\u1eddi gian d\u00e0i. V\u00ec ch\u00fang c\u00f3 th\u1ec3 sinh s\u00f4i trong \u0111\u00f3 kh\u00e1 l\u00e2u tr\u01b0\u1edbc khi b\u1ecb ch\u00fang ta ph\u00e1t hi\u1ec7n. Th\u1ebf n\u00ean b\u1ea1n c\u1ea7n h\u00e0nh \u0111\u1ed9ng ngay khi nh\u1eadn th\u1ea5y nh\u1eefng d\u1ea5u hi\u1ec7u c\u1ea3nh b\u00e1o \u0111\u1ea7u ti\u00ean.<\/p>\n<p>\u00a0<\/p>\n\t\t\n<style>\n#text-1133952388 {\n  color: rgb(253, 253, 253);\n}\n#text-1133952388 > * {\n  color: rgb(253, 253, 253);\n}\n<\/style>\n\t<\/div>\n\t\n\n\t\t<\/div>\n\t\t\t\t\t<\/div>\n\n\t\n\n<\/div>\n\t<div id=\"text-751534268\" class=\"text\">\n\t\t\n\n<p><strong>K\u1ebft lu\u1eadn<\/strong><\/p>\n<p><strong>Ch\u1ed1ng th\u1ea5m nh\u00e0 v\u1ec7 sinh<\/strong>\u00a0r\u1ea5t quan tr\u1ecdng nh\u01b0 ch\u00fang t\u00f4i \u0111\u00e3 ch\u1ec9 ra tr\u00ean b\u00e0i vi\u1ebft. Ch\u1ed1ng Th\u1ea5m Tr\u01b0\u1eddng S\u01a1n tin r\u1eb1ng m\u1ed7i khi c\u1ea3i t\u1ea1o l\u1ea1i hay x\u00e2y d\u1ef1ng m\u1edbi ph\u00f2ng t\u1eafm cho gia \u0111\u00ecnh, m\u1ecdi ng\u01b0\u1eddi s\u1ebd \u0111\u1eb7t c\u00f4ng \u0111o\u1ea1n n\u00e0y l\u00ean h\u00e0ng \u0111\u1ea7u.H\u00e3y li\u00ean h\u1ec7 ngay c\u00f9ng ch\u00fang t\u00f4i v\u00e0 nh\u1eadn \u0111\u01b0\u1ee3c s\u1ef1 t\u01b0 v\u1ea5n t\u1eadn t\u00ecnh nh\u1ea5t.<\/p>\n<p style=\"text-align: center;\">\u00a0<\/p>\n\t\t\n<style>\n#text-751534268 {\n  font-size: 1.2rem;\n  line-height: 1.3;\n  text-align: center;\n  color: rgb(255, 255, 255);\n}\n#text-751534268 > * {\n  color: rgb(255, 255, 255);\n}\n<\/style>\n\t<\/div>\n\t\n\n\t\t<\/div>\n\n\t\t\n<style>\n#section_1471154621 {\n  padding-top: 30px;\n  padding-bottom: 30px;\n  background-color: rgb(46, 91, 150);\n}\n<\/style>\n\t<\/section>\n\t\n\t<section class=\"section\" id=\"section_1720041202\">\n\t\t<div class=\"bg section-bg fill bg-fill  \" >\n\n\t\t\t\n\t\t\t<div class=\"section-bg-overlay absolute fill\"><\/div>\n\t\t\t\n\n\t\t<\/div>\n\n\t\t\n\n\t\t<div class=\"section-content relative\">\n\t\t\t\n\n\t<div id=\"text-796745029\" class=\"text\">\n\t\t\n\n<p style=\"text-align: center;\"><strong>C\u00d4NG TY C\u1ed4 PH\u1ea6N \u0110\u1ea6U T\u01af &amp;TM TR\u01af\u1edcNG S\u01a0N<\/strong><\/p>\n<p style=\"text-align: center;\">\u00a0<\/p>\n\t\t\n<style>\n#text-796745029 {\n  font-size: 1.2rem;\n  line-height: 1.3;\n  text-align: center;\n  color: rgb(255, 255, 255);\n}\n#text-796745029 > * {\n  color: rgb(255, 255, 255);\n}\n<\/style>\n\t<\/div>\n\t\n<div class=\"row\"  id=\"row-1946406595\">\n\n\n\t<div id=\"col-1658164424\" class=\"col medium-4 small-12 large-4\"  >\n\t\t\t\t<div class=\"col-inner\"  >\n\t\t\t\n\t\t\t\n\n\t<div class=\"box has-hover   has-hover box-text-bottom\" >\n\n\t\t<div class=\"box-image\" style=\"width:25%;\">\n\t\t\t\t\t\t<div class=\"\" >\n\t\t\t\t<img loading=\"lazy\" decoding=\"async\" width=\"200\" height=\"200\" src=\"http:\/\/www.chongthamtruongson.vn\/wp-content\/uploads\/2024\/06\/icon-dia-diem.png\" class=\"attachment- size-\" alt=\"\" \/>\t\t\t\t\t\t\t\t\t\t\t<\/div>\n\t\t\t\t\t<\/div>\n\n\t\t<div class=\"box-text text-center\" >\n\t\t\t<div class=\"box-text-inner\">\n\t\t\t\t\n\n\t<div id=\"text-4273265814\" class=\"text\">\n\t\t\n\n<h4 style=\"text-align: center;\"><strong>Tr\u1ee5 s\u1edf<\/strong><\/h4>\n<p style=\"text-align: center;\">S\u1ed1 151 Th\u00f4i H\u1eefu, MB 1413 &#8211; P. \u0110\u00f4ng V\u1ec7 &#8211; TP. Thanh Ho\u00e1 &#8211; Thanh Ho\u00e1.<\/p>\n<h4 style=\"text-align: center;\"><strong>V\u0103n Ph\u00f2ng Ch\u00ednh<\/strong><\/h4>\n<p style=\"text-align: center;\">08 &#8211; B\u00f9i Kh\u1eafc Nh\u1ea5t &#8211; P. \u0110\u00f4ng H\u01b0\u01a1ng &#8211; TP. Thanh H\u00f3a<\/p>\n\t\t\n<style>\n#text-4273265814 {\n  color: rgb(255, 255, 255);\n}\n#text-4273265814 > * {\n  color: rgb(255, 255, 255);\n}\n<\/style>\n\t<\/div>\n\t\n\n\t\t\t<\/div>\n\t\t<\/div>\n\t<\/div>\n\t\n\n\t\t<\/div>\n\t\t\t\t\t<\/div>\n\n\t\n\n\t<div id=\"col-1536797878\" class=\"col medium-4 small-12 large-4\"  >\n\t\t\t\t<div class=\"col-inner\"  >\n\t\t\t\n\t\t\t\n\n\t<div class=\"box has-hover   has-hover box-text-bottom\" >\n\n\t\t<div class=\"box-image\" style=\"width:25%;\">\n\t\t\t\t\t\t<div class=\"\" >\n\t\t\t\t<img loading=\"lazy\" decoding=\"async\" width=\"200\" height=\"200\" src=\"http:\/\/www.chongthamtruongson.vn\/wp-content\/uploads\/2024\/06\/icon-dien-thoai.png\" class=\"attachment- size-\" alt=\"\" \/>\t\t\t\t\t\t\t\t\t\t\t<\/div>\n\t\t\t\t\t<\/div>\n\n\t\t<div class=\"box-text text-center\" >\n\t\t\t<div class=\"box-text-inner\">\n\t\t\t\t\n\n\t<div id=\"text-4244503348\" class=\"text\">\n\t\t\n\n<h3 class=\"uppercase\" style=\"text-align: center;\">HoTLINE<\/h3>\n<p style=\"text-align: center;\">0984 822 123<\/p>\n<p style=\"text-align: center;\">0915 586 234 (Ph\u00f2ng K\u1ef9 Thu\u1eadt)<\/p>\n<p style=\"text-align: center;\">0972 498 386 (Ph\u00f2ng K\u1ebf To\u00e1n)<\/p>\n\t\t\n<style>\n#text-4244503348 {\n  color: rgb(255, 255, 255);\n}\n#text-4244503348 > * {\n  color: rgb(255, 255, 255);\n}\n<\/style>\n\t<\/div>\n\t\n\n\t\t\t<\/div>\n\t\t<\/div>\n\t<\/div>\n\t\n\n\t\t<\/div>\n\t\t\t\t\t<\/div>\n\n\t\n\n\t<div id=\"col-148246504\" class=\"col medium-4 small-12 large-4\"  >\n\t\t\t\t<div class=\"col-inner\"  >\n\t\t\t\n\t\t\t\n\n\t<div class=\"box has-hover   has-hover box-text-bottom\" >\n\n\t\t<div class=\"box-image\" style=\"width:25%;\">\n\t\t\t\t\t\t<div class=\"\" >\n\t\t\t\t<img loading=\"lazy\" decoding=\"async\" width=\"200\" height=\"200\" src=\"http:\/\/www.chongthamtruongson.vn\/wp-content\/uploads\/2024\/06\/icon-email.png\" class=\"attachment- size-\" alt=\"\" \/>\t\t\t\t\t\t\t\t\t\t\t<\/div>\n\t\t\t\t\t<\/div>\n\n\t\t<div class=\"box-text text-center\" >\n\t\t\t<div class=\"box-text-inner\">\n\t\t\t\t\n\n\t<div id=\"text-674379574\" class=\"text\">\n\t\t\n\n<h4 style=\"text-align: center;\"><strong>Email<\/strong><\/h4>\n<p style=\"text-align: center;\">chongthamthanhhoa.vn@gmail.com<\/p>\n\t\t\n<style>\n#text-674379574 {\n  color: rgb(255, 255, 255);\n}\n#text-674379574 > * {\n  color: rgb(255, 255, 255);\n}\n<\/style>\n\t<\/div>\n\t\n\n\t\t\t<\/div>\n\t\t<\/div>\n\t<\/div>\n\t\n\n\t\t<\/div>\n\t\t\t\t\t<\/div>\n\n\t\n\n<\/div>\n\t<div id=\"text-2459934594\" class=\"text\">\n\t\t\n\n<p style=\"text-align: center;\"><strong>CH\u1ed0NG TH\u1ea4M TR\u01af\u1edcNG S\u01a0N &#8211; UY T\u00cdN L\u00c0M N\u00caN TH\u01af\u01a0NG HI\u1ec6U<\/strong><\/p>\n<p style=\"text-align: center;\">\u00a0<\/p>\n\t\t\n<style>\n#text-2459934594 {\n  font-size: 1.2rem;\n  line-height: 1.3;\n  text-align: center;\n  color: rgb(255, 255, 255);\n}\n#text-2459934594 > * {\n  color: rgb(255, 255, 255);\n}\n<\/style>\n\t<\/div>\n\t\n\n\t\t<\/div>\n\n\t\t\n<style>\n#section_1720041202 {\n  padding-top: 30px;\n  padding-bottom: 30px;\n}\n#section_1720041202 .section-bg-overlay {\n  background-color: rgba(255, 102, 0, 0);\n}\n#section_1720041202 .section-bg.bg-loaded {\n  background-image: url(http:\/\/www.chongthamtruongson.vn\/wp-content\/uploads\/2024\/06\/background-2.jpg);\n}\n<\/style>\n\t<\/section>\n\t\n\n","protected":false},"excerpt":{"rendered":"","protected":false},"author":1,"featured_media":0,"parent":0,"menu_order":1,"comment_status":"closed","ping_status":"closed","template":"page-blank.php","meta":{"footnotes":""},"class_list":["post-538","page","type-page","status-publish","hentry"],"_links":{"self":[{"href":"http:\/\/www.chongthamtruongson.vn\/index.php?rest_route=\/wp\/v2\/pages\/538","targetHints":{"allow":["GET"]}}],"collection":[{"href":"http:\/\/www.chongthamtruongson.vn\/index.php?rest_route=\/wp\/v2\/pages"}],"about":[{"href":"http:\/\/www.chongthamtruongson.vn\/index.php?rest_route=\/wp\/v2\/types\/page"}],"author":[{"embeddable":true,"href":"http:\/\/www.chongthamtruongson.vn\/index.php?rest_route=\/wp\/v2\/users\/1"}],"replies":[{"embeddable":true,"href":"http:\/\/www.chongthamtruongson.vn\/index.php?rest_route=%2Fwp%2Fv2%2Fcomments&post=538"}],"version-history":[{"count":17,"href":"http:\/\/www.chongthamtruongson.vn\/index.php?rest_route=\/wp\/v2\/pages\/538\/revisions"}],"predecessor-version":[{"id":793,"href":"http:\/\/www.chongthamtruongson.vn\/index.php?rest_route=\/wp\/v2\/pages\/538\/revisions\/793"}],"wp:attachment":[{"href":"http:\/\/www.chongthamtruongson.vn\/index.php?rest_route=%2Fwp%2Fv2%2Fmedia&parent=538"}],"curies":[{"name":"wp","href":"https:\/\/api.w.org\/{rel}","templated":true}]}}