{"id":534,"date":"2024-06-25T13:48:04","date_gmt":"2024-06-25T13:48:04","guid":{"rendered":"http:\/\/localhost\/wordpress\/?page_id=534"},"modified":"2024-07-18T23:59:42","modified_gmt":"2024-07-18T16:59:42","slug":"chong-tham-san-mai-san-thuong","status":"publish","type":"page","link":"http:\/\/www.chongthamtruongson.vn\/?page_id=534","title":{"rendered":"Ch\u1ed1ng Th\u1ea5m S\u00e0n M\u00e1i, S\u00e2n Th\u01b0\u1ee3ng"},"content":{"rendered":"\n\t<section class=\"section\" id=\"section_1604554344\">\n\t\t<div class=\"bg section-bg fill bg-fill  bg-loaded\" >\n\n\t\t\t\n\t\t\t<div class=\"effect-sliding-glass bg-effect fill no-click\"><\/div>\n\t\t\t\n\n\t\t<\/div>\n\n\t\t\n\n\t\t<div class=\"section-content relative\">\n\t\t\t\n\n<div class=\"container section-title-container\" ><h2 class=\"section-title section-title-center\"><b><\/b><span class=\"section-title-main\" style=\"color:rgb(255, 255, 255);\"><i class=\"icon-certificate\" ><\/i>Ch\u1ed1ng Th\u1ea5m S\u00e0n M\u00e1i, S\u00e2n Th\u01b0\u1ee3ng<\/span><b><\/b><\/h2><\/div>\n\n<div class=\"row\"  id=\"row-1757912527\">\n\n\n\t<div id=\"col-1472033436\" class=\"col medium-6 small-12 large-6\"  >\n\t\t\t\t<div class=\"col-inner\"  >\n\t\t\t\n\t\t\t\n\n\t<div id=\"text-4036731807\" class=\"text\">\n\t\t\n\n<p><span style=\"font-size: 100%;\"><strong>1. V\u00ec sao s\u00e2n th\u01b0\u1ee3ng b\u1ecb th\u1ea5m n\u01b0\u1edbc?<\/strong><\/span><br \/><span style=\"font-size: 100%;\">&#8211; N\u1ebfu m\u1ed9t ng\u00e0y, b\u1ea1n b\u1ed7ng nhi\u00ean th\u1ea5y b\u1ec1 m\u1eb7t s\u00e2n th\u01b0\u1ee3ng nh\u00e0 m\u00ecnh xu\u1ea5t hi\u1ec7n c\u00e1c v\u1ebft n\u1ee9t h\u00ecnh ch\u00e2n chim, rong r\u00eau m\u00e0u n\u00e2u \u0111en ho\u1eb7c b\u1ec1 m\u1eb7t c\u00f3 d\u1ea5u hi\u1ec7u s\u1ee5t l\u00fan k\u00e8m theo c\u00e1c v\u1ec7t m\u1ed1c v\u00e0ng \u0111en th\u00ec s\u00e2n th\u01b0\u1ee3ng nh\u00e0 b\u1ea1n \u0111\u00e3 b\u1ecb th\u1ea5m n\u01b0\u1edbc. S\u00e2n th\u01b0\u1ee3ng c\u0169ng l\u00e0 n\u01a1i th\u01b0\u1eddng xuy\u00ean b\u1ecb th\u1ea5m d\u1ed9t nhi\u1ec1u nh\u1ea5t trong nh\u00e0 do ph\u1ea3i ti\u1ebfp x\u00fac tr\u1ef1c ti\u1ebfp v\u1edbi ngo\u1ea1i c\u1ea3nh.<\/span><br \/><span style=\"font-size: 100%;\">&#8211; S\u00e2n th\u01b0\u1ee3ng b\u1ecb th\u1ea5m n\u01b0\u1edbc c\u00f3 th\u1ec3 do nhi\u1ec1u nguy\u00ean nh\u00e2n, nh\u01b0ng ch\u1ee7 y\u1ebfu l\u00e0 c\u00e1c l\u00fd do sau:<\/span><br \/><span style=\"font-size: 100%;\">&#8211; \u0110\u1eb7c th\u00f9 kh\u00ed h\u1eadu Vi\u1ec7t Nam c\u00f3 \u0111\u1ed9 \u1ea9m cao, m\u01b0a n\u1eafng thay \u0111\u1ed5i th\u1ea5t th\u01b0\u1eddng khi\u1ebfn s\u00e2n th\u01b0\u1ee3ng b\u1ecb co gi\u00e3n li\u00ean t\u1ee5c theo nhi\u1ec7t \u0111\u1ed9 th\u1eddi ti\u1ebft.<\/span><br \/><span style=\"font-size: 100%;\">&#8211; S\u00e2n th\u01b0\u1ee3ng b\u1ecb xu\u1ed1ng c\u1ea5p do \u0111\u00e3 \u0111\u01b0\u1ee3c x\u00e2y d\u1ef1ng l\u00e2u ng\u00e0y n\u00ean c\u00f3 c\u00e1c v\u1ebft n\u1ee9t s\u1eb5n, n\u01b0\u1edbc th\u1ea5m qua c\u00e1c v\u1ebft n\u1ee9t n\u00e0y g\u00e2y th\u1ea5m d\u1ed9t.<\/span><br \/><span style=\"font-size: 100%;\">&#8211; \u1ed0ng tho\u00e1t n\u01b0\u1edbc c\u1ee7a s\u00e2n th\u01b0\u1ee3ng b\u1ecb ngh\u1eb9t l\u00e2u ng\u00e0y nh\u01b0ng kh\u00f4ng \u0111\u01b0\u1ee3c khai th\u00f4ng n\u00ean n\u01b0\u1edbc ng\u1ea5m d\u1ea7n v\u00e0o b\u1ec1 m\u1eb7t s\u00e2n.<\/span><br \/><span style=\"font-size: 100%;\">&#8211; S\u00e2n th\u01b0\u1ee3ng kh\u00f4ng \u0111\u01b0\u1ee3c ch\u1ed1ng th\u1ea5m \u0111\u00fang quy c\u00e1ch ngay t\u1eeb \u0111\u1ea7u, qua th\u1eddi gian m\u1ea5t \u0111i t\u00e1c d\u1ee5ng ch\u1ed1ng th\u1ea5m.<\/span><\/p>\n\t\t\n<style>\n#text-4036731807 {\n  color: rgb(255, 255, 255);\n}\n#text-4036731807 > * {\n  color: rgb(255, 255, 255);\n}\n<\/style>\n\t<\/div>\n\t\n\n\t\t<\/div>\n\t\t\t\t\t<\/div>\n\n\t\n\n\t<div id=\"col-1616311612\" class=\"col medium-6 small-12 large-6\"  >\n\t\t\t\t<div class=\"col-inner\"  >\n\t\t\t\n\t\t\t\n\n\t<div class=\"img has-hover x md-x lg-x y md-y lg-y\" id=\"image_1308027523\">\n\t\t\t\t\t\t\t\t<div class=\"img-inner dark\" >\n\t\t\t<img loading=\"lazy\" decoding=\"async\" width=\"700\" height=\"467\" src=\"http:\/\/www.chongthamtruongson.vn\/wp-content\/uploads\/2024\/07\/tham-dot.webp\" class=\"attachment-large size-large\" alt=\"\" srcset=\"http:\/\/www.chongthamtruongson.vn\/wp-content\/uploads\/2024\/07\/tham-dot.webp 700w, http:\/\/www.chongthamtruongson.vn\/wp-content\/uploads\/2024\/07\/tham-dot-600x400.webp 600w\" sizes=\"auto, (max-width: 700px) 100vw, 700px\" \/>\t\t\t\t\t\t\n\t\t\t\t\t<\/div>\n\t\t\t\t\t\t\t\t\n<style>\n#image_1308027523 {\n  width: 100%;\n}\n<\/style>\n\t<\/div>\n\t\n\n\n\t\t<\/div>\n\t\t\t\t\t<\/div>\n\n\t\n\n<\/div>\n<div class=\"row\"  id=\"row-260330577\">\n\n\n\t<div id=\"col-1846455787\" class=\"col medium-6 small-12 large-6\"  >\n\t\t\t\t<div class=\"col-inner\"  >\n\t\t\t\n\t\t\t\n\n\t<div class=\"img has-hover x md-x lg-x y md-y lg-y\" id=\"image_1516693524\">\n\t\t\t\t\t\t\t\t<div class=\"img-inner dark\" >\n\t\t\t<img loading=\"lazy\" decoding=\"async\" width=\"600\" height=\"450\" src=\"http:\/\/www.chongthamtruongson.vn\/wp-content\/uploads\/2024\/07\/ly-do-san-thuong-bi-tham-dot.png\" class=\"attachment-large size-large\" alt=\"\" srcset=\"http:\/\/www.chongthamtruongson.vn\/wp-content\/uploads\/2024\/07\/ly-do-san-thuong-bi-tham-dot.png 600w, http:\/\/www.chongthamtruongson.vn\/wp-content\/uploads\/2024\/07\/ly-do-san-thuong-bi-tham-dot-533x400.png 533w\" sizes=\"auto, (max-width: 600px) 100vw, 600px\" \/>\t\t\t\t\t\t\n\t\t\t\t\t<\/div>\n\t\t\t\t\t\t\t\t\n<style>\n#image_1516693524 {\n  width: 100%;\n}\n<\/style>\n\t<\/div>\n\t\n\n\n\t\t<\/div>\n\t\t\t\t\t<\/div>\n\n\t\n\n\t<div id=\"col-1177831682\" class=\"col medium-6 small-12 large-6\"  >\n\t\t\t\t<div class=\"col-inner\"  >\n\t\t\t\n\t\t\t\n\n\t<div id=\"text-1057393628\" class=\"text\">\n\t\t\n\n<p><strong>2. S\u00e2n th\u01b0\u1ee3ng b\u1ecb th\u1ea5m n\u01b0\u1edbc g\u00e2y ra v\u1ea5n \u0111\u1ec1 g\u00ec?<\/strong><br \/>&#8211; S\u00e2n th\u01b0\u1ee3ng b\u1ecb th\u1ea5m n\u01b0\u1edbc s\u1ebd t\u00e1c \u0111\u1ed9ng tr\u1ef1c ti\u1ebfp \u0111\u1ebfn ph\u1ea7n t\u01b0\u1eddng v\u00e0 tr\u1ea7n nh\u00e0 b\u00ean d\u01b0\u1edbi, khi\u1ebfn tr\u1ea7n nh\u00e0 xu\u1ea5t hi\u1ec7n nh\u1eefng v\u1ebft m\u00e0u loang l\u1ed5, bong r\u1ed9p x\u1ea5u x\u00ed. Nh\u1eefng chi\u1ebfc tr\u1ea7n nh\u00e0, s\u00e2n th\u01b0\u1ee3ng b\u1ecb \u1ea9m th\u1ea5p do th\u1ea5m n\u01b0\u1edbc c\u0169ng l\u00e0 m\u00f4i tr\u01b0\u1eddng thu\u1eadn l\u1ee3i cho c\u00e1c lo\u00e0i n\u1ea5m m\u1ed1c g\u00e2y h\u1ea1i cho s\u1ee9c kh\u1ecfe sinh s\u1ed1ng. B\u00ean c\u1ea1nh \u0111\u00f3, n\u01b0\u1edbc th\u1ea5m qu\u00e1 nhi\u1ec1u n\u1ebfu lan xu\u1ed1ng \u1ed5 \u0111i\u1ec7n trong nh\u00e0 th\u00ec v\u00f4 c\u00f9ng nguy hi\u1ec3m.<\/p>\n\t\t\n<style>\n#text-1057393628 {\n  color: rgb(255, 255, 255);\n}\n#text-1057393628 > * {\n  color: rgb(255, 255, 255);\n}\n<\/style>\n\t<\/div>\n\t\n\n\t\t<\/div>\n\t\t\t\t\t<\/div>\n\n\t\n\n<\/div>\n<div class=\"row\"  id=\"row-1835293877\">\n\n\n\t<div id=\"col-269268514\" class=\"col medium-6 small-12 large-6\"  >\n\t\t\t\t<div class=\"col-inner\"  >\n\t\t\t\n\t\t\t\n\n\t<div id=\"text-3177225414\" class=\"text\">\n\t\t\n\n<p><strong>3. L\u1ee3i \u00edch khi ch\u1ed1ng th\u1ea5m s\u00e2n th\u01b0\u1ee3ng<\/strong><br \/>&#8211; T\u0103ng t\u00ednh th\u1ea9m m\u1ef9 cho c\u0103n nh\u00e0: Khi s\u00e2n th\u01b0\u1ee3ng \u0111\u01b0\u1ee3c ch\u1ed1ng th\u1ea5m \u0111\u00fang c\u00e1ch v\u00e0 hi\u1ec7u qu\u1ea3, tr\u1ea7n nh\u00e0 s\u1ebd kh\u00f4ng b\u1ecb th\u1ea5m n\u01b0\u1edbc, v\u00e0 do \u0111\u00f3, c\u00e1c v\u1ea5n \u0111\u1ec1 li\u00ean quan \u0111\u1ebfn th\u1ea9m m\u1ef9 c\u1ee7a c\u0103n nh\u00e0 do th\u1ea5m n\u01b0\u1edbc g\u00e2y ra s\u1ebd kh\u00f4ng c\u00f3, t\u00ednh th\u1ea9m m\u1ef9 c\u1ee7a c\u0103n nh\u00e0 s\u1ebd lu\u00f4n \u0111\u01b0\u1ee3c gi\u1eef theo th\u1eddi gian.<br \/>&#8211; B\u1ea3o v\u1ec7 s\u00e2n th\u01b0\u1ee3ng kh\u1ecfi t\u00ecnh tr\u1ea1ng h\u01b0 k\u1ebft c\u1ea5u: Khi s\u00e2n th\u01b0\u1ee3ng b\u1ecb th\u1ea5m n\u01b0\u1edbc, t\u00ecnh tr\u1ea1ng n\u1ee9t b\u1ec1 m\u1eb7t c\u00f3 th\u1ec3 x\u1ea3y ra, g\u00e2y m\u1ea5t th\u1ea9m m\u1ef9 cho s\u00e2n th\u01b0\u1ee3ng. Nguy hi\u1ec3m h\u01a1n, khi t\u00ecnh tr\u1ea1ng th\u1ea5m n\u01b0\u1edbc qu\u00e1 n\u1eb7ng, s\u00e2n th\u01b0\u1ee3ng c\u00f3 th\u1ec3 b\u1ecb nghi\u00eang l\u00fan, g\u00e2y nguy hi\u1ec3m cho t\u1ea7ng nh\u00e0 b\u00ean d\u01b0\u1edbi.<br \/>&#8211; K\u00e9o d\u00e0i tu\u1ed5i th\u1ecd cho s\u00e2n th\u01b0\u1ee3ng: Khi s\u00e2n th\u01b0\u1ee3ng \u0111\u01b0\u1ee3c \u00e1p d\u1ee5ng bi\u1ec7n ph\u00e1p ch\u1ed1ng th\u1ea5m h\u1ee3p l\u00fd, tu\u1ed5i th\u1ecd c\u1ee7a s\u00e2n th\u01b0\u1ee3ng c\u0169ng s\u1ebd \u0111\u01b0\u1ee3c t\u0103ng l\u00ean. Gia ch\u1ee7 c\u00f3 th\u1ec3 s\u1eed d\u1ee5ng s\u00e2n th\u01b0\u1ee3ng l\u00e2u h\u01a1n, b\u1ec1n h\u01a1n v\u1edbi \u00edt r\u1ee7i ro h\u01a1n.<br \/>&#8211; Ti\u1ebft ki\u1ec7m chi ph\u00ed s\u1eeda ch\u1eefa: T\u00ecnh tr\u1ea1ng b\u1ecb th\u1ea5m n\u01b0\u1edbc c\u1ee7a s\u00e2n th\u01b0\u1ee3ng c\u00e0ng n\u1eb7ng th\u00ec chi ph\u00ed s\u1eeda ch\u1eefa c\u00e0ng \u0111\u1eaft \u0111\u1ecf. Do v\u1eady, n\u1ebfu ngay t\u1eeb \u0111\u1ea7u, gia ch\u1ee7 l\u1ef1a ch\u1ecdn \u0111\u01b0\u1ee3c ph\u01b0\u01a1ng ph\u00e1p ch\u1ed1ng th\u1ea5m s\u00e2n th\u01b0\u1ee3ng s\u1edbm v\u00e0 \u0111\u00fang th\u00ec gia ch\u1ee7 c\u00f3 th\u1ec3 ti\u1ebft ki\u1ec7m \u0111\u01b0\u1ee3c r\u1ea5t nhi\u1ec1u chi ph\u00ed cho vi\u1ec7c s\u1eeda ch\u1eefa n\u00e0y.<\/p>\n<p>\u00a0<\/p>\n\t\t\n<style>\n#text-3177225414 {\n  color: rgb(255, 255, 255);\n}\n#text-3177225414 > * {\n  color: rgb(255, 255, 255);\n}\n<\/style>\n\t<\/div>\n\t\n\n\t\t<\/div>\n\t\t\t\t\t<\/div>\n\n\t\n\n\t<div id=\"col-608453995\" class=\"col medium-6 small-12 large-6\"  >\n\t\t\t\t<div class=\"col-inner\"  >\n\t\t\t\n\t\t\t\n\n\t<div class=\"img has-hover x md-x lg-x y md-y lg-y\" id=\"image_1512114184\">\n\t\t\t\t\t\t\t\t<div class=\"img-inner dark\" >\n\t\t\t<img loading=\"lazy\" decoding=\"async\" width=\"1020\" height=\"765\" src=\"http:\/\/www.chongthamtruongson.vn\/wp-content\/uploads\/2024\/07\/IMG_8790-1067x800.jpg\" class=\"attachment-large size-large\" alt=\"\" srcset=\"http:\/\/www.chongthamtruongson.vn\/wp-content\/uploads\/2024\/07\/IMG_8790-1067x800.jpg 1067w, http:\/\/www.chongthamtruongson.vn\/wp-content\/uploads\/2024\/07\/IMG_8790-533x400.jpg 533w, http:\/\/www.chongthamtruongson.vn\/wp-content\/uploads\/2024\/07\/IMG_8790-768x576.jpg 768w, http:\/\/www.chongthamtruongson.vn\/wp-content\/uploads\/2024\/07\/IMG_8790-1536x1152.jpg 1536w, http:\/\/www.chongthamtruongson.vn\/wp-content\/uploads\/2024\/07\/IMG_8790-600x450.jpg 600w, http:\/\/www.chongthamtruongson.vn\/wp-content\/uploads\/2024\/07\/IMG_8790.jpg 1920w\" sizes=\"auto, (max-width: 1020px) 100vw, 1020px\" \/>\t\t\t\t\t\t\n\t\t\t\t\t<\/div>\n\t\t\t\t\t\t\t\t\n<style>\n#image_1512114184 {\n  width: 100%;\n}\n<\/style>\n\t<\/div>\n\t\n\n\n\t\t<\/div>\n\t\t\t\t\t<\/div>\n\n\t\n\n<\/div>\n\t<div id=\"text-3952473484\" class=\"text\">\n\t\t\n\n<p style=\"text-align: center;\"><strong>N\u1ebeU NH\u00c0 B\u1ea0N \u0110ANG B\u1eca TH\u1ea4M NG\u1ea4M H\u00c3Y LI\u00caN H\u1ec6 NG\u00c0Y V\u1edaI CH\u00daNG T\u00d4I THEO TH\u00d4NG TIN B\u00caN D\u01af\u1edaI\u00a0<\/strong><\/p>\n\t\t\n<style>\n#text-3952473484 {\n  color: rgb(255, 255, 255);\n}\n#text-3952473484 > * {\n  color: rgb(255, 255, 255);\n}\n<\/style>\n\t<\/div>\n\t\n\n\t\t<\/div>\n\n\t\t\n<style>\n#section_1604554344 {\n  padding-top: 30px;\n  padding-bottom: 30px;\n  background-color: #2e5b96;\n}\n<\/style>\n\t<\/section>\n\t\n\t<section class=\"section\" id=\"section_694938702\">\n\t\t<div class=\"bg section-bg fill bg-fill  \" >\n\n\t\t\t\n\t\t\t<div class=\"section-bg-overlay absolute fill\"><\/div>\n\t\t\t\n\n\t\t<\/div>\n\n\t\t\n\n\t\t<div class=\"section-content relative\">\n\t\t\t\n\n\t<div id=\"text-2976961096\" class=\"text\">\n\t\t\n\n<p style=\"text-align: center;\"><strong>C\u00d4NG TY C\u1ed4 PH\u1ea6N \u0110\u1ea6U T\u01af &amp;TM TR\u01af\u1edcNG S\u01a0N<\/strong><\/p>\n<p style=\"text-align: center;\">\u00a0<\/p>\n\t\t\n<style>\n#text-2976961096 {\n  font-size: 1.2rem;\n  line-height: 1.3;\n  text-align: center;\n  color: rgb(255, 255, 255);\n}\n#text-2976961096 > * {\n  color: rgb(255, 255, 255);\n}\n<\/style>\n\t<\/div>\n\t\n<div class=\"row\"  id=\"row-1431154992\">\n\n\n\t<div id=\"col-339540710\" class=\"col medium-4 small-12 large-4\"  >\n\t\t\t\t<div class=\"col-inner\"  >\n\t\t\t\n\t\t\t\n\n\t<div class=\"box has-hover   has-hover box-text-bottom\" >\n\n\t\t<div class=\"box-image\" style=\"width:25%;\">\n\t\t\t\t\t\t<div class=\"\" >\n\t\t\t\t<img loading=\"lazy\" decoding=\"async\" width=\"200\" height=\"200\" src=\"http:\/\/www.chongthamtruongson.vn\/wp-content\/uploads\/2024\/06\/icon-dia-diem.png\" class=\"attachment- size-\" alt=\"\" \/>\t\t\t\t\t\t\t\t\t\t\t<\/div>\n\t\t\t\t\t<\/div>\n\n\t\t<div class=\"box-text text-center\" >\n\t\t\t<div class=\"box-text-inner\">\n\t\t\t\t\n\n\t<div id=\"text-3021734686\" class=\"text\">\n\t\t\n\n<h4 style=\"text-align: center;\"><strong>V\u0103n Ph\u00f2ng Ch\u00ednh<\/strong><\/h4>\n<p style=\"text-align: center;\">08 &#8211; B\u00f9i Kh\u1eafc Nh\u1ea5t &#8211; P. \u0110\u00f4ng H\u01b0\u01a1ng &#8211; TP. Thanh H\u00f3a<\/p>\n\t\t\n<style>\n#text-3021734686 {\n  color: rgb(255, 255, 255);\n}\n#text-3021734686 > * {\n  color: rgb(255, 255, 255);\n}\n<\/style>\n\t<\/div>\n\t\n\n\t\t\t<\/div>\n\t\t<\/div>\n\t<\/div>\n\t\n\n\t\t<\/div>\n\t\t\t\t\t<\/div>\n\n\t\n\n\t<div id=\"col-322753802\" class=\"col medium-4 small-12 large-4\"  >\n\t\t\t\t<div class=\"col-inner\"  >\n\t\t\t\n\t\t\t\n\n\t<div class=\"box has-hover   has-hover box-text-bottom\" >\n\n\t\t<div class=\"box-image\" style=\"width:25%;\">\n\t\t\t\t\t\t<div class=\"\" >\n\t\t\t\t<img loading=\"lazy\" decoding=\"async\" width=\"200\" height=\"200\" src=\"http:\/\/www.chongthamtruongson.vn\/wp-content\/uploads\/2024\/06\/icon-dien-thoai.png\" class=\"attachment- size-\" alt=\"\" \/>\t\t\t\t\t\t\t\t\t\t\t<\/div>\n\t\t\t\t\t<\/div>\n\n\t\t<div class=\"box-text text-center\" >\n\t\t\t<div class=\"box-text-inner\">\n\t\t\t\t\n\n\t<div id=\"text-1556408732\" class=\"text\">\n\t\t\n\n<h3 class=\"uppercase\">HoTLINE<\/h3>\n<p>0984 822 123<\/p>\n<p>0915 586 234 (Ph\u00f2ng K\u1ef9 Thu\u1eadt)<\/p>\n<p>0972 498 386 (Ph\u00f2ng K\u1ebf To\u00e1n)<\/p>\n\n\t\t\n<style>\n#text-1556408732 {\n  color: rgb(255, 255, 255);\n}\n#text-1556408732 > * {\n  color: rgb(255, 255, 255);\n}\n<\/style>\n\t<\/div>\n\t\n\n\t\t\t<\/div>\n\t\t<\/div>\n\t<\/div>\n\t\n\n\t\t<\/div>\n\t\t\t\t\t<\/div>\n\n\t\n\n\t<div id=\"col-1143657180\" class=\"col medium-4 small-12 large-4\"  >\n\t\t\t\t<div class=\"col-inner\"  >\n\t\t\t\n\t\t\t\n\n\t<div class=\"box has-hover   has-hover box-text-bottom\" >\n\n\t\t<div class=\"box-image\" style=\"width:25%;\">\n\t\t\t\t\t\t<div class=\"\" >\n\t\t\t\t<img loading=\"lazy\" decoding=\"async\" width=\"200\" height=\"200\" src=\"http:\/\/www.chongthamtruongson.vn\/wp-content\/uploads\/2024\/06\/icon-email.png\" class=\"attachment- size-\" alt=\"\" \/>\t\t\t\t\t\t\t\t\t\t\t<\/div>\n\t\t\t\t\t<\/div>\n\n\t\t<div class=\"box-text text-center\" >\n\t\t\t<div class=\"box-text-inner\">\n\t\t\t\t\n\n\t<div id=\"text-905271320\" class=\"text\">\n\t\t\n\n<h4>Email<\/h4>\n<p>chongthamtruongson@gmail.com<\/p>\n\t\t\n<style>\n#text-905271320 {\n  color: rgb(255, 255, 255);\n}\n#text-905271320 > * {\n  color: rgb(255, 255, 255);\n}\n<\/style>\n\t<\/div>\n\t\n\n\t\t\t<\/div>\n\t\t<\/div>\n\t<\/div>\n\t\n\n\t\t<\/div>\n\t\t\t\t\t<\/div>\n\n\t\n\n<\/div>\n\t<div id=\"text-1020748116\" class=\"text\">\n\t\t\n\n<p style=\"text-align: center;\"><strong>CH\u1ed0NG TH\u1ea4M TR\u01af\u1edcNG S\u01a0N &#8211; UY T\u00cdN L\u00c0M N\u00caN TH\u01af\u01a0NG HI\u1ec6U<\/strong><\/p>\n<p style=\"text-align: center;\">\u00a0<\/p>\n\t\t\n<style>\n#text-1020748116 {\n  font-size: 1.2rem;\n  line-height: 1.3;\n  text-align: center;\n  color: rgb(255, 255, 255);\n}\n#text-1020748116 > * {\n  color: rgb(255, 255, 255);\n}\n<\/style>\n\t<\/div>\n\t\n\n\t\t<\/div>\n\n\t\t\n<style>\n#section_694938702 {\n  padding-top: 30px;\n  padding-bottom: 30px;\n}\n#section_694938702 .section-bg-overlay {\n  background-color: rgba(255, 102, 0, 0);\n}\n#section_694938702 .section-bg.bg-loaded {\n  background-image: url(http:\/\/www.chongthamtruongson.vn\/wp-content\/uploads\/2024\/06\/background-2.jpg);\n}\n<\/style>\n\t<\/section>\n\t\n\n","protected":false},"excerpt":{"rendered":"","protected":false},"author":1,"featured_media":0,"parent":0,"menu_order":1,"comment_status":"closed","ping_status":"closed","template":"page-blank.php","meta":{"footnotes":""},"class_list":["post-534","page","type-page","status-publish","hentry"],"_links":{"self":[{"href":"http:\/\/www.chongthamtruongson.vn\/index.php?rest_route=\/wp\/v2\/pages\/534","targetHints":{"allow":["GET"]}}],"collection":[{"href":"http:\/\/www.chongthamtruongson.vn\/index.php?rest_route=\/wp\/v2\/pages"}],"about":[{"href":"http:\/\/www.chongthamtruongson.vn\/index.php?rest_route=\/wp\/v2\/types\/page"}],"author":[{"embeddable":true,"href":"http:\/\/www.chongthamtruongson.vn\/index.php?rest_route=\/wp\/v2\/users\/1"}],"replies":[{"embeddable":true,"href":"http:\/\/www.chongthamtruongson.vn\/index.php?rest_route=%2Fwp%2Fv2%2Fcomments&post=534"}],"version-history":[{"count":14,"href":"http:\/\/www.chongthamtruongson.vn\/index.php?rest_route=\/wp\/v2\/pages\/534\/revisions"}],"predecessor-version":[{"id":770,"href":"http:\/\/www.chongthamtruongson.vn\/index.php?rest_route=\/wp\/v2\/pages\/534\/revisions\/770"}],"wp:attachment":[{"href":"http:\/\/www.chongthamtruongson.vn\/index.php?rest_route=%2Fwp%2Fv2%2Fmedia&parent=534"}],"curies":[{"name":"wp","href":"https:\/\/api.w.org\/{rel}","templated":true}]}}