{"id":49,"date":"2024-03-31T14:08:39","date_gmt":"2024-03-31T14:08:39","guid":{"rendered":"http:\/\/flatsome.dev\/?page_id=6999"},"modified":"2024-06-28T00:09:34","modified_gmt":"2024-06-28T00:09:34","slug":"pages","status":"publish","type":"page","link":"http:\/\/www.chongthamtruongson.vn\/?page_id=49","title":{"rendered":"Ch\u1ed1ng Th\u1ea5m Tr\u01b0\u1eddng S\u01a1n &#8211; Thanh H\u00f3a"},"content":{"rendered":"\n\n  <div class=\"banner has-hover\" id=\"banner-351600194\">\n          <div class=\"banner-inner fill\">\n        <div class=\"banner-bg fill\" >\n            <div class=\"bg fill bg-fill \"><\/div>\n                        <div class=\"overlay\"><\/div>            \n                    <\/div>\n\t\t\n        <div class=\"banner-layers container\">\n            <div class=\"fill banner-link\"><\/div>            \n\n   <div id=\"text-box-882942697\" class=\"text-box banner-layer x50 md-x50 lg-x50 y50 md-y50 lg-y50 res-text\">\n                                <div class=\"text-box-content text dark\">\n              \n              <div class=\"text-inner text-center\">\n                  \n\n\n              <\/div>\n           <\/div>\n                            \n<style>\n#text-box-882942697 {\n  width: 60%;\n}\n#text-box-882942697 .text-box-content {\n  font-size: 100%;\n}\n@media (min-width:550px) {\n  #text-box-882942697 {\n    width: 60%;\n  }\n}\n<\/style>\n    <\/div>\n \n\n        <\/div>\n      <\/div>\n\n              <div class=\"height-fix is-invisible\"><img loading=\"lazy\" decoding=\"async\" width=\"1408\" height=\"328\" src=\"http:\/\/www.chongthamtruongson.vn\/wp-content\/uploads\/2024\/06\/slogan.jpg\" class=\"attachment-original size-original\" alt=\"\" \/><\/div>\n            \n<style>\n#banner-351600194 .bg.bg-loaded {\n  background-image: url(http:\/\/www.chongthamtruongson.vn\/wp-content\/uploads\/2024\/06\/slogan.jpg);\n}\n#banner-351600194 .overlay {\n  background-color: rgba(0, 0, 0, 0.06);\n}\n#banner-351600194 .bg {\n  background-position: 52% 2%;\n}\n<\/style>\n  <\/div>\n\n\n<div class=\"container section-title-container\" ><h3 class=\"section-title section-title-center\"><b><\/b><span class=\"section-title-main\" >TH\u01af NG\u1ece<\/span><b><\/b><\/h3><\/div>\n\n<div class=\"row row-full-width\"  id=\"row-141393247\">\n\n\n\t<div id=\"col-774242968\" class=\"col medium-6 small-12 large-6\"  >\n\t\t\t\t<div class=\"col-inner\"  >\n\t\t\t\n\t\t\t\n\n\t<div class=\"img has-hover x md-x lg-x y md-y lg-y\" id=\"image_640788736\">\n\t\t\t\t\t\t\t\t<div class=\"img-inner image-cover dark\" style=\"padding-top:100%;\">\n\t\t\t<img loading=\"lazy\" decoding=\"async\" width=\"1020\" height=\"669\" src=\"http:\/\/www.chongthamtruongson.vn\/wp-content\/uploads\/2024\/06\/Untitled-1.jpg\" class=\"attachment-large size-large\" alt=\"\" \/>\t\t\t\t\t\t\n\t\t\t\t\t<\/div>\n\t\t\t\t\t\t\t\t\n<style>\n#image_640788736 {\n  width: 100%;\n}\n<\/style>\n\t<\/div>\n\t\n\n\n\t\t<\/div>\n\t\t\t\t\t<\/div>\n\n\t\n\n\t<div id=\"col-344104983\" class=\"col medium-6 small-12 large-6\"  >\n\t\t\t\t<div class=\"col-inner\"  >\n\t\t\t\n\t\t\t\n\n<p class=\"cvGsUA direction-ltr align-justify para-style-body\"><em><strong><span class=\"OYPEnA text-decoration-none text-strikethrough-none\">K\u00ednh ch\u00e0o qu\u00fd kh\u00e1ch h\u00e0ng v\u00e0 \u0111\u1ed1i t\u00e1c !<\/span><\/strong><\/em><\/p>\n<p class=\"cvGsUA direction-ltr align-justify para-style-body\"><span class=\"OYPEnA text-decoration-none text-strikethrough-none\">C\u00d4NG TY C\u1ed4 PH\u1ea6N \u0110T TM TR\u01af\u1edcNG S\u01a0N ( CH\u1ed0NG TH\u1ea4M TR\u01af\u1edcNG S\u01a0N )\u0111\u01b0\u1ee3c th\u00e0nh l\u1eadp v\u1edbi s\u1ee9 m\u1ec7nh mang \u0111\u1ebfn gi\u1ea3i ph\u00e1p c\u00f4ng ngh\u1ec7 cao cho ng\u00e0nh ch\u1ed1ng th\u1ea5m trong n\u01b0\u1edbc v\u1edbi ngu\u1ed3n v\u1eadt t\u01b0 ch\u1ea5t l\u01b0\u1ee3ng, \u0111\u01b0\u1ee3c nh\u1eadp kh\u1ea9u t\u1eeb c\u00e1c Qu\u1ed1c gia c\u00f3 n\u1ec1n c\u00f4ng nghi\u1ec7p ph\u00e1t tri\u1ec3n nh\u1ea5t tr\u00ean th\u1ebf gi\u1edbi&#8230;<\/span><span class=\"OYPEnA text-decoration-none text-strikethrough-none\">C\u00e1c \u01b0u \u0111i\u1ec3m b\u00ean CH\u1ed0NG TH\u1ea4M TR\u01af\u1edcNG S\u01a0N mang \u0111\u1ebfn kh\u00e1ch h\u00e0ng g\u1ed3m c\u00f3:<\/span><\/p>\n<p class=\"cvGsUA direction-ltr align-justify para-style-body\"><span class=\"OYPEnA text-decoration-none text-strikethrough-none\">+ Ch\u1ea5t l\u01b0\u1ee3ng s\u1ea3n ph\u1ea9m v\u01b0\u1ee3t tr\u1ed9i h\u01a1n so v\u1edbi c\u00e1c \u0111\u01a1n v\u1ecb.<\/span><\/p>\n<p class=\"cvGsUA direction-ltr align-justify para-style-body\"><span class=\"OYPEnA text-decoration-none text-strikethrough-none\">+ Gi\u00e1 c\u1ea3 c\u1ea1nh tranh.<\/span><\/p>\n<p class=\"cvGsUA direction-ltr align-justify para-style-body\"><span class=\"OYPEnA text-decoration-none text-strikethrough-none\">+ Chi\u1ebft kh\u1ea5u h\u1ea5p d\u1eabn.<\/span><\/p>\n<p class=\"cvGsUA direction-ltr align-justify para-style-body\"><span class=\"OYPEnA text-decoration-none text-strikethrough-none\">+ T\u01b0 v\u1ea5n kh\u1ea3o s\u00e1t mi\u1ec5n ph\u00ed.<\/span><\/p>\n<p class=\"cvGsUA direction-ltr align-justify para-style-body\"><span class=\"OYPEnA text-decoration-none text-strikethrough-none\">+ D\u1ecbch v\u1ee5 ti\u1ec7n l\u1ee3i, \u0111\u00e1p \u1ee9ng nhu c\u1ea7u ti\u1ebfn \u0111\u1ed9 c\u1ee7a qu\u00fd kh\u00e1ch h\u00e0ng.\u00a0<\/span><\/p>\n<p class=\"cvGsUA direction-ltr align-justify para-style-body\"><span class=\"OYPEnA text-decoration-none text-strikethrough-none\">Ch\u00fang t\u00f4i chuy\u00ean cung c\u1ea5p v\u1eadt t\u01b0 ch\u1ed1ng th\u1ea5m trong x\u00e2y d\u1ef1ng, thi c\u00f4ng c\u00e1c c\u00f4ng tr\u00ecnh l\u1edbn. T\u1ea5t c\u1ea3 s\u1ea3n ph\u1ea9m \u0111\u01b0\u1ee3c ki\u1ec3m \u0111\u1ecbnh ch\u1eb7t ch\u1ebd, \u0111\u1ea3m b\u1ea3o uy t\u00edn, ch\u1ea5t l\u01b0\u1ee3ng ho\u00e0n h\u1ea3o. Ph\u00f9 h\u1ee3p v\u1edbi t\u1eebng nhu c\u1ea7u c\u00e0 m\u1ee5c \u0111\u00edch s\u1eed d\u1ee5ng c\u1ee7a t\u1eebng qu\u00fd kh\u00e1ch.<\/span><\/p>\n<p class=\"cvGsUA direction-ltr align-justify para-style-body\"><span class=\"OYPEnA text-decoration-none text-strikethrough-none\">Th\u1ebf m\u1ea1nh l\u00e0m n\u00ean th\u01b0\u01a1ng hi\u1ec7u CH\u1ed0NG TH\u1ea4M TR\u01af\u1edcNG S\u01a0N ch\u00ednh l\u00e0: s\u1ef1 chuy\u00ean m\u00f4n h\u00f3a trong t\u1eebng b\u1ed9 ph\u1eadn, t\u00ednh tr\u00e1ch nhi\u1ec7m cao c\u00f9ng nh\u1eefng gi\u00e1m s\u00e1t k\u1ef9 thu\u1eadt l\u00e0m vi\u1ec7c nghi\u00eam t\u00fac, c\u1ea9n th\u1eadn nh\u1eb1m t\u1ea1o n\u00ean nh\u1eefng s\u1ea3n ph\u1ea9m ho\u00e0n thi\u1ec7n \u0111\u1ebfn t\u1eebng chi ti\u1ebft nh\u1ecf nh\u1ea5t. S\u1ef1 tin t\u01b0\u1edfng v\u00e0 \u1ee7ng h\u1ed9 c\u1ee7a kh\u00e1ch h\u00e0ng trong su\u1ed1t th\u1eddi gian qua l\u00e0 ngu\u1ed3n \u0111\u1ed9ng vi\u00ean to l\u1edbn tr\u00ean b\u01b0\u1edbc \u0111\u01b0\u1eddng ph\u00e1t tri\u1ec3n c\u1ee7a TR\u01af\u1edcNG S\u01a0N, \u0111\u00f3 c\u0169ng ch\u00ednh l\u00e0 \u0111\u1ed9ng l\u1ef1c \u0111\u1ec3 ch\u00fang t\u00f4i kh\u00f4ng ng\u1eebng ho\u00e0n thi\u1ec7n, ph\u1ee5c v\u1ee5 kh\u00e1ch h\u00e0ng t\u1ed1t nh\u1ea5t \u0111\u1ec3 x\u1ee9ng \u0111\u00e1ng v\u1edbi ni\u1ec1m tin v\u00e0 s\u1ef1 k\u1ef3 v\u1ecdng c\u1ee7a qu\u00fd kh\u00e1ch h\u00e0ng.\u00a0<\/span><span class=\"OYPEnA text-decoration-none text-strikethrough-none\">M\u1ecdi th\u00f4ng tin chi ti\u1ebft v\u1ec1 s\u1ea3n ph\u1ea9m, qu\u00fd kh\u00e1ch h\u00e0ng vui l\u00f2ng li\u00ean h\u1ec7 Hotline:<\/span><\/p>\n<p class=\"cvGsUA direction-ltr align-justify para-style-body\"><span class=\"OYPEnA text-decoration-none text-strikethrough-none\">+ 0915 586 234 &#8211; 0945 880 386 &#8211; 0972 498 386<\/span><\/p>\n\n\t\t<\/div>\n\t\t\t\t\t<\/div>\n\n\t\n\n<\/div>\n\t<section class=\"section\" id=\"section_6117499\">\n\t\t<div class=\"bg section-bg fill bg-fill  \" >\n\n\t\t\t\n\t\t\t\n\t\t\t\n\n\t\t<\/div>\n\n\t\t\n\n\t\t<div class=\"section-content relative\">\n\t\t\t\n\n\t<div id=\"text-4057103154\" class=\"text\">\n\t\t\n\n<p style=\"text-align: center;\"><strong>C\u00d4NG TY C\u1ed4 PH\u1ea6N \u0110\u1ea6U T\u01af &amp;TM TR\u01af\u1edcNG S\u01a0N<\/strong><\/p>\n<p style=\"text-align: center;\">\n\t\t\n<style>\n#text-4057103154 {\n  font-size: 1.2rem;\n  line-height: 1.3;\n  text-align: center;\n  color: rgb(255, 255, 255);\n}\n#text-4057103154 > * {\n  color: rgb(255, 255, 255);\n}\n<\/style>\n\t<\/div>\n\t\n<div class=\"row\"  id=\"row-1903294080\">\n\n\n\t<div id=\"col-1435937078\" class=\"col medium-4 small-12 large-4\"  >\n\t\t\t\t<div class=\"col-inner\"  >\n\t\t\t\n\t\t\t\n\n\t<div class=\"box has-hover   has-hover box-text-bottom\" >\n\n\t\t<div class=\"box-image\" style=\"width:25%;\">\n\t\t\t\t\t\t<div class=\"image-cover\" style=\"padding-top:100%;\">\n\t\t\t\t<img loading=\"lazy\" decoding=\"async\" width=\"200\" height=\"200\" src=\"http:\/\/www.chongthamtruongson.vn\/wp-content\/uploads\/2024\/06\/icon-dia-diem.png\" class=\"attachment- size-\" alt=\"\" \/>\t\t\t\t\t\t\t\t\t\t\t<\/div>\n\t\t\t\t\t<\/div>\n\n\t\t<div class=\"box-text text-center\" >\n\t\t\t<div class=\"box-text-inner\">\n\t\t\t\t\n\n\t<div id=\"text-955691723\" class=\"text\">\n\t\t\n\n<h4 style=\"text-align: center;\"><strong>Tr\u1ee5 s\u1edf<\/strong><\/h4>\n<p style=\"text-align: center;\">S\u1ed1 151 Th\u00f4i H\u1eefu, MB 1413 &#8211; P. \u0110\u00f4ng V\u1ec7 &#8211; TP. Thanh Ho\u00e1 &#8211; Thanh Ho\u00e1.<\/p>\n<h4 style=\"text-align: center;\"><strong>V\u0103n Ph\u00f2ng Ch\u00ednh<\/strong><\/h4>\n<p style=\"text-align: center;\">08 &#8211; B\u00f9i Kh\u1eafc Nh\u1ea5t &#8211; P. \u0110\u00f4ng H\u01b0\u01a1ng &#8211; TP. Thanh H\u00f3a<\/p>\n\t\t\n<style>\n#text-955691723 {\n  color: rgb(255, 255, 255);\n}\n#text-955691723 > * {\n  color: rgb(255, 255, 255);\n}\n<\/style>\n\t<\/div>\n\t\n\n\t\t\t<\/div>\n\t\t<\/div>\n\t<\/div>\n\t\n\n\t\t<\/div>\n\t\t\t\t\t<\/div>\n\n\t\n\n\t<div id=\"col-641351657\" class=\"col medium-4 small-12 large-4\"  >\n\t\t\t\t<div class=\"col-inner\"  >\n\t\t\t\n\t\t\t\n\n\t<div class=\"box has-hover   has-hover box-text-bottom\" >\n\n\t\t<div class=\"box-image\" style=\"width:25%;\">\n\t\t\t\t\t\t<div class=\"image-cover\" style=\"padding-top:100%;\">\n\t\t\t\t<img loading=\"lazy\" decoding=\"async\" width=\"200\" height=\"200\" src=\"http:\/\/www.chongthamtruongson.vn\/wp-content\/uploads\/2024\/06\/icon-dien-thoai.png\" class=\"attachment- size-\" alt=\"\" \/>\t\t\t\t\t\t\t\t\t\t\t<\/div>\n\t\t\t\t\t<\/div>\n\n\t\t<div class=\"box-text text-center\" >\n\t\t\t<div class=\"box-text-inner\">\n\t\t\t\t\n\n\t<div id=\"text-298734846\" class=\"text\">\n\t\t\n\n<h3 class=\"uppercase\" style=\"text-align: center;\">HoTLINE<\/h3>\n<p style=\"text-align: center;\">0984 822 123<\/p>\n<p style=\"text-align: center;\">0915 586 234 (Ph\u00f2ng K\u1ef9 Thu\u1eadt)<\/p>\n<p style=\"text-align: center;\">0972 498 386 (Ph\u00f2ng K\u1ebf To\u00e1n)<\/p>\n\t\t\n<style>\n#text-298734846 {\n  color: rgb(255, 255, 255);\n}\n#text-298734846 > * {\n  color: rgb(255, 255, 255);\n}\n<\/style>\n\t<\/div>\n\t\n\n\t\t\t<\/div>\n\t\t<\/div>\n\t<\/div>\n\t\n\n\t\t<\/div>\n\t\t\t\t\t<\/div>\n\n\t\n\n\t<div id=\"col-128988645\" class=\"col medium-4 small-12 large-4\"  >\n\t\t\t\t<div class=\"col-inner\"  >\n\t\t\t\n\t\t\t\n\n\t<div class=\"box has-hover   has-hover box-text-bottom\" >\n\n\t\t<div class=\"box-image\" style=\"width:25%;\">\n\t\t\t\t\t\t<div class=\"image-cover\" style=\"padding-top:100%;\">\n\t\t\t\t<img loading=\"lazy\" decoding=\"async\" width=\"200\" height=\"200\" src=\"http:\/\/www.chongthamtruongson.vn\/wp-content\/uploads\/2024\/06\/icon-email.png\" class=\"attachment- size-\" alt=\"\" \/>\t\t\t\t\t\t\t\t\t\t\t<\/div>\n\t\t\t\t\t<\/div>\n\n\t\t<div class=\"box-text text-center\" >\n\t\t\t<div class=\"box-text-inner\">\n\t\t\t\t\n\n\t<div id=\"text-3350317543\" class=\"text\">\n\t\t\n\n<h4 style=\"text-align: center;\"><strong>Email<\/strong><\/h4>\n<p style=\"text-align: center;\">chongthamthanhhoa.vn@gmail.com<\/p>\n\t\t\n<style>\n#text-3350317543 {\n  color: rgb(255, 255, 255);\n}\n#text-3350317543 > * {\n  color: rgb(255, 255, 255);\n}\n<\/style>\n\t<\/div>\n\t\n\n\t\t\t<\/div>\n\t\t<\/div>\n\t<\/div>\n\t\n\n\t\t<\/div>\n\t\t\t\t\t<\/div>\n\n\t\n\n<\/div>\n\n\t\t<\/div>\n\n\t\t\n<style>\n#section_6117499 {\n  padding-top: 30px;\n  padding-bottom: 30px;\n}\n#section_6117499 .section-bg.bg-loaded {\n  background-image: url(http:\/\/www.chongthamtruongson.vn\/wp-content\/uploads\/2024\/06\/background-2.jpg);\n}\n<\/style>\n\t<\/section>\n\t\n\n","protected":false},"excerpt":{"rendered":"","protected":false},"author":1,"featured_media":0,"parent":0,"menu_order":18,"comment_status":"closed","ping_status":"closed","template":"page-blank.php","meta":{"footnotes":""},"class_list":["post-49","page","type-page","status-publish","hentry"],"_links":{"self":[{"href":"http:\/\/www.chongthamtruongson.vn\/index.php?rest_route=\/wp\/v2\/pages\/49","targetHints":{"allow":["GET"]}}],"collection":[{"href":"http:\/\/www.chongthamtruongson.vn\/index.php?rest_route=\/wp\/v2\/pages"}],"about":[{"href":"http:\/\/www.chongthamtruongson.vn\/index.php?rest_route=\/wp\/v2\/types\/page"}],"author":[{"embeddable":true,"href":"http:\/\/www.chongthamtruongson.vn\/index.php?rest_route=\/wp\/v2\/users\/1"}],"replies":[{"embeddable":true,"href":"http:\/\/www.chongthamtruongson.vn\/index.php?rest_route=%2Fwp%2Fv2%2Fcomments&post=49"}],"version-history":[{"count":15,"href":"http:\/\/www.chongthamtruongson.vn\/index.php?rest_route=\/wp\/v2\/pages\/49\/revisions"}],"predecessor-version":[{"id":718,"href":"http:\/\/www.chongthamtruongson.vn\/index.php?rest_route=\/wp\/v2\/pages\/49\/revisions\/718"}],"wp:attachment":[{"href":"http:\/\/www.chongthamtruongson.vn\/index.php?rest_route=%2Fwp%2Fv2%2Fmedia&parent=49"}],"curies":[{"name":"wp","href":"https:\/\/api.w.org\/{rel}","templated":true}]}}